{"id":8743,"date":"2021-01-07T14:34:55","date_gmt":"2021-01-07T13:34:55","guid":{"rendered":"https:\/\/www-topparrangement.wp2.hcweb.dev\/?page_id=8743"},"modified":"2026-01-20T10:08:54","modified_gmt":"2026-01-20T09:08:54","slug":"foredrag-og-kurs","status":"publish","type":"page","link":"https:\/\/www-topparrangement.wp2.hcweb.dev\/en\/konferanse\/foredrag-og-kurs\/","title":{"rendered":"Lectures and courses"},"content":{"rendered":"\n\n<h2>\n\t\t\tInnhold som gj\u00f8r en forskjell &#8211; n\u00e5r faglig tyngde og formidling gir varig verdi\t<\/h2>\n\t<p>Kontakt oss p\u00e5 <a href=\"mailto:post@topparrangement.no\">post@topparrangement.no<\/a> eller ring\u00a0<a href=\"tel:90501418\">90 50 14 18<\/a>.<\/p>\n<figure itemscope itemtype=\"https:\/\/schema.org\/ImageObject\">\n\t\t\t\t<img decoding=\"async\" src=\"https:\/\/www-topparrangement.wp2.hcweb.dev\/wp-content\/uploads\/2026\/01\/Konferanse-Sola-Strand-Hotel-1.png\" alt=\"Konferanse Sola Strand Hotel\" height=\"1024\" width=\"1536\" title=\"Konferanse Sola Strand Hotel\" onerror=\"this.style.display='none'\" loading=\"lazy\" \/>\n\t<\/figure>\n\t<p><strong>Godt innhold<\/strong> er mer enn ord fra en scene. Det skaper forst\u00e5else, setter retning og gir ny energi tilbake til hverdagen. N\u00e5r innholdet treffer, blir konferansen mer enn et arrangement, den blir et vendepunkt.<\/p>\n<p><strong>Riktig innhold<\/strong> gir bedre beslutninger, sterkere samspill og tydeligere retning. Det gir deltakerne noe \u00e5 ta med seg videre, b\u00e5de faglig og menneskelig.<\/p>\n<p>Gjennom v\u00e5rt nettverk av erfarne foredragsholdere og kursholdere finner vi innhold som treffer m\u00e5lgruppen og form\u00e5let, og <strong>gir konferansen reell verdi.<\/strong><\/p>\n\t\t\t<h3>Send Foresp\u00f8rsel<\/h3>\n    <form id=\"wpforms-form-9135\" data-formid=\"9135\" method=\"post\" enctype=\"multipart\/form-data\" action=\"\/?page_id=8743&#038;fl_builder\" data-token=\"3e319338b73825f7e7e5e7c1f5720b1d\" data-token-time=\"1768900133\">Generelt kontaktskjemaPlease enable JavaScript in your browser to complete this form.<label for=\"wpforms-9135-field_6\">Navn *<\/label><input type=\"text\" id=\"wpforms-9135-field_6\" name=\"wpforms[fields][6]\" placeholder=\"Ditt navn\" required\/><label for=\"wpforms-9135-field_2\">E-post *<\/label><input type=\"email\" id=\"wpforms-9135-field_2\" name=\"wpforms[fields][2]\" placeholder=\"Deres e-post\" spellcheck=\"false\" required\/><label for=\"wpforms-9135-field_3\">Telefon  *<\/label><input type=\"number\" id=\"wpforms-9135-field_3\" name=\"wpforms[fields][3]\" placeholder=\"Ditt telefonnummer\" step=\"any\" required\/><label for=\"wpforms-9135-field_1\">Firma \/ avdeling<\/label><input type=\"text\" id=\"wpforms-9135-field_1\" name=\"wpforms[fields][1]\" placeholder=\"Skriv inn hvilket firma \/ avdeling det gjelder\"\/><label for=\"wpforms-9135-field_5\">Dato \/ sted<\/label><input type=\"text\" id=\"wpforms-9135-field_5\" name=\"wpforms[fields][5]\" placeholder=\"Fyll ut tid og sted for arragmenet\"\/><label for=\"wpforms-9135-field_7\">Melding<\/label><textarea id=\"wpforms-9135-field_7\" name=\"wpforms[fields][7]\" placeholder=\"Hva kan vi hjelpe deg med?\"><\/textarea><!-- .wpforms-field-container --><input type=\"hidden\" name=\"wpforms[recaptcha]\" value=\"\"\/><input type=\"hidden\" name=\"wpforms[id]\" value=\"9135\"\/>\t\t\t<input type=\"hidden\"\n\t\t\t\tname=\"wpforms[nonce]\"\n\t\t\t\tvalue=\"00e4de9065\"\n\t\t\t\/>\n\t\t\t<input type=\"hidden\" name=\"page_title\" value=\"Foredrag og kurs\"\/><input type=\"hidden\" name=\"page_url\" value=\"https:\/\/www-topparrangement.wp2.hcweb.dev\/?page_id=8743&#038;fl_builder\"\/><input type=\"hidden\" name=\"url_referer\" value=\"\"\/><input type=\"hidden\" name=\"page_id\" value=\"8743\"\/><input type=\"hidden\" name=\"wpforms[post_id]\" value=\"8743\"\/><button type=\"submit\" name=\"wpforms[submit]\" id=\"wpforms-submit-9135\" data-alt-text=\"Sender...\" data-submit-text=\"Send\" aria-live=\"assertive\" value=\"wpforms-submit\">Send<\/button><\/form>  <!-- .wpforms-container -->\n\t<h3>\n\t\t\t\t\tFelles\n\t\t\t\tPreview text\t\t\t\n\t\t\t<\/h3>\n\t<p>Med erfarne eksterne bidragsytere s\u00f8rger vi for faglig tyngde, engasjement og reell overf\u00f8ringsverdi til organisasjonen.<\/p>\n\n","protected":false},"excerpt":{"rendered":"<p>Innhold som gj\u00f8r en forskjell &#8211; n\u00e5r faglig tyngde og formidling gir varig verdi Kontakt oss p\u00e5 post@topparrangement.no eller ring\u00a090 50 14 18. Godt innhold er mer enn ord fra en scene. Det skaper forst\u00e5else, setter retning og gir ny energi tilbake til hverdagen. N\u00e5r innholdet treffer, blir konferansen mer enn et arrangement, den blir&hellip;<\/p>","protected":false},"author":1,"featured_media":8947,"parent":5834,"menu_order":42,"comment_status":"closed","ping_status":"closed","template":"","meta":{"_acf_changed":false,"footnotes":""},"class_list":["post-8743","page","type-page","status-publish","has-post-thumbnail","hentry"],"acf":[],"_links":{"self":[{"href":"https:\/\/www-topparrangement.wp2.hcweb.dev\/en\/wp-json\/wp\/v2\/pages\/8743","targetHints":{"allow":["GET"]}}],"collection":[{"href":"https:\/\/www-topparrangement.wp2.hcweb.dev\/en\/wp-json\/wp\/v2\/pages"}],"about":[{"href":"https:\/\/www-topparrangement.wp2.hcweb.dev\/en\/wp-json\/wp\/v2\/types\/page"}],"author":[{"embeddable":true,"href":"https:\/\/www-topparrangement.wp2.hcweb.dev\/en\/wp-json\/wp\/v2\/users\/1"}],"replies":[{"embeddable":true,"href":"https:\/\/www-topparrangement.wp2.hcweb.dev\/en\/wp-json\/wp\/v2\/comments?post=8743"}],"version-history":[{"count":11,"href":"https:\/\/www-topparrangement.wp2.hcweb.dev\/en\/wp-json\/wp\/v2\/pages\/8743\/revisions"}],"predecessor-version":[{"id":13752,"href":"https:\/\/www-topparrangement.wp2.hcweb.dev\/en\/wp-json\/wp\/v2\/pages\/8743\/revisions\/13752"}],"up":[{"embeddable":true,"href":"https:\/\/www-topparrangement.wp2.hcweb.dev\/en\/wp-json\/wp\/v2\/pages\/5834"}],"wp:featuredmedia":[{"embeddable":true,"href":"https:\/\/www-topparrangement.wp2.hcweb.dev\/en\/wp-json\/wp\/v2\/media\/8947"}],"wp:attachment":[{"href":"https:\/\/www-topparrangement.wp2.hcweb.dev\/en\/wp-json\/wp\/v2\/media?parent=8743"}],"curies":[{"name":"wp","href":"https:\/\/api.w.org\/{rel}","templated":true}]}}