{"id":8273,"date":"2020-05-27T14:05:52","date_gmt":"2020-05-27T12:05:52","guid":{"rendered":"https:\/\/www-topparrangement.wp2.hcweb.dev\/?page_id=8273"},"modified":"2026-01-19T15:35:30","modified_gmt":"2026-01-19T14:35:30","slug":"vare-tjenester","status":"publish","type":"page","link":"https:\/\/www-topparrangement.wp2.hcweb.dev\/en\/vare-tjenester\/","title":{"rendered":"Our services"},"content":{"rendered":"\n\n\t<h2>Topp arrangement AS er et eventbyr\u00e5 og totalleverand\u00f8r av arrangementer for bedrifter.<\/h2>\n\t<h2>Rammen rundt de gode opplevelsene<\/h2>\n\t<p>Kontakt oss p\u00e5 <a href=\"mailto:post@topparrangement.no\">post@topparrangement.no<\/a> eller ring\u00a0<a href=\"tel:90501418\">90 50 14 18<\/a>.<\/p>\n\t\t\t\t\t\t<a href=\"https:\/\/www-topparrangement.wp2.hcweb.dev\/event\/\" target=\"_self\">\n\t\t\t\tEvents\t\t\t<\/a>\n\t\t\t\t\t\t<a href=\"https:\/\/www-topparrangement.wp2.hcweb.dev\/konferanse\/\" target=\"_self\">\n\t\t\t\tKonferanse\t\t\t<\/a>\n\t<h2>Vi formidler rett underholding<\/h2>\n\t\t\t\t\t\t<a href=\"https:\/\/www-topparrangement.wp2.hcweb.dev\/kategori\/artistformidling\/komikere\/\" target=\"_self\">\n\t\t\t\tKomikere\t\t\t<\/a>\n\t\t\t\t\t\t<a href=\"https:\/\/www-topparrangement.wp2.hcweb.dev\/kategori\/artistformidling\/band-trubadur-og-dj\/\" target=\"_self\">\n\t\t\t\tAfterparty\t\t\t<\/a>\n\t\t\t\t\t\t<a href=\"https:\/\/www-topparrangement.wp2.hcweb.dev\/kategori\/artistformidling\/artister\/\" target=\"_self\">\n\t\t\t\tArtister\t\t\t<\/a>\n\t\t\t\t\t\t<a href=\"https:\/\/www-topparrangement.wp2.hcweb.dev\/kategori\/artistformidling\/dinnershow\/\" target=\"_self\">\n\t\t\t\tDinnershow\t\t\t<\/a>\n\t<h2>Teambuilding og faglig p\u00e5fyll<\/h2>\n\t\t\t\t\t\t<a href=\"https:\/\/www-topparrangement.wp2.hcweb.dev\/event\/teambuilding\/\" target=\"_self\">\n\t\t\t\tTeambuilding\t\t\t<\/a>\n\t\t\t\t\t\t<a href=\"https:\/\/www-topparrangement.wp2.hcweb.dev\/konferanse\/foredrag-og-kurs\/\" target=\"_self\">\n\t\t\t\tForedrag og kurs\t\t\t<\/a>\n\t<h3>Som eventbyr\u00e5 leverer vi arrangementer med h\u00f8y kvalitet, kreativitet og presis koordinering som skaper sterke opplevelser og bygger kultur i organisasjoner.<\/h3>\n\t\t\t<h3>Send Foresp\u00f8rsel<\/h3>\n    <form id=\"wpforms-form-9135\" data-formid=\"9135\" method=\"post\" enctype=\"multipart\/form-data\" action=\"\/?page_id=8273&#038;fl_builder\" data-token=\"4e2ebd17e289380ee7dba4f235269e0d\" data-token-time=\"1768833330\">Please enable JavaScript in your browser to complete this form.<label for=\"wpforms-9135-field_6\">Navn *<\/label><input type=\"text\" id=\"wpforms-9135-field_6\" name=\"wpforms[fields][6]\" placeholder=\"Ditt navn\" required\/><label for=\"wpforms-9135-field_2\">E-post *<\/label><input type=\"email\" id=\"wpforms-9135-field_2\" name=\"wpforms[fields][2]\" placeholder=\"Deres e-post\" spellcheck=\"false\" required\/><label for=\"wpforms-9135-field_3\">Telefon  *<\/label><input type=\"number\" id=\"wpforms-9135-field_3\" name=\"wpforms[fields][3]\" placeholder=\"Ditt telefonnummer\" step=\"any\" required\/><label for=\"wpforms-9135-field_1\">Firma \/ avdeling<\/label><input type=\"text\" id=\"wpforms-9135-field_1\" name=\"wpforms[fields][1]\" placeholder=\"Skriv inn hvilket firma \/ avdeling det gjelder\"\/><label for=\"wpforms-9135-field_5\">Dato \/ sted<\/label><input type=\"text\" id=\"wpforms-9135-field_5\" name=\"wpforms[fields][5]\" placeholder=\"Fyll ut tid og sted for arragmenet\"\/><label for=\"wpforms-9135-field_7\">Melding<\/label><textarea id=\"wpforms-9135-field_7\" name=\"wpforms[fields][7]\" placeholder=\"Hva kan vi hjelpe deg med?\"><\/textarea><!-- .wpforms-field-container --><input type=\"hidden\" name=\"wpforms[recaptcha]\" value=\"\"\/><input type=\"hidden\" name=\"wpforms[id]\" value=\"9135\"\/>\t\t\t<input type=\"hidden\"\n\t\t\t\tname=\"wpforms[nonce]\"\n\t\t\t\tvalue=\"381441776d\"\n\t\t\t\/>\n\t\t\t<input type=\"hidden\" name=\"page_title\" value=\"V\u00e5re tjenester\"\/><input type=\"hidden\" name=\"page_url\" value=\"https:\/\/www-topparrangement.wp2.hcweb.dev\/?page_id=8273&#038;fl_builder\"\/><input type=\"hidden\" name=\"url_referer\" value=\"\"\/><input type=\"hidden\" name=\"page_id\" value=\"8273\"\/><input type=\"hidden\" name=\"wpforms[post_id]\" value=\"8273\"\/><button type=\"submit\" name=\"wpforms[submit]\" id=\"wpforms-submit-9135\" data-alt-text=\"Sender...\" data-submit-text=\"Send\" aria-live=\"assertive\" value=\"wpforms-submit\">Send<\/button><\/form>  <!-- .wpforms-container -->\n\n","protected":false},"excerpt":{"rendered":"<p>Topp arrangement AS er et eventbyr\u00e5 og totalleverand\u00f8r av arrangementer for bedrifter. Rammen rundt de gode opplevelsene Kontakt oss p\u00e5 post@topparrangement.no eller ring\u00a090 50 14 18. Events Konferanse Vi formidler rett underholding Komikere Afterparty Artister Dinnershow Teambuilding og faglig p\u00e5fyll Teambuilding Foredrag og kurs Som eventbyr\u00e5 leverer vi arrangementer med h\u00f8y kvalitet, kreativitet og presis&hellip;<\/p>","protected":false},"author":1,"featured_media":12888,"parent":0,"menu_order":63,"comment_status":"closed","ping_status":"closed","template":"","meta":{"_acf_changed":false,"footnotes":""},"class_list":["post-8273","page","type-page","status-publish","has-post-thumbnail","hentry"],"acf":[],"_links":{"self":[{"href":"https:\/\/www-topparrangement.wp2.hcweb.dev\/en\/wp-json\/wp\/v2\/pages\/8273","targetHints":{"allow":["GET"]}}],"collection":[{"href":"https:\/\/www-topparrangement.wp2.hcweb.dev\/en\/wp-json\/wp\/v2\/pages"}],"about":[{"href":"https:\/\/www-topparrangement.wp2.hcweb.dev\/en\/wp-json\/wp\/v2\/types\/page"}],"author":[{"embeddable":true,"href":"https:\/\/www-topparrangement.wp2.hcweb.dev\/en\/wp-json\/wp\/v2\/users\/1"}],"replies":[{"embeddable":true,"href":"https:\/\/www-topparrangement.wp2.hcweb.dev\/en\/wp-json\/wp\/v2\/comments?post=8273"}],"version-history":[{"count":11,"href":"https:\/\/www-topparrangement.wp2.hcweb.dev\/en\/wp-json\/wp\/v2\/pages\/8273\/revisions"}],"predecessor-version":[{"id":13663,"href":"https:\/\/www-topparrangement.wp2.hcweb.dev\/en\/wp-json\/wp\/v2\/pages\/8273\/revisions\/13663"}],"wp:featuredmedia":[{"embeddable":true,"href":"https:\/\/www-topparrangement.wp2.hcweb.dev\/en\/wp-json\/wp\/v2\/media\/12888"}],"wp:attachment":[{"href":"https:\/\/www-topparrangement.wp2.hcweb.dev\/en\/wp-json\/wp\/v2\/media?parent=8273"}],"curies":[{"name":"wp","href":"https:\/\/api.w.org\/{rel}","templated":true}]}}