{"id":7729,"date":"2020-05-04T15:38:11","date_gmt":"2020-05-04T13:38:11","guid":{"rendered":"https:\/\/www-topparrangement.wp2.hcweb.dev\/?page_id=7729"},"modified":"2026-01-20T10:11:53","modified_gmt":"2026-01-20T09:11:53","slug":"teambuilding","status":"publish","type":"page","link":"https:\/\/www-topparrangement.wp2.hcweb.dev\/en\/event\/teambuilding\/","title":{"rendered":"Teambuilding"},"content":{"rendered":"\n\n<h2>\n\t\t\tN\u00e5r opplevelser bygger kultur, fellesskap og sterke team.\t<\/h2>\n\t<p>Kontakt oss p\u00e5 <a href=\"mailto:post@topparrangement.no\">post@topparrangement.no<\/a> eller ring\u00a0<a href=\"tel:90501418\">90 50 14 18<\/a>.<\/p>\n<figure itemscope itemtype=\"https:\/\/schema.org\/ImageObject\">\n\t\t\t\t<img decoding=\"async\" src=\"https:\/\/www-topparrangement.wp2.hcweb.dev\/wp-content\/uploads\/2026\/01\/teambuilding-2.png\" alt=\"teambuilding\" height=\"1024\" width=\"1536\" title=\"teambuilding\" onerror=\"this.style.display='none'\" loading=\"lazy\" \/>\n\t<\/figure>\n\tVi skreddersyr teambuildingkonsepter, fra helhetlige dag, og kvelds opplegg til enkeltst\u00e5ende aktiviteter og turer, alltid tilpasset form\u00e5l, rammer og gruppe.\nSterke team bygges gjennom opplevelser, felles mestring og rom for \u00e5 bli kjent p\u00e5 nye m\u00e5ter. N\u00e5r kolleger m\u00f8tes utenfor hverdagen, styrkes b\u00e5de tillit, samspill og arbeidsglede.\nAlle konsepter tilrettelegges slik at alle kan delta, uavhengig av alder, erfaring og fysisk form.\n\t\t\t<h3>Send Foresp\u00f8rsel<\/h3>\n    <form id=\"wpforms-form-9135\" data-formid=\"9135\" method=\"post\" enctype=\"multipart\/form-data\" action=\"\/?page_id=7729&#038;fl_builder\" data-token=\"3e319338b73825f7e7e5e7c1f5720b1d\" data-token-time=\"1768900313\">Generelt kontaktskjemaPlease enable JavaScript in your browser to complete this form.<label for=\"wpforms-9135-field_6\">Navn *<\/label><input type=\"text\" id=\"wpforms-9135-field_6\" name=\"wpforms[fields][6]\" placeholder=\"Ditt navn\" required\/><label for=\"wpforms-9135-field_2\">E-post *<\/label><input type=\"email\" id=\"wpforms-9135-field_2\" name=\"wpforms[fields][2]\" placeholder=\"Deres e-post\" spellcheck=\"false\" required\/><label for=\"wpforms-9135-field_3\">Telefon  *<\/label><input type=\"number\" id=\"wpforms-9135-field_3\" name=\"wpforms[fields][3]\" placeholder=\"Ditt telefonnummer\" step=\"any\" required\/><label for=\"wpforms-9135-field_1\">Firma \/ avdeling<\/label><input type=\"text\" id=\"wpforms-9135-field_1\" name=\"wpforms[fields][1]\" placeholder=\"Skriv inn hvilket firma \/ avdeling det gjelder\"\/><label for=\"wpforms-9135-field_5\">Dato \/ sted<\/label><input type=\"text\" id=\"wpforms-9135-field_5\" name=\"wpforms[fields][5]\" placeholder=\"Fyll ut tid og sted for arragmenet\"\/><label for=\"wpforms-9135-field_7\">Melding<\/label><textarea id=\"wpforms-9135-field_7\" name=\"wpforms[fields][7]\" placeholder=\"Hva kan vi hjelpe deg med?\"><\/textarea><!-- .wpforms-field-container --><input type=\"hidden\" name=\"wpforms[recaptcha]\" value=\"\"\/><input type=\"hidden\" name=\"wpforms[id]\" value=\"9135\"\/>\t\t\t<input type=\"hidden\"\n\t\t\t\tname=\"wpforms[nonce]\"\n\t\t\t\tvalue=\"00e4de9065\"\n\t\t\t\/>\n\t\t\t<input type=\"hidden\" name=\"page_title\" value=\"Teambuilding\"\/><input type=\"hidden\" name=\"page_url\" value=\"https:\/\/www-topparrangement.wp2.hcweb.dev\/?page_id=7729&#038;fl_builder\"\/><input type=\"hidden\" name=\"url_referer\" value=\"\"\/><input type=\"hidden\" name=\"page_id\" value=\"7729\"\/><input type=\"hidden\" name=\"wpforms[post_id]\" value=\"7729\"\/><button type=\"submit\" name=\"wpforms[submit]\" id=\"wpforms-submit-9135\" data-alt-text=\"Sender...\" data-submit-text=\"Send\" aria-live=\"assertive\" value=\"wpforms-submit\">Send<\/button><\/form>  <!-- .wpforms-container -->\n\t<h3>\n\t\t\t\t\tFelles\n\t\t\t\tPreview text\t\t\t\n\t\t\t<\/h3>\n\t<p>N\u00e5r mennesker deler opplevelser, bygges felles kultur. Det skal v\u00e6re inkluderende, uformelt og gi rom for \u00e5 v\u00e6re seg selv, sammen.<\/p>\n\n","protected":false},"excerpt":{"rendered":"<p>N\u00e5r opplevelser bygger kultur, fellesskap og sterke team. Kontakt oss p\u00e5 post@topparrangement.no eller ring\u00a090 50 14 18. Vi skreddersyr teambuildingkonsepter, fra helhetlige dag, og kvelds opplegg til enkeltst\u00e5ende aktiviteter og turer, alltid tilpasset form\u00e5l, rammer og gruppe. Sterke team bygges gjennom opplevelser, felles mestring og rom for \u00e5 bli kjent p\u00e5 nye m\u00e5ter. N\u00e5r kolleger&hellip;<\/p>","protected":false},"author":1,"featured_media":12933,"parent":4985,"menu_order":25,"comment_status":"closed","ping_status":"closed","template":"","meta":{"_acf_changed":false,"footnotes":""},"class_list":["post-7729","page","type-page","status-publish","has-post-thumbnail","hentry"],"acf":[],"_links":{"self":[{"href":"https:\/\/www-topparrangement.wp2.hcweb.dev\/en\/wp-json\/wp\/v2\/pages\/7729","targetHints":{"allow":["GET"]}}],"collection":[{"href":"https:\/\/www-topparrangement.wp2.hcweb.dev\/en\/wp-json\/wp\/v2\/pages"}],"about":[{"href":"https:\/\/www-topparrangement.wp2.hcweb.dev\/en\/wp-json\/wp\/v2\/types\/page"}],"author":[{"embeddable":true,"href":"https:\/\/www-topparrangement.wp2.hcweb.dev\/en\/wp-json\/wp\/v2\/users\/1"}],"replies":[{"embeddable":true,"href":"https:\/\/www-topparrangement.wp2.hcweb.dev\/en\/wp-json\/wp\/v2\/comments?post=7729"}],"version-history":[{"count":11,"href":"https:\/\/www-topparrangement.wp2.hcweb.dev\/en\/wp-json\/wp\/v2\/pages\/7729\/revisions"}],"predecessor-version":[{"id":13754,"href":"https:\/\/www-topparrangement.wp2.hcweb.dev\/en\/wp-json\/wp\/v2\/pages\/7729\/revisions\/13754"}],"up":[{"embeddable":true,"href":"https:\/\/www-topparrangement.wp2.hcweb.dev\/en\/wp-json\/wp\/v2\/pages\/4985"}],"wp:featuredmedia":[{"embeddable":true,"href":"https:\/\/www-topparrangement.wp2.hcweb.dev\/en\/wp-json\/wp\/v2\/media\/12933"}],"wp:attachment":[{"href":"https:\/\/www-topparrangement.wp2.hcweb.dev\/en\/wp-json\/wp\/v2\/media?parent=7729"}],"curies":[{"name":"wp","href":"https:\/\/api.w.org\/{rel}","templated":true}]}}