{"id":7723,"date":"2020-05-04T15:29:50","date_gmt":"2020-05-04T13:29:50","guid":{"rendered":"https:\/\/www-topparrangement.wp2.hcweb.dev\/?page_id=7723"},"modified":"2026-01-13T15:29:43","modified_gmt":"2026-01-13T14:29:43","slug":"temafest","status":"publish","type":"page","link":"https:\/\/www-topparrangement.wp2.hcweb.dev\/en\/event\/temafest\/","title":{"rendered":"Theme party"},"content":{"rendered":"\n<h1  data-animation-delay=\"\" data-animation-duration=\"1\">\n\t\t\t\t<\/h1>\n<h2>\n\t\t\tTemafest er en innertier i b\u00e5de vennegjengen og blant kollegaer. Book temafest og la oss ordne resten! \t<\/h2>\n<figure data-animation-delay=\"0\" data-animation-duration=\"1\" itemscope itemtype=\"https:\/\/schema.org\/ImageObject\">\n\t\t\t\t<img decoding=\"async\" src=\"https:\/\/www-topparrangement.wp2.hcweb.dev\/wp-content\/uploads\/2020\/05\/DSC8585-scaled.jpg\" alt=\"www.topparrangement.no\" height=\"2560\" width=\"1707\" title=\"Gatsby Night\" onerror=\"this.style.display='none'\" loading=\"lazy\" \/>\n\t<\/figure>\n\t<h3>V\u00e5re mest popul\u00e6re temafester<\/h3>\n<p>&nbsp;<\/p>\n<ul>\n<li>Gatsby Night &#8211; Tjuetallets glamour gjenskapes<\/li>\n<li>Fly With Show De Vida &#8211; En reise til ulike destinasjoner<\/li>\n<li>A Magic Night &#8211; Magi, humor og galskap<\/li>\n<li>Hollywood aften med awards, show og dans<\/li>\n<li>Oktoberfest &#8211; Lederhosen, lyslenker, ompaband &amp; allsang<\/li>\n<li>Gamblers Night -Casinoet \u00e5pner og dealerne st\u00e5r klare<\/li>\n<li>Brasiliansk aften med samba, grill og heftige rytmer<\/li>\n<li>James Bond 007, en kveld med action og show<\/li>\n<li>Eksotisk aften med Sultan Ali og dansshow fra &#8220;1001 natt&#8221;<\/li>\n<\/ul>\n<p>&nbsp;<\/p>\n<p>Send oss en uforpliktet foresp\u00f8rsel via skjemaet nedenfor eller klikk deg inn p\u00e5 de ulike konseptene i bildekarusellen nedenfor om du \u00f8nsker mer info.<\/p>\n\t\t\t<h3>Send Foresp\u00f8rsel<\/h3>\n    <form id=\"wpforms-form-9135\" data-formid=\"9135\" method=\"post\" enctype=\"multipart\/form-data\" action=\"\/?page_id=7723&#038;fl_builder\" data-token=\"cc9bce863ae2ddfa09225031352f7e57\" data-token-time=\"1768314583\">Generelt kontaktskjemaPlease enable JavaScript in your browser to complete this form.<label for=\"wpforms-9135-field_6\">Navn *<\/label><input type=\"text\" id=\"wpforms-9135-field_6\" name=\"wpforms[fields][6]\" placeholder=\"Ditt navn\" required\/><label for=\"wpforms-9135-field_2\">E-post *<\/label><input type=\"email\" id=\"wpforms-9135-field_2\" name=\"wpforms[fields][2]\" placeholder=\"Deres e-post\" spellcheck=\"false\" required\/><label for=\"wpforms-9135-field_3\">Telefon  *<\/label><input type=\"number\" id=\"wpforms-9135-field_3\" name=\"wpforms[fields][3]\" placeholder=\"Ditt telefonnummer\" step=\"any\" required\/><label for=\"wpforms-9135-field_1\">Firma \/ avdeling<\/label><input type=\"text\" id=\"wpforms-9135-field_1\" name=\"wpforms[fields][1]\" placeholder=\"Skriv inn hvilket firma \/ avdeling det gjelder\"\/><label for=\"wpforms-9135-field_5\">Dato \/ sted<\/label><input type=\"text\" id=\"wpforms-9135-field_5\" name=\"wpforms[fields][5]\" placeholder=\"Fyll ut tid og sted for arragmenet\"\/><label for=\"wpforms-9135-field_7\">Melding<\/label><textarea id=\"wpforms-9135-field_7\" name=\"wpforms[fields][7]\" placeholder=\"Hva kan vi hjelpe deg med?\"><\/textarea><!-- .wpforms-field-container --><input type=\"hidden\" name=\"wpforms[recaptcha]\" value=\"\"\/><input type=\"hidden\" name=\"wpforms[id]\" value=\"9135\"\/>\t\t\t<input type=\"hidden\"\n\t\t\t\tname=\"wpforms[nonce]\"\n\t\t\t\tvalue=\"38586e5e40\"\n\t\t\t\/>\n\t\t\t<input type=\"hidden\" name=\"page_title\" value=\"Temafest\"\/><input type=\"hidden\" name=\"page_url\" value=\"https:\/\/www-topparrangement.wp2.hcweb.dev\/?page_id=7723&#038;fl_builder\"\/><input type=\"hidden\" name=\"url_referer\" value=\"\"\/><input type=\"hidden\" name=\"page_id\" value=\"7723\"\/><input type=\"hidden\" name=\"wpforms[post_id]\" value=\"7723\"\/><button type=\"submit\" name=\"wpforms[submit]\" id=\"wpforms-submit-9135\" data-alt-text=\"Sender...\" data-submit-text=\"Send\" aria-live=\"assertive\" value=\"wpforms-submit\">Send<\/button><\/form>  <!-- .wpforms-container -->\n<figure data-animation-delay=\"0\" data-animation-duration=\"1\" itemscope itemtype=\"https:\/\/schema.org\/ImageObject\">\n\t\t\t\t<img decoding=\"async\" src=\"https:\/\/www-topparrangement.wp2.hcweb.dev\/wp-content\/uploads\/2021\/04\/1001natt2.jpg\" alt=\"1001natt2\" height=\"1460\" width=\"1280\" title=\"1001natt2\" onerror=\"this.style.display='none'\" loading=\"lazy\" \/>\n\t<\/figure>\n\t<p>Skap uforglemmelige bedriftsopplevelser med v\u00e5re spektakul\u00e6re temafester! Enten det er \u00e5 styrke teamets samhold eller imponere kunder, er v\u00e5re temafester en sikker suksess. Reis gjennom tid og kulturer, fra glamor\u00f8se &#8220;Gatsby Nights&#8221; til latterfylt magi med &#8220;A Magic Night&#8221; Bes\u00f8k ulike land hvor b\u00e5de underholdning og mat er skreddersydd til hver destinasjon. Kun fantasien setter grenser for hvilken tematikk dere \u00f8nsker \u00e5 utforske. La oss ta h\u00e5nd om alle detaljene slik at du kan fokusere p\u00e5 \u00e5 nyte kvelden sammen med kollegaer og kunder. Velkommen til uforglemmelige opplevelser med v\u00e5re temafester!<\/p>\n\t<p>Ta <a href=\"https:\/\/www-topparrangement.wp2.hcweb.dev\/kontakt\/\">kontakt<\/a> for en prat og vi skreddersyr deretter et uforpliktet konsept tilbud til deg og ditt firma. I samarbeid med deg skaper vi magi p\u00e5 deres neste arrangement!<\/p>\n\t<p>Ring oss p\u00e5 <a href=\"tel:90501418\">90 50 14 18<\/a>. \u00a0 E-post: <a href=\"mailto:post@topparrangement.no\">post@topparrangement.no<\/a><\/p>\n<h3>\n\t\t\tForslag til temafester\t<\/h3>\n\t<p>(klikk deg inn p\u00e5 \u00f8nsket tema for mer info)<\/p>\n\n","protected":false},"excerpt":{"rendered":"<p>Temafest er en innertier i b\u00e5de vennegjengen og blant kollegaer. Book temafest og la oss ordne resten! V\u00e5re mest popul\u00e6re temafester &nbsp; Gatsby Night &#8211; Tjuetallets glamour gjenskapes Fly With Show De Vida &#8211; En reise til ulike destinasjoner A Magic Night &#8211; Magi, humor og galskap Hollywood aften med awards, show og dans Oktoberfest&hellip;<\/p>","protected":false},"author":1,"featured_media":1340,"parent":4985,"menu_order":26,"comment_status":"closed","ping_status":"closed","template":"","meta":{"_acf_changed":false,"footnotes":""},"class_list":["post-7723","page","type-page","status-publish","has-post-thumbnail","hentry"],"acf":[],"_links":{"self":[{"href":"https:\/\/www-topparrangement.wp2.hcweb.dev\/en\/wp-json\/wp\/v2\/pages\/7723","targetHints":{"allow":["GET"]}}],"collection":[{"href":"https:\/\/www-topparrangement.wp2.hcweb.dev\/en\/wp-json\/wp\/v2\/pages"}],"about":[{"href":"https:\/\/www-topparrangement.wp2.hcweb.dev\/en\/wp-json\/wp\/v2\/types\/page"}],"author":[{"embeddable":true,"href":"https:\/\/www-topparrangement.wp2.hcweb.dev\/en\/wp-json\/wp\/v2\/users\/1"}],"replies":[{"embeddable":true,"href":"https:\/\/www-topparrangement.wp2.hcweb.dev\/en\/wp-json\/wp\/v2\/comments?post=7723"}],"version-history":[{"count":4,"href":"https:\/\/www-topparrangement.wp2.hcweb.dev\/en\/wp-json\/wp\/v2\/pages\/7723\/revisions"}],"predecessor-version":[{"id":13188,"href":"https:\/\/www-topparrangement.wp2.hcweb.dev\/en\/wp-json\/wp\/v2\/pages\/7723\/revisions\/13188"}],"up":[{"embeddable":true,"href":"https:\/\/www-topparrangement.wp2.hcweb.dev\/en\/wp-json\/wp\/v2\/pages\/4985"}],"wp:featuredmedia":[{"embeddable":true,"href":"https:\/\/www-topparrangement.wp2.hcweb.dev\/en\/wp-json\/wp\/v2\/media\/1340"}],"wp:attachment":[{"href":"https:\/\/www-topparrangement.wp2.hcweb.dev\/en\/wp-json\/wp\/v2\/media?parent=7723"}],"curies":[{"name":"wp","href":"https:\/\/api.w.org\/{rel}","templated":true}]}}