{"id":7716,"date":"2020-05-04T15:20:30","date_gmt":"2020-05-04T13:20:30","guid":{"rendered":"https:\/\/www-topparrangement.wp2.hcweb.dev\/?page_id=7716"},"modified":"2026-01-13T15:29:54","modified_gmt":"2026-01-13T14:29:54","slug":"familiedag","status":"publish","type":"page","link":"https:\/\/www-topparrangement.wp2.hcweb.dev\/en\/event\/familiedag\/","title":{"rendered":"Family day"},"content":{"rendered":"\n\n<h2>\n\t\t\t Vi skreddersyr en kjekk familiedag for b\u00e5de store og sm\u00e5. Mange firma \u00f8nsker \u00e5 ha familie arrangement p\u00e5 eget bygg \/ egne lokaler, dette slik at resten av familien f\u00e5r sett hvor mor eller far jobber.   \t<\/h2>\n<figure data-animation-delay=\"0\" data-animation-duration=\"1\" itemscope itemtype=\"https:\/\/schema.org\/ImageObject\">\n\t\t\t\t<img decoding=\"async\" src=\"https:\/\/www-topparrangement.wp2.hcweb.dev\/wp-content\/uploads\/2015\/07\/Davidopo.jpg\" alt=\"Davidopo\" height=\"661\" width=\"1049\" title=\"Davidopo\" onerror=\"this.style.display='none'\" loading=\"lazy\" \/>\n\t<\/figure>\n\t<p>Ved et samarbeid med oss i Topp Arrangement blir vi ditt kontaktpunkt, mens vi tar oss alt av planlegging med alle de andre. Vi vil ogs\u00e5 ha en egen prosjektleder tilstede under arrangementet for gjennomf\u00f8ringen slik at du kan bruke tiden p\u00e5 gjestene.<\/p>\n<h3>Vi kan blant annet bist\u00e5 med:<\/h3>\n<ul>\n<li>Underholdning for store og sm\u00e5<\/li>\n<li>Tekniskproduksjon som scene og lyd<\/li>\n<li>Catering, mat og drikke<\/li>\n<li>Ansiktsmaling<\/li>\n<li>Hoppeslott<\/li>\n<li>Aktiviteter<\/li>\n<li>Sukkerspinn, popcorn og slush<\/li>\n<li>Oppsett av kj\u00f8replan<\/li>\n<li>Planlegging og koordinering<\/li>\n<li>Gjennomf\u00f8ring.<\/li>\n<\/ul>\n\t\t\t<h3>Send Foresp\u00f8rsel<\/h3>\n    <form id=\"wpforms-form-9135\" data-formid=\"9135\" method=\"post\" enctype=\"multipart\/form-data\" action=\"\/?page_id=7716&#038;fl_builder\" data-token=\"cc9bce863ae2ddfa09225031352f7e57\" data-token-time=\"1768314594\">Generelt kontaktskjemaPlease enable JavaScript in your browser to complete this form.<label for=\"wpforms-9135-field_6\">Navn *<\/label><input type=\"text\" id=\"wpforms-9135-field_6\" name=\"wpforms[fields][6]\" placeholder=\"Ditt navn\" required\/><label for=\"wpforms-9135-field_2\">E-post *<\/label><input type=\"email\" id=\"wpforms-9135-field_2\" name=\"wpforms[fields][2]\" placeholder=\"Deres e-post\" spellcheck=\"false\" required\/><label for=\"wpforms-9135-field_3\">Telefon  *<\/label><input type=\"number\" id=\"wpforms-9135-field_3\" name=\"wpforms[fields][3]\" placeholder=\"Ditt telefonnummer\" step=\"any\" required\/><label for=\"wpforms-9135-field_1\">Firma \/ avdeling<\/label><input type=\"text\" id=\"wpforms-9135-field_1\" name=\"wpforms[fields][1]\" placeholder=\"Skriv inn hvilket firma \/ avdeling det gjelder\"\/><label for=\"wpforms-9135-field_5\">Dato \/ sted<\/label><input type=\"text\" id=\"wpforms-9135-field_5\" name=\"wpforms[fields][5]\" placeholder=\"Fyll ut tid og sted for arragmenet\"\/><label for=\"wpforms-9135-field_7\">Melding<\/label><textarea id=\"wpforms-9135-field_7\" name=\"wpforms[fields][7]\" placeholder=\"Hva kan vi hjelpe deg med?\"><\/textarea><!-- .wpforms-field-container --><input type=\"hidden\" name=\"wpforms[recaptcha]\" value=\"\"\/><input type=\"hidden\" name=\"wpforms[id]\" value=\"9135\"\/>\t\t\t<input type=\"hidden\"\n\t\t\t\tname=\"wpforms[nonce]\"\n\t\t\t\tvalue=\"38586e5e40\"\n\t\t\t\/>\n\t\t\t<input type=\"hidden\" name=\"page_title\" value=\"Familiedag\"\/><input type=\"hidden\" name=\"page_url\" value=\"https:\/\/www-topparrangement.wp2.hcweb.dev\/?page_id=7716&#038;fl_builder\"\/><input type=\"hidden\" name=\"url_referer\" value=\"\"\/><input type=\"hidden\" name=\"page_id\" value=\"7716\"\/><input type=\"hidden\" name=\"wpforms[post_id]\" value=\"7716\"\/><button type=\"submit\" name=\"wpforms[submit]\" id=\"wpforms-submit-9135\" data-alt-text=\"Sender...\" data-submit-text=\"Send\" aria-live=\"assertive\" value=\"wpforms-submit\">Send<\/button><\/form>  <!-- .wpforms-container -->\n<figure data-animation-delay=\"0\" data-animation-duration=\"1\" itemscope itemtype=\"https:\/\/schema.org\/ImageObject\">\n\t\t\t\t<img decoding=\"async\" src=\"https:\/\/www-topparrangement.wp2.hcweb.dev\/wp-content\/uploads\/2015\/07\/Ove.jpg\" alt=\"Ove\" height=\"770\" width=\"1287\" title=\"Ove\" onerror=\"this.style.display='none'\" loading=\"lazy\" \/>\n\t<\/figure>\n\t<p>Bli med p\u00e5 en minnerik familiedag skreddersydd for din bedrift! Vi skaper en uforglemmelig dag for b\u00e5de store og sm\u00e5. Fra underholdning som fenger alle aldre, kreative aktiviteter i hobbykroken, ansiktsmaling, imponerende sjonglering og en overflod av s\u00f8tsaker p\u00e5 Barnas marked med sukkerspinn, popcorn og forfriskende slush. Med en dedikert prosjektleder til stede under arrangementet, kan du v\u00e6re trygg p\u00e5 at alt g\u00e5r knirkefritt. La oss ta oss av logistikken, koordineringen og utf\u00f8relsen, slik at du kan nyte hvert \u00f8yeblikk.<\/p>\n\t<p>Ta <a href=\"https:\/\/www-topparrangement.wp2.hcweb.dev\/kontakt\/\">kontakt<\/a> for en prat og vi skreddersyr deretter et uforpliktet konsept tilbud til deg og ditt firma. I samarbeid med deg skaper vi magi p\u00e5 deres neste arrangement!<\/p>\n\t<p>Ring oss p\u00e5 <a href=\"tel:90501418\">90 50 14 18<\/a>. \u00a0 E-post: <a href=\"mailto:post@topparrangement.no\">post@topparrangement.no<\/a><\/p>\n\n","protected":false},"excerpt":{"rendered":"<p>Vi skreddersyr en kjekk familiedag for b\u00e5de store og sm\u00e5. Mange firma \u00f8nsker \u00e5 ha familie arrangement p\u00e5 eget bygg \/ egne lokaler, dette slik at resten av familien f\u00e5r sett hvor mor eller far jobber. Ved et samarbeid med oss i Topp Arrangement blir vi ditt kontaktpunkt, mens vi tar oss alt av planlegging&hellip;<\/p>","protected":false},"author":1,"featured_media":9476,"parent":4985,"menu_order":20,"comment_status":"closed","ping_status":"closed","template":"","meta":{"_acf_changed":false,"footnotes":""},"class_list":["post-7716","page","type-page","status-publish","has-post-thumbnail","hentry"],"acf":[],"_links":{"self":[{"href":"https:\/\/www-topparrangement.wp2.hcweb.dev\/en\/wp-json\/wp\/v2\/pages\/7716","targetHints":{"allow":["GET"]}}],"collection":[{"href":"https:\/\/www-topparrangement.wp2.hcweb.dev\/en\/wp-json\/wp\/v2\/pages"}],"about":[{"href":"https:\/\/www-topparrangement.wp2.hcweb.dev\/en\/wp-json\/wp\/v2\/types\/page"}],"author":[{"embeddable":true,"href":"https:\/\/www-topparrangement.wp2.hcweb.dev\/en\/wp-json\/wp\/v2\/users\/1"}],"replies":[{"embeddable":true,"href":"https:\/\/www-topparrangement.wp2.hcweb.dev\/en\/wp-json\/wp\/v2\/comments?post=7716"}],"version-history":[{"count":3,"href":"https:\/\/www-topparrangement.wp2.hcweb.dev\/en\/wp-json\/wp\/v2\/pages\/7716\/revisions"}],"predecessor-version":[{"id":13189,"href":"https:\/\/www-topparrangement.wp2.hcweb.dev\/en\/wp-json\/wp\/v2\/pages\/7716\/revisions\/13189"}],"up":[{"embeddable":true,"href":"https:\/\/www-topparrangement.wp2.hcweb.dev\/en\/wp-json\/wp\/v2\/pages\/4985"}],"wp:featuredmedia":[{"embeddable":true,"href":"https:\/\/www-topparrangement.wp2.hcweb.dev\/en\/wp-json\/wp\/v2\/media\/9476"}],"wp:attachment":[{"href":"https:\/\/www-topparrangement.wp2.hcweb.dev\/en\/wp-json\/wp\/v2\/media?parent=7716"}],"curies":[{"name":"wp","href":"https:\/\/api.w.org\/{rel}","templated":true}]}}