{"id":625,"date":"2016-01-05T18:27:50","date_gmt":"2016-01-05T17:27:50","guid":{"rendered":"https:\/\/www-topparrangement.wp2.hcweb.dev\/?page_id=625"},"modified":"2026-01-20T10:46:18","modified_gmt":"2026-01-20T09:46:18","slug":"om-oss","status":"publish","type":"page","link":"https:\/\/www-topparrangement.wp2.hcweb.dev\/en\/om-oss\/","title":{"rendered":"About us"},"content":{"rendered":"\n\n\t\t\t<h1>Om oss<\/h1>\n\t\t\n\t<h4>Topp Arrangement AS er et erfarent eventbyr\u00e5 som planlegger og gjennomf\u00f8rer konferanser og sosiale firmaarrangementer, med fokus p\u00e5 b\u00e5de faglig innhold og gode opplevelser.<\/h4>\n\tSiden 2013 har vi levert alt fra strategiske konferanser og kick-off til firmafester, julebord og jubileer for bedrifter i hele landet.\nVi kombinerer struktur, kreativitet og solid prosjektledelse for \u00e5 sikre en trygg og profesjonell gjennomf\u00f8ring &#8211; fra f\u00f8rste id\u00e9 til ferdig arrangement. Hvert firma arrangement planlegges med tydelig fokus p\u00e5 m\u00e5l, budskap og helhetlig opplevelse.\nSom totalleverand\u00f8r innen konferanse og event tar vi ansvar for konsept, lokaler, artister, teknikk, kj\u00f8replan og prosjektledelse. Du f\u00e5r \u00e9n fast kontaktperson i et eventbyr\u00e5 som har full kontroll p\u00e5 hele prosessen.\nResultatet er engasjerende konferanser og vellykkede firma arrangement som styrker relasjoner, bygger kultur og skaper varige opplevelser.\n<figure itemscope itemtype=\"https:\/\/schema.org\/ImageObject\">\n\t\t\t\t<img decoding=\"async\" src=\"https:\/\/www-topparrangement.wp2.hcweb.dev\/wp-content\/uploads\/2026\/01\/jklo-scaled.jpg\" alt=\"jkl\u00f8\" height=\"1920\" width=\"2560\" title=\"jkl\u00f8\" onerror=\"this.style.display='none'\" loading=\"lazy\" \/>\n\t<\/figure>\n\t\t\t<h3>Send Foresp\u00f8rsel<\/h3>\n    <form id=\"wpforms-form-9135\" data-formid=\"9135\" method=\"post\" enctype=\"multipart\/form-data\" action=\"\/?page_id=625&#038;fl_builder\" data-token=\"3e319338b73825f7e7e5e7c1f5720b1d\" data-token-time=\"1768902378\">Please enable JavaScript in your browser to complete this form.<label for=\"wpforms-9135-field_6\">Navn *<\/label><input type=\"text\" id=\"wpforms-9135-field_6\" name=\"wpforms[fields][6]\" placeholder=\"Ditt navn\" required\/><label for=\"wpforms-9135-field_2\">E-post *<\/label><input type=\"email\" id=\"wpforms-9135-field_2\" name=\"wpforms[fields][2]\" placeholder=\"Deres e-post\" spellcheck=\"false\" required\/><label for=\"wpforms-9135-field_3\">Telefon  *<\/label><input type=\"number\" id=\"wpforms-9135-field_3\" name=\"wpforms[fields][3]\" placeholder=\"Ditt telefonnummer\" step=\"any\" required\/><label for=\"wpforms-9135-field_1\">Firma \/ avdeling<\/label><input type=\"text\" id=\"wpforms-9135-field_1\" name=\"wpforms[fields][1]\" placeholder=\"Skriv inn hvilket firma \/ avdeling det gjelder\"\/><label for=\"wpforms-9135-field_5\">Dato \/ sted<\/label><input type=\"text\" id=\"wpforms-9135-field_5\" name=\"wpforms[fields][5]\" placeholder=\"Fyll ut tid og sted for arragmenet\"\/><label for=\"wpforms-9135-field_7\">Melding<\/label><textarea id=\"wpforms-9135-field_7\" name=\"wpforms[fields][7]\" placeholder=\"Hva kan vi hjelpe deg med?\"><\/textarea><!-- .wpforms-field-container --><input type=\"hidden\" name=\"wpforms[recaptcha]\" value=\"\"\/><input type=\"hidden\" name=\"wpforms[id]\" value=\"9135\"\/>\t\t\t<input type=\"hidden\"\n\t\t\t\tname=\"wpforms[nonce]\"\n\t\t\t\tvalue=\"00e4de9065\"\n\t\t\t\/>\n\t\t\t<input type=\"hidden\" name=\"page_title\" value=\"Om oss\"\/><input type=\"hidden\" name=\"page_url\" value=\"https:\/\/www-topparrangement.wp2.hcweb.dev\/?page_id=625&#038;fl_builder\"\/><input type=\"hidden\" name=\"url_referer\" value=\"\"\/><input type=\"hidden\" name=\"page_id\" value=\"625\"\/><input type=\"hidden\" name=\"wpforms[post_id]\" value=\"625\"\/><button type=\"submit\" name=\"wpforms[submit]\" id=\"wpforms-submit-9135\" data-alt-text=\"Sender...\" data-submit-text=\"Send\" aria-live=\"assertive\" value=\"wpforms-submit\">Send<\/button><\/form>  <!-- .wpforms-container -->\n<h2>\n\t\t\tStore ting skjer n\u00e5r mennesker m\u00f8tes.\t<\/h2>\n\t<h3><strong>Event<\/strong><\/h3>\n<p>Et event er mer enn et arrangement. Det er helheten av planlegging, gjennomf\u00f8ring og opplevelse.<\/p>\n<p>N\u00e5r detaljer, innhold og rammer spiller sammen, skapes engasjerende og skreddersydde eventer som gir merverdi for b\u00e5de arrang\u00f8r og deltakere.<\/p>\n<p>Som eventbyr\u00e5 h\u00e5ndterer vi alle detaljer f\u00f8r og under eventet &#8211; fra planlegging til gjennomf\u00f8ring &#8211; slik at opplevelsen blir s\u00f8ml\u00f8s og gir en tydelig opplevd merverdi i alle typer arrangementer.<\/p>\n<figure itemscope itemtype=\"https:\/\/schema.org\/ImageObject\">\n\t\t\t\t<img decoding=\"async\" src=\"https:\/\/www-topparrangement.wp2.hcweb.dev\/wp-content\/uploads\/2026\/01\/Firmafest.png\" alt=\"Firmafest\" height=\"1024\" width=\"1536\" title=\"Firmafest\" onerror=\"this.style.display='none'\" loading=\"lazy\" \/>\n\t<\/figure>\n<figure itemscope itemtype=\"https:\/\/schema.org\/ImageObject\">\n\t\t\t\t<img decoding=\"async\" src=\"https:\/\/www-topparrangement.wp2.hcweb.dev\/wp-content\/uploads\/2026\/01\/Konferanse-1.png\" alt=\"Konferanse\" height=\"1024\" width=\"1536\" title=\"Konferanse\" onerror=\"this.style.display='none'\" loading=\"lazy\" \/>\n\t<\/figure>\n\t<h3><strong>Konferanse<\/strong><\/h3>\nEn konferanse er mer enn et m\u00f8terom. Det er rammen rundt innholdet, menneskene og opplevelsen.\nN\u00e5r salen fylles med riktig innhold, tydelig struktur og god flyt, skapes trygghet for b\u00e5de arrang\u00f8r og deltakere.\nSom eventbyr\u00e5 h\u00e5ndterer vi det praktiske f\u00f8r og under konferansen, fra teknikk og kj\u00f8replan til koordinering, slik at alt g\u00e5r s\u00f8ml\u00f8st fra start til slutt.\n\t<h3><strong>Underholdning<\/strong><\/h3>\nUnderholdning er mer enn et innslag. Det er stemningen, energien og \u00f8yeblikkene publikum tar med seg videre.\nN\u00e5r underholdningen tilpasses arrangementets rammer, publikum og \u00f8nsket uttrykk, skapes engasjement og minneverdige opplevelser.\nVi formidler morsomme komikere, dyktige artister og livemusikk som l\u00f8fter stemningen og gir underholdning som forsterker helheten i arrangementet.\n<figure itemscope itemtype=\"https:\/\/schema.org\/ImageObject\">\n\t\t\t\t<img decoding=\"async\" src=\"https:\/\/www-topparrangement.wp2.hcweb.dev\/wp-content\/uploads\/2018\/01\/04_415_KIL-6570-2.jpg\" alt=\"04_415_KIL-6570-2\" height=\"1000\" width=\"1500\" title=\"04_415_KIL-6570-2\" onerror=\"this.style.display='none'\" loading=\"lazy\" \/>\n\t<\/figure>\n<figure itemscope itemtype=\"https:\/\/schema.org\/ImageObject\">\n\t\t\t\t<img decoding=\"async\" src=\"https:\/\/www-topparrangement.wp2.hcweb.dev\/wp-content\/uploads\/2026\/01\/Aktiviteter-firma-scaled.jpg\" alt=\"Aktiviteter firma\" height=\"1920\" width=\"2560\" title=\"Aktiviteter firma\" onerror=\"this.style.display='none'\" loading=\"lazy\" \/>\n\t<\/figure>\n\t<h3><strong>Teambuiling<\/strong><\/h3>\nTeambuilding er mer enn en aktivitet. Det handler om \u00e5 bygge kultur, fellesskap og sterke team gjennom felles opplevelser.\nN\u00e5r oppleggene tilpasses b\u00e5de form\u00e5l og mennesker, skapes mestring, engasjement og varige relasjoner i teamet.\nVi skreddersyr teambuilding der alle kan delta &#8211; uavhengig av alder, erfaring og fysisk form &#8211; og legger til rette for trygge, inkluderende og meningsfulle opplevelser.\n\t<h4>Hos Topp Arrangement AS setter vi v\u00e5r stolthet i \u00e5 levere h\u00f8y kvalitet og skape uforglemmelige opplevelser for v\u00e5re kunder. Sammen med v\u00e5rt dedikerte team, er vi klare til \u00e5 gj\u00f8re ditt neste arrangement til en suksess.<\/h4>\n\t<h2><strong>Milj\u00f8fyt\u00e5rn<\/strong><\/h2>\n<p>Som en sertifisert Milj\u00f8fyrt\u00e5rn-bedrift jobber vi kontinuerlig med \u00e5 forbedre v\u00e5re interne milj\u00f8standarder. Samtidig samarbeider vi tett med v\u00e5re kunder for \u00e5 planlegge og gjennomf\u00f8re gr\u00f8nnere arrangementer. Dette handler om bevisste valg innen leverand\u00f8rer, transport, materialbruk og avfall. Slik bidrar vi til mer b\u00e6rekraftige opplevelser i arrangementsbransjen.<\/p>\n<figure itemscope itemtype=\"https:\/\/schema.org\/ImageObject\">\n\t\t\t\t<img decoding=\"async\" src=\"https:\/\/www-topparrangement.wp2.hcweb.dev\/wp-content\/uploads\/2026\/01\/Miljofyrtarn.png\" alt=\"Milj\u00f8fyrt\u00e5rn\" height=\"209\" width=\"241\" title=\"Milj\u00f8fyrt\u00e5rn\" onerror=\"this.style.display='none'\" loading=\"lazy\" \/>\n\t<\/figure>\n\n","protected":false},"excerpt":{"rendered":"<p>Om oss Topp Arrangement AS er et erfarent eventbyr\u00e5 som planlegger og gjennomf\u00f8rer konferanser og sosiale firmaarrangementer, med fokus p\u00e5 b\u00e5de faglig innhold og gode opplevelser. Siden 2013 har vi levert alt fra strategiske konferanser og kick-off til firmafester, julebord og jubileer for bedrifter i hele landet. Vi kombinerer struktur, kreativitet og solid prosjektledelse for&hellip;<\/p>","protected":false},"author":1,"featured_media":9364,"parent":0,"menu_order":49,"comment_status":"closed","ping_status":"closed","template":"","meta":{"_acf_changed":false,"footnotes":""},"class_list":["post-625","page","type-page","status-publish","has-post-thumbnail","hentry"],"acf":[],"_links":{"self":[{"href":"https:\/\/www-topparrangement.wp2.hcweb.dev\/en\/wp-json\/wp\/v2\/pages\/625","targetHints":{"allow":["GET"]}}],"collection":[{"href":"https:\/\/www-topparrangement.wp2.hcweb.dev\/en\/wp-json\/wp\/v2\/pages"}],"about":[{"href":"https:\/\/www-topparrangement.wp2.hcweb.dev\/en\/wp-json\/wp\/v2\/types\/page"}],"author":[{"embeddable":true,"href":"https:\/\/www-topparrangement.wp2.hcweb.dev\/en\/wp-json\/wp\/v2\/users\/1"}],"replies":[{"embeddable":true,"href":"https:\/\/www-topparrangement.wp2.hcweb.dev\/en\/wp-json\/wp\/v2\/comments?post=625"}],"version-history":[{"count":11,"href":"https:\/\/www-topparrangement.wp2.hcweb.dev\/en\/wp-json\/wp\/v2\/pages\/625\/revisions"}],"predecessor-version":[{"id":13767,"href":"https:\/\/www-topparrangement.wp2.hcweb.dev\/en\/wp-json\/wp\/v2\/pages\/625\/revisions\/13767"}],"wp:featuredmedia":[{"embeddable":true,"href":"https:\/\/www-topparrangement.wp2.hcweb.dev\/en\/wp-json\/wp\/v2\/media\/9364"}],"wp:attachment":[{"href":"https:\/\/www-topparrangement.wp2.hcweb.dev\/en\/wp-json\/wp\/v2\/media?parent=625"}],"curies":[{"name":"wp","href":"https:\/\/api.w.org\/{rel}","templated":true}]}}