{"id":6079,"date":"2020-01-15T08:39:12","date_gmt":"2020-01-15T07:39:12","guid":{"rendered":"https:\/\/www-topparrangement.wp2.hcweb.dev\/?page_id=6079"},"modified":"2026-01-20T09:44:45","modified_gmt":"2026-01-20T08:44:45","slug":"forside","status":"publish","type":"page","link":"https:\/\/www-topparrangement.wp2.hcweb.dev\/en\/","title":{"rendered":"Top Arrangement"},"content":{"rendered":"\n<h1>\n\t\t\tStore ting skjer der mennesker m\u00f8tes\t<\/h1>\n<h2>\n\t\t\tVi planlegger arrangementer i alle st\u00f8rrelser\t<\/h2>\n\t\t\t<a href=\"https:\/\/www-topparrangement.wp2.hcweb.dev\/kontakt\/\"  target=\"_self\">\n\t\t\t\t\t\t\tKontakt oss\n\t\t\t\t\t<\/a>\n\t<h2>Vi er opptatt av at alle skal kjenne en god f\u00f8lelse, ogs\u00e5 etter at arrangementet er ferdig<\/h2>\n\t\t\t\t\t\t<a href=\"https:\/\/www-topparrangement.wp2.hcweb.dev\/event\/\" target=\"_self\">\n\t\t\t\tEvents\t\t\t<\/a>\n\t\u00c5 skape begeistring som varer lenge, kan v\u00e6re et godt utgangspunkt for en kick-off, et kundetreff, en firmafest eller lignende.<br \/>\n<a href=\"https:\/\/www-topparrangement.wp2.hcweb.dev\/event\/\">Les mer<\/a>\n\t\t\t\t\t\t<a href=\"https:\/\/www-topparrangement.wp2.hcweb.dev\/konferanse\/\" target=\"_self\">\n\t\t\t\tKonferanse\t\t\t<\/a>\n\tFunksjonelle fasiliteter, god logistikk og behagelig regi er en forutsetning for et godt seminar eller en meningsfull konferanse.<br \/>\n<a href=\"https:\/\/www-topparrangement.wp2.hcweb.dev\/konferanse\/\">Les mer<\/a>\n\t<h2>Mennesker lever ikke av br\u00f8d alene!<\/h2>\n\t\t\t\t\t\t<a href=\"https:\/\/www-topparrangement.wp2.hcweb.dev\/artistformidling\/\" target=\"_self\">\n\t\t\t\tHumor og musikk\t\t\t<\/a>\n\tVi formidler morsomme komikere, dyktige artister og sprell levende musikk.<br \/>\n<a href=\"https:\/\/www-topparrangement.wp2.hcweb.dev\/artistformidling\/\">Les mer<\/a>\n\t\t\t\t\t\t<a href=\"https:\/\/www-topparrangement.wp2.hcweb.dev\/konferanse\/foredrag-og-kurs\/\" target=\"_self\">\n\t\t\t\tForedrag og kurs\t\t\t<\/a>\n\tGode ord fra gode mennesker i gode omgivelser, er ofte god f\u00f8de for sjelen.<br \/>\n<a href=\"https:\/\/www-topparrangement.wp2.hcweb.dev\/konferanse\/foredrag-og-kurs\/\">Les mer<\/a>\n\t\t\t\t\t\t<a href=\"https:\/\/www-topparrangement.wp2.hcweb.dev\/event\/teambuilding\/\" target=\"_self\">\n\t\t\t\tTeambuilding\t\t\t<\/a>\n\t\u00c5 gj\u00f8re hverandre gode, glade, trygge og engasjerte er en treningssak.<br \/>\n<a href=\"https:\/\/www-topparrangement.wp2.hcweb.dev\/event\/teambuilding\/\">Les mer<\/a>\n\t<p>Vi \u00f8nsker \u00e5 gi v\u00e5re kunder en opplevd merverdi i alle former for arrangementer<\/p>\n\t<p>Kontakt oss p\u00e5 <a href=\"mailto:post@topparrangement.no\">post@topparrangement.no<\/a> eller ring\u00a0<a href=\"tel:90501418\">90 50 14 18<\/a>.<\/p>\n\t\t<!-- Comment to fix spacing issue\n\t-->\n\t\t<h2>0+<\/h2>Forn\u00f8yde gjester\n\t<!-- Comment to fix spacing issue\n\t-->\t\n\t\t<!-- Comment to fix spacing issue\n\t-->\n\t\t<h2>0+<\/h2>\u00c5rs erfaring\n\t<!-- Comment to fix spacing issue\n\t-->\t\n\t\t<!-- Comment to fix spacing issue\n\t-->\n\t\t<h2>0+<\/h2>Artister og komikere\n\t<!-- Comment to fix spacing issue\n\t-->\t\n\t\t<!-- Comment to fix spacing issue\n\t-->\n\t\t<h2>0+<\/h2>Kj\u00f8replaner utarbeidet\n\t<!-- Comment to fix spacing issue\n\t-->\t\n\t\t\t<h3>Send Foresp\u00f8rsel<\/h3>\n    <form id=\"wpforms-form-9135\" data-formid=\"9135\" method=\"post\" enctype=\"multipart\/form-data\" action=\"\/?fl_builder\" data-token=\"3e319338b73825f7e7e5e7c1f5720b1d\" data-token-time=\"1768898685\">Please enable JavaScript in your browser to complete this form.<label for=\"wpforms-9135-field_6\">Navn *<\/label><input type=\"text\" id=\"wpforms-9135-field_6\" name=\"wpforms[fields][6]\" placeholder=\"Ditt navn\" required\/><label for=\"wpforms-9135-field_2\">E-post *<\/label><input type=\"email\" id=\"wpforms-9135-field_2\" name=\"wpforms[fields][2]\" placeholder=\"Deres e-post\" spellcheck=\"false\" required\/><label for=\"wpforms-9135-field_3\">Telefon  *<\/label><input type=\"number\" id=\"wpforms-9135-field_3\" name=\"wpforms[fields][3]\" placeholder=\"Ditt telefonnummer\" step=\"any\" required\/><label for=\"wpforms-9135-field_1\">Firma \/ avdeling<\/label><input type=\"text\" id=\"wpforms-9135-field_1\" name=\"wpforms[fields][1]\" placeholder=\"Skriv inn hvilket firma \/ avdeling det gjelder\"\/><label for=\"wpforms-9135-field_5\">Dato \/ sted<\/label><input type=\"text\" id=\"wpforms-9135-field_5\" name=\"wpforms[fields][5]\" placeholder=\"Fyll ut tid og sted for arragmenet\"\/><label for=\"wpforms-9135-field_7\">Melding<\/label><textarea id=\"wpforms-9135-field_7\" name=\"wpforms[fields][7]\" placeholder=\"Hva kan vi hjelpe deg med?\"><\/textarea><!-- .wpforms-field-container --><input type=\"hidden\" name=\"wpforms[recaptcha]\" value=\"\"\/><input type=\"hidden\" name=\"wpforms[id]\" value=\"9135\"\/>\t\t\t<input type=\"hidden\"\n\t\t\t\tname=\"wpforms[nonce]\"\n\t\t\t\tvalue=\"00e4de9065\"\n\t\t\t\/>\n\t\t\t<input type=\"hidden\" name=\"page_title\" value=\"Topp Arrangement\"\/><input type=\"hidden\" name=\"page_url\" value=\"https:\/\/www-topparrangement.wp2.hcweb.dev\/?fl_builder\"\/><input type=\"hidden\" name=\"url_referer\" value=\"\"\/><input type=\"hidden\" name=\"page_id\" value=\"6079\"\/><input type=\"hidden\" name=\"wpforms[post_id]\" value=\"6079\"\/><button type=\"submit\" name=\"wpforms[submit]\" id=\"wpforms-submit-9135\" data-alt-text=\"Sender...\" data-submit-text=\"Send\" aria-live=\"assertive\" value=\"wpforms-submit\">Send<\/button><\/form>  <!-- .wpforms-container -->\n<h2>\n\t\t\tNoen av v\u00e5re kunder\t<\/h2>\n\t\t\t\t\t\t<img decoding=\"async\" src=\"https:\/\/www-topparrangement.wp2.hcweb.dev\/wp-content\/uploads\/2019\/08\/schlumberger.png\" alt=\"Schlumberger\" data-no-lazy=\"1\" \/>\t\t\t\t\t\n                            <p>Schlumberger<\/p>\n\t\t\t\t\t\t<img decoding=\"async\" src=\"https:\/\/www-topparrangement.wp2.hcweb.dev\/wp-content\/uploads\/2026\/01\/Rog-fylkeskoimmune.png\" alt=\"Rogaland Fylkeskommune\" data-no-lazy=\"1\" \/>\t\t\t\t\t\n                            <p>Rogaland Fylkeskommune<\/p>\n\t\t\t\t\t\t<img decoding=\"async\" src=\"https:\/\/www-topparrangement.wp2.hcweb.dev\/wp-content\/uploads\/2026\/01\/Haugsuns-Sparebank.png\" alt=\"Haugesund Sparebank\" data-no-lazy=\"1\" \/>\t\t\t\t\t\n                            <p>Haugesund Sparebank<\/p>\n\t\t\t\t\t\t<img decoding=\"async\" src=\"https:\/\/www-topparrangement.wp2.hcweb.dev\/wp-content\/uploads\/2019\/08\/dnb.png\" alt=\"DNB\" data-no-lazy=\"1\" \/>\t\t\t\t\t\n                            <p>DNB<\/p>\n\t\t\t\t\t\t<img decoding=\"async\" src=\"https:\/\/www-topparrangement.wp2.hcweb.dev\/wp-content\/uploads\/2019\/08\/conocophillips.png\" alt=\"ConocoPhilips\" data-no-lazy=\"1\" \/>\t\t\t\t\t\n                            <p>ConocoPhilips<\/p>\n\t\t\t\t\t\t<img decoding=\"async\" src=\"https:\/\/www-topparrangement.wp2.hcweb.dev\/wp-content\/uploads\/2019\/08\/archer.png\" alt=\"Archer\" data-no-lazy=\"1\" \/>\t\t\t\t\t\n                            <p>Archer<\/p>\n\t\t\t\t\t\t<img decoding=\"async\" src=\"https:\/\/www-topparrangement.wp2.hcweb.dev\/wp-content\/uploads\/2026\/01\/Stavanger-Kommune.png\" alt=\"Stavanger Kommune\" data-no-lazy=\"1\" \/>\t\t\t\t\t\n                            <p>Stavanger Kommune<\/p>\n\t\t\t\t\t\t<img decoding=\"async\" src=\"https:\/\/www-topparrangement.wp2.hcweb.dev\/wp-content\/uploads\/2019\/08\/aibel.png\" alt=\"Aibel\" data-no-lazy=\"1\" \/>\t\t\t\t\t\n                            <p>Aibel<\/p>\n\t\t\t\t\t\t<img decoding=\"async\" src=\"https:\/\/www-topparrangement.wp2.hcweb.dev\/wp-content\/uploads\/2026\/01\/Harbour_Energy_Logo.svg.png\" alt=\"Harbor Energy\" data-no-lazy=\"1\" \/>\t\t\t\t\t\n                            <p>Harbor Energy<\/p>\n\t\t\t\t\t\t<img decoding=\"async\" src=\"https:\/\/www-topparrangement.wp2.hcweb.dev\/wp-content\/uploads\/2026\/01\/Strawberry_Logotype_Primary_Black_RGB.png\" alt=\"Strawberry\" data-no-lazy=\"1\" \/>\t\t\t\t\t\n                            <p>Strawberry<\/p>\n\t\t\t\t\t\t<img decoding=\"async\" src=\"https:\/\/www-topparrangement.wp2.hcweb.dev\/wp-content\/uploads\/2026\/01\/Santander-logo-stacked.png\" alt=\"Santander\" data-no-lazy=\"1\" \/>\t\t\t\t\t\n                            <p>Santander<\/p>\n\t\t\t\t\t\t<img decoding=\"async\" src=\"https:\/\/www-topparrangement.wp2.hcweb.dev\/wp-content\/uploads\/2026\/01\/Transocean_logo.svg.png\" alt=\"Transocean\" data-no-lazy=\"1\" \/>\t\t\t\t\t\n                            <p>Transocean<\/p>\n\t\t\t\t\t\t<img decoding=\"async\" src=\"https:\/\/www-topparrangement.wp2.hcweb.dev\/wp-content\/uploads\/2026\/01\/Beerenberg-AS_large.png\" alt=\"Beerenberg\" data-no-lazy=\"1\" \/>\t\t\t\t\t\n                            <p>Beerenberg<\/p>\n\t\t\t\t\t\t<img decoding=\"async\" src=\"https:\/\/www-topparrangement.wp2.hcweb.dev\/wp-content\/uploads\/2019\/08\/apply.png\" alt=\"Apply\" data-no-lazy=\"1\" \/>\t\t\t\t\t\n                            <p>Apply<\/p>\n\t\t\t\t\t\t<img decoding=\"async\" src=\"https:\/\/www-topparrangement.wp2.hcweb.dev\/wp-content\/uploads\/2019\/08\/orlandtransport.png\" alt=\"\u00d8rland Transport\" data-no-lazy=\"1\" \/>\t\t\t\t\t\n                            <p>\u00d8rland Transport<\/p>\n\t\t\t\t\t\t<img decoding=\"async\" src=\"https:\/\/www-topparrangement.wp2.hcweb.dev\/wp-content\/uploads\/2019\/08\/amfi.png\" alt=\"Amfi\" data-no-lazy=\"1\" \/>\t\t\t\t\t\n                            <p>Amfi<\/p>\n\t\t\t\t\t\t<img decoding=\"async\" src=\"https:\/\/www-topparrangement.wp2.hcweb.dev\/wp-content\/uploads\/2026\/01\/RISA_rgb_farge.png\" alt=\"Risa\" data-no-lazy=\"1\" \/>\t\t\t\t\t\n                            <p>Risa<\/p>\n\t\t\t\t\t\t<img decoding=\"async\" src=\"https:\/\/www-topparrangement.wp2.hcweb.dev\/wp-content\/uploads\/2026\/01\/images.jpeg\" alt=\"Sval Energi \" data-no-lazy=\"1\" \/>\t\t\t\t\t\n                            <p>Sval Energi <\/p>\n\t<p>N\u00e5r du samarbeider med oss, kan du senke skuldrene. Vi s\u00f8rger for at m\u00f8ter, konferanser og firmafester gjennomf\u00f8res s\u00f8ml\u00f8st.<\/p>\n\n","protected":false},"excerpt":{"rendered":"<p>Store ting skjer der mennesker m\u00f8tes Vi planlegger arrangementer i alle st\u00f8rrelser Kontakt oss Vi er opptatt av at alle skal kjenne en god f\u00f8lelse, ogs\u00e5 etter at arrangementet er ferdig Events \u00c5 skape begeistring som varer lenge, kan v\u00e6re et godt utgangspunkt for en kick-off, et kundetreff, en firmafest eller lignende. Les mer Konferanse&hellip;<\/p>","protected":false},"author":1,"featured_media":5617,"parent":0,"menu_order":61,"comment_status":"closed","ping_status":"closed","template":"","meta":{"_acf_changed":false,"footnotes":""},"class_list":["post-6079","page","type-page","status-publish","has-post-thumbnail","hentry"],"acf":[],"_links":{"self":[{"href":"https:\/\/www-topparrangement.wp2.hcweb.dev\/en\/wp-json\/wp\/v2\/pages\/6079","targetHints":{"allow":["GET"]}}],"collection":[{"href":"https:\/\/www-topparrangement.wp2.hcweb.dev\/en\/wp-json\/wp\/v2\/pages"}],"about":[{"href":"https:\/\/www-topparrangement.wp2.hcweb.dev\/en\/wp-json\/wp\/v2\/types\/page"}],"author":[{"embeddable":true,"href":"https:\/\/www-topparrangement.wp2.hcweb.dev\/en\/wp-json\/wp\/v2\/users\/1"}],"replies":[{"embeddable":true,"href":"https:\/\/www-topparrangement.wp2.hcweb.dev\/en\/wp-json\/wp\/v2\/comments?post=6079"}],"version-history":[{"count":11,"href":"https:\/\/www-topparrangement.wp2.hcweb.dev\/en\/wp-json\/wp\/v2\/pages\/6079\/revisions"}],"predecessor-version":[{"id":13737,"href":"https:\/\/www-topparrangement.wp2.hcweb.dev\/en\/wp-json\/wp\/v2\/pages\/6079\/revisions\/13737"}],"wp:featuredmedia":[{"embeddable":true,"href":"https:\/\/www-topparrangement.wp2.hcweb.dev\/en\/wp-json\/wp\/v2\/media\/5617"}],"wp:attachment":[{"href":"https:\/\/www-topparrangement.wp2.hcweb.dev\/en\/wp-json\/wp\/v2\/media?parent=6079"}],"curies":[{"name":"wp","href":"https:\/\/api.w.org\/{rel}","templated":true}]}}