{"id":5990,"date":"2020-01-14T09:52:50","date_gmt":"2020-01-14T08:52:50","guid":{"rendered":"https:\/\/www-topparrangement.wp2.hcweb.dev\/?page_id=5990"},"modified":"2026-04-05T22:15:53","modified_gmt":"2026-04-05T20:15:53","slug":"ons","status":"publish","type":"page","link":"https:\/\/www-topparrangement.wp2.hcweb.dev\/en\/event\/ons\/","title":{"rendered":"Arrange an event during the oil exhibition?"},"content":{"rendered":"\n<h1  data-animation-delay=\"\" data-animation-duration=\"1\">\n\t\t\t\t<\/h1>\n\t<p>Vi legger til rette for m\u00f8teplasser der ansatte, kunder og samarbeidspartnere kan bygge relasjoner og styrke nettverk gjennom profesjonelle og engasjerende opplevelser.<\/p>\n<section dir=\"auto\" data-turn-id=\"request-WEB:fd121e2e-8e30-4b58-9098-25423875a5af-11\" data-testid=\"conversation-turn-24\" data-scroll-anchor=\"true\" data-turn=\"assistant\">\nFra id\u00e9 til gjennomf\u00f8ring! Sammen finner rett plass og sikrer en s\u00f8ml\u00f8s ramme, enten dere planlegger faglig innhold eller sosiale samlinger for kunder og samarbeidspartnere.\n<\/section>\n<figure data-animation-delay=\"0\" data-animation-duration=\"1\" itemscope itemtype=\"https:\/\/schema.org\/ImageObject\">\n\t\t\t\t<img decoding=\"async\" src=\"https:\/\/www-topparrangement.wp2.hcweb.dev\/wp-content\/uploads\/2026\/04\/ChatGPT-Image-12.-jan.-2026-10_24_56.png\" alt=\"Oljemessen ONS\" height=\"1536\" width=\"1024\" title=\"Oljemessen ONS\" onerror=\"this.style.display='none'\" loading=\"lazy\" \/>\n\t<\/figure>\n\t<strong data-start=\"101\" data-end=\"133\">V\u00e5r kunnskap, din trygghet<\/strong>\n<ul data-start=\"134\" data-end=\"639\">\n<li data-section-id=\"1l85ry2\" data-start=\"134\" data-end=\"189\">Finne rett venue (arrangement sted)<\/li>\n<li data-section-id=\"1l85ry2\" data-start=\"134\" data-end=\"189\">Dekor i omgivelsene man er p\u00e5<\/li>\n<li data-section-id=\"1l85ry2\" data-start=\"134\" data-end=\"189\">DJ i kombinasjon med saksofon<\/li>\n<li data-section-id=\"1l85ry2\" data-start=\"134\" data-end=\"189\">Magikere og andre entertainere.<\/li>\n<li data-section-id=\"1rqg43j\" data-start=\"307\" data-end=\"374\">Sjongl\u00f8rer med flammer og selvlysende kjegler<\/li>\n<li data-section-id=\"1rqg43j\" data-start=\"307\" data-end=\"374\">Artistinnnslag for rett atmosf\u00e6re<\/li>\n<li data-section-id=\"o2138f\" data-start=\"375\" data-end=\"437\">Sightseeing i Lysefjorden med trubadur.<\/li>\n<li data-section-id=\"1v1cdln\" data-start=\"438\" data-end=\"489\">Eksternt faglig innhold og inspiratorer<\/li>\n<li data-section-id=\"smsf6w\" data-start=\"490\" data-end=\"539\">Teknisk produksjon av lyd, lys, scene og AV<\/li>\n<li data-section-id=\"xugmt3\" data-start=\"540\" data-end=\"586\">Planlegging og koordinering<\/li>\n<li data-section-id=\"l39z76\" data-start=\"587\" data-end=\"639\">Gjennomf\u00f8ring og evaluering.<\/li>\n<\/ul>\n<p>&nbsp;<\/p>\n<p>Med st\u00f8tte b\u00e5de i forkant og underveis f\u00e5r dere frihet til \u00e5 v\u00e6re til stede med gjestene. Enten det gjelder en komplett produksjon eller enkelte leveranser som foredragsholdere og underholdning.<\/p>\n\t\t\t<h3>Send Foresp\u00f8rsel<\/h3>\n    <form id=\"wpforms-form-9135\" data-formid=\"9135\" method=\"post\" enctype=\"multipart\/form-data\" action=\"\/?page_id=5990&#038;fl_builder\" data-token=\"61032f971ec66483d9dcc023a5202f6f\" data-token-time=\"1775420153\">Generelt kontaktskjemaPlease enable JavaScript in your browser to complete this form.<label for=\"wpforms-9135-field_6\">Navn *<\/label><input type=\"text\" id=\"wpforms-9135-field_6\" name=\"wpforms[fields][6]\" placeholder=\"Ditt navn\" required\/><label for=\"wpforms-9135-field_2\">E-post *<\/label><input type=\"email\" id=\"wpforms-9135-field_2\" name=\"wpforms[fields][2]\" placeholder=\"Deres e-post\" spellcheck=\"false\" required\/><label for=\"wpforms-9135-field_3\">Telefon  *<\/label><input type=\"number\" id=\"wpforms-9135-field_3\" name=\"wpforms[fields][3]\" placeholder=\"Ditt telefonnummer\" step=\"any\" required\/><label for=\"wpforms-9135-field_1\">Firma \/ avdeling<\/label><input type=\"text\" id=\"wpforms-9135-field_1\" name=\"wpforms[fields][1]\" placeholder=\"Skriv inn hvilket firma \/ avdeling det gjelder\"\/><label for=\"wpforms-9135-field_5\">Dato \/ sted<\/label><input type=\"text\" id=\"wpforms-9135-field_5\" name=\"wpforms[fields][5]\" placeholder=\"Fyll ut tid og sted for arragmenet\"\/><label for=\"wpforms-9135-field_7\">Melding<\/label><textarea id=\"wpforms-9135-field_7\" name=\"wpforms[fields][7]\" placeholder=\"Hva kan vi hjelpe deg med?\"><\/textarea><!-- .wpforms-field-container --><input type=\"hidden\" name=\"wpforms[recaptcha]\" value=\"\"\/><input type=\"hidden\" name=\"wpforms[id]\" value=\"9135\"\/>\t\t\t<input type=\"hidden\"\n\t\t\t\tname=\"wpforms[nonce]\"\n\t\t\t\tvalue=\"23a6d50213\"\n\t\t\t\/>\n\t\t\t<input type=\"hidden\" name=\"page_title\" value=\"Arrangere et event under oljemessen ?\"\/><input type=\"hidden\" name=\"page_url\" value=\"https:\/\/www-topparrangement.wp2.hcweb.dev\/?page_id=5990&#038;fl_builder\"\/><input type=\"hidden\" name=\"url_referer\" value=\"\"\/><input type=\"hidden\" name=\"page_id\" value=\"5990\"\/><input type=\"hidden\" name=\"wpforms[post_id]\" value=\"5990\"\/><button type=\"submit\" name=\"wpforms[submit]\" id=\"wpforms-submit-9135\" data-alt-text=\"Sender...\" data-submit-text=\"Send\" aria-live=\"assertive\" value=\"wpforms-submit\">Send<\/button><\/form>  <!-- .wpforms-container -->\n<figure data-animation-delay=\"0\" data-animation-duration=\"1\" itemscope itemtype=\"https:\/\/schema.org\/ImageObject\">\n\t\t\t\t<img decoding=\"async\" src=\"https:\/\/www-topparrangement.wp2.hcweb.dev\/wp-content\/uploads\/2026\/04\/ChatGPT-Image-5.-apr.-2026-20_57_16.png\" alt=\"Sjongl\u00f8rer\" height=\"1024\" width=\"1536\" title=\"Sjongl\u00f8rer\" onerror=\"this.style.display='none'\" loading=\"lazy\" \/>\n\t<\/figure>\n<figure itemscope itemtype=\"https:\/\/schema.org\/ImageObject\">\n\t\t\t\t<img decoding=\"async\" src=\"https:\/\/www-topparrangement.wp2.hcweb.dev\/wp-content\/uploads\/2026\/04\/ChatGPT-Image-11.-jan.-2026-15_12_39.png\" alt=\"DJ, fiolin\" height=\"1024\" width=\"1536\" title=\"DJ, fiolin\" onerror=\"this.style.display='none'\" loading=\"lazy\" \/>\n\t<\/figure>\n\t<h4>Ta kontakt for en uforpliktende prat om ditt arrangement under ONS. Vi hjelper deg \u00e5 skape gode m\u00f8teplasser med riktig innhold og rammer.<\/h4>\n\n<figure itemscope itemtype=\"https:\/\/schema.org\/ImageObject\">\n\t\t\t\t<img decoding=\"async\" src=\"https:\/\/www-topparrangement.wp2.hcweb.dev\/wp-content\/plugins\/bb-plugin\/img\/pixel.png\" alt=\"\" onerror=\"this.style.display='none'\" loading=\"lazy\" \/>\n\t<\/figure>\n<h3>\n\t\t\tPopul\u00e6re entertainere til ONS-arrangement\t<\/h3>\n<h3>\n\t\t\tThe Miracle Men\t<\/h3>\n<figure itemscope itemtype=\"https:\/\/schema.org\/ImageObject\">\n\t\t\t\t<img decoding=\"async\" src=\"https:\/\/www-topparrangement.wp2.hcweb.dev\/wp-content\/uploads\/2016\/08\/The-Miracle-Men-ute.jpg\" alt=\"The Miracle Men\" height=\"261\" width=\"441\" title=\"The Miracle Men\" onerror=\"this.style.display='none'\" loading=\"lazy\" \/>\n\t<\/figure>\n\t<p>Opplev magi og humor med Jon Ensor og Paul Martin fra UK, kjent som Miracle Men. De kan bookes sammen eller hver for seg, og leverer underholdning som konferansierer eller med close-up magic tett p\u00e5 publikum under minglearrangement.<\/p>\n<h3>\n\t\t\tInger Lise Hope\t<\/h3>\n<figure itemscope itemtype=\"https:\/\/schema.org\/ImageObject\">\n\t\t\t\t<img decoding=\"async\" src=\"https:\/\/www-topparrangement.wp2.hcweb.dev\/wp-content\/uploads\/2019\/09\/Inger-Lise-hop.jpg\" alt=\"Inger Lise hop\" height=\"481\" width=\"756\" title=\"Inger Lise hop\" onerror=\"this.style.display='none'\" loading=\"lazy\" \/>\n\t<\/figure>\n\t<p>Inger Lise Hope, vinneren av The Voice har en sterk og uttrykksfull stemme som imponerer p\u00e5 ethvert arrangement. Hun kan bookes til musikalske innslag gjennom arrangementet som duo eller med fullt band, som alltid skaper en stemningsfull og engasjerende opplevelse for publikum.<\/p>\n<h3>\n\t\t\tKokken Pablo\t<\/h3>\n<figure itemscope itemtype=\"https:\/\/schema.org\/ImageObject\">\n\t\t\t\t<img decoding=\"async\" src=\"https:\/\/www-topparrangement.wp2.hcweb.dev\/wp-content\/uploads\/2020\/01\/PAblo.jpg\" alt=\"Pablo\" title=\"Francois Sibbald\" onerror=\"this.style.display='none'\" loading=\"lazy\" \/>\n\t<\/figure>\n\t<p>Francois Sibbald alias &#8220;Kokken Pablo&#8221; byr p\u00e5 en heidundrende helaften. Kokken Pablo er en morsom spanjol med mye selvtillit. Pablo geleider gjestene trygt gjennom middagen med sin s\u00e6regne stil, underholdende historier og lyriske krumspring mellom rettene.<\/p>\n<h3>\n\t\t\tDJ AA:GE &#038; July sax\t<\/h3>\n<figure itemscope itemtype=\"https:\/\/schema.org\/ImageObject\">\n\t\t\t\t<img decoding=\"async\" src=\"https:\/\/www-topparrangement.wp2.hcweb.dev\/wp-content\/uploads\/2018\/01\/July-ny-inni.jpg\" alt=\"July Sax\" height=\"618\" width=\"1123\" title=\"July Sax\" onerror=\"this.style.display='none'\" loading=\"lazy\" \/>\n\t<\/figure>\n\t<p>DJ i kombinasjon med saksofon er et unikt konsept som gj\u00f8r at dine gjester f\u00e5r opplevelser de ikke hadde forventet. July Sax Sax er en\u00a0 entertainer i s\u00e6rklasse som leverer musikalske godbiter og topp stemning. Eksplosive showinnslag, loungemusikk eller\u00a0 Afterparty.<\/p>\n<h3>\n\t\t\tRichard Bowers\t<\/h3>\n<figure itemscope itemtype=\"https:\/\/schema.org\/ImageObject\">\n\t\t\t\t<img decoding=\"async\" src=\"https:\/\/www-topparrangement.wp2.hcweb.dev\/wp-content\/uploads\/2020\/01\/Richardd.jpg\" alt=\"Richardd\" height=\"418\" width=\"678\" title=\"Richardd\" onerror=\"this.style.display='none'\" loading=\"lazy\" \/>\n\t<\/figure>\n\t<p>Dette er en aldri s\u00e5 liten stjerne av en entertainer. Han gj\u00f8r sine opptredener p\u00e5 engelsk og man f\u00e5r alltid mye energi, fantastisk humor, galskap og herlige musikalske innslag. Han er en gentleman som har stemme, mimikk og sjarm nok til \u00e5 bringe b\u00e5de Frank Sinatra, Dean Martin og Sammy Davies jr til live<\/p>\n<h3>\n\t\t\tKjell &#038; Tine\t<\/h3>\n<figure itemscope itemtype=\"https:\/\/schema.org\/ImageObject\">\n\t\t\t\t<img decoding=\"async\" src=\"https:\/\/www-topparrangement.wp2.hcweb.dev\/wp-content\/uploads\/2020\/01\/Kjell-og-Tine.jpg\" alt=\"Kjell og Tine\" height=\"443\" width=\"693\" title=\"Kjell og Tine\" onerror=\"this.style.display='none'\" loading=\"lazy\" \/>\n\t<\/figure>\n\t<p>Kjell &amp; Tine er en fantastisk duo som er meget popul\u00e6r innenfor ulike arrangement. De er mest kjent for \u00e5 spille opp til fest og dans ettter et godt m\u00e5ltid. De er erfarne til \u00e5 lese sitt publikum enten det dreier seg om \u00e5 spille opp til fest og dans eller om de bare skal levere andre l\u00e5ter om gjestene er mest klar for \u00e5 snakke med hverandre.<\/p>\n\t<p>Ta <a href=\"https:\/\/www-topparrangement.wp2.hcweb.dev\/kontakt\/\">kontakt<\/a> for en prat og vi skreddersyr deretter et uforpliktet konsept tilbud til deg og ditt firma. I samarbeid med deg skaper vi magi p\u00e5 deres neste arrangement!<\/p>\n\t<p>Telefon: <a href=\"tel:90501418\">90 50 14 18<\/a>. \u00a0 E-post: <a href=\"mailto:post@topparrangement.no\">post@topparrangement.no<\/a><\/p>\n\n","protected":false},"excerpt":{"rendered":"<p>Vi legger til rette for m\u00f8teplasser der ansatte, kunder og samarbeidspartnere kan bygge relasjoner og styrke nettverk gjennom profesjonelle og engasjerende opplevelser. Fra id\u00e9 til gjennomf\u00f8ring! Sammen finner rett plass og sikrer en s\u00f8ml\u00f8s ramme, enten dere planlegger faglig innhold eller sosiale samlinger for kunder og samarbeidspartnere. V\u00e5r kunnskap, din trygghet Finne rett venue (arrangement&hellip;<\/p>","protected":false},"author":3,"featured_media":945,"parent":4985,"menu_order":16,"comment_status":"closed","ping_status":"closed","template":"","meta":{"_acf_changed":false,"footnotes":""},"class_list":["post-5990","page","type-page","status-publish","has-post-thumbnail","hentry"],"acf":[],"_links":{"self":[{"href":"https:\/\/www-topparrangement.wp2.hcweb.dev\/en\/wp-json\/wp\/v2\/pages\/5990","targetHints":{"allow":["GET"]}}],"collection":[{"href":"https:\/\/www-topparrangement.wp2.hcweb.dev\/en\/wp-json\/wp\/v2\/pages"}],"about":[{"href":"https:\/\/www-topparrangement.wp2.hcweb.dev\/en\/wp-json\/wp\/v2\/types\/page"}],"author":[{"embeddable":true,"href":"https:\/\/www-topparrangement.wp2.hcweb.dev\/en\/wp-json\/wp\/v2\/users\/3"}],"replies":[{"embeddable":true,"href":"https:\/\/www-topparrangement.wp2.hcweb.dev\/en\/wp-json\/wp\/v2\/comments?post=5990"}],"version-history":[{"count":34,"href":"https:\/\/www-topparrangement.wp2.hcweb.dev\/en\/wp-json\/wp\/v2\/pages\/5990\/revisions"}],"predecessor-version":[{"id":13936,"href":"https:\/\/www-topparrangement.wp2.hcweb.dev\/en\/wp-json\/wp\/v2\/pages\/5990\/revisions\/13936"}],"up":[{"embeddable":true,"href":"https:\/\/www-topparrangement.wp2.hcweb.dev\/en\/wp-json\/wp\/v2\/pages\/4985"}],"wp:featuredmedia":[{"embeddable":true,"href":"https:\/\/www-topparrangement.wp2.hcweb.dev\/en\/wp-json\/wp\/v2\/media\/945"}],"wp:attachment":[{"href":"https:\/\/www-topparrangement.wp2.hcweb.dev\/en\/wp-json\/wp\/v2\/media?parent=5990"}],"curies":[{"name":"wp","href":"https:\/\/api.w.org\/{rel}","templated":true}]}}