{"id":5843,"date":"2020-01-12T17:56:44","date_gmt":"2020-01-12T16:56:44","guid":{"rendered":"https:\/\/www-topparrangement.wp2.hcweb.dev\/?page_id=5843"},"modified":"2026-01-20T10:54:14","modified_gmt":"2026-01-20T09:54:14","slug":"nyapning","status":"publish","type":"page","link":"https:\/\/www-topparrangement.wp2.hcweb.dev\/en\/event\/nyapning\/","title":{"rendered":"New opening"},"content":{"rendered":"\n<h1  data-animation-delay=\"0.6\" data-animation-duration=\"1\">\n\t\t\t\t<\/h1>\n<h2>\n\t\t\t\u00c5pning av et nytt bygg er type events vi har lang erfaring fra. Det og lage\u00a0 deres nybygg om til en festsal og skape tidenes festaften for dere og deres gejster er noe av det mest givende vi gj\u00f8r.\u00a0\t<\/h2>\n<figure data-animation-delay=\"0\" data-animation-duration=\"1\" itemscope itemtype=\"https:\/\/schema.org\/ImageObject\">\n\t\t\t\t<img decoding=\"async\" src=\"https:\/\/www-topparrangement.wp2.hcweb.dev\/wp-content\/uploads\/2020\/01\/FAS0195-1-scaled.jpg\" alt=\"_FAS0195\" height=\"1703\" width=\"2560\" title=\"_FAS0195\" onerror=\"this.style.display='none'\" loading=\"lazy\" \/>\n\t<\/figure>\n\t<p>Det f\u00f8rste vi ofte gj\u00f8r rundt arrangement som \u00e5pning av bygg er \u00e5 ta en befaring. Her f\u00e5r vi h\u00f8rt litt mer rundt deres tanker og ideer. Sammen med v\u00e5r erfaring rundt forslag er ofte dette starten p\u00e5 en minnerik festaften.<\/p>\n<h3>Vi kan blant annet bist\u00e5 med:<\/h3>\n<ul>\n<li>Befaring og idemuldring sammen med deg som kunde<\/li>\n<li>Forslag til innhold som underholdning og livemusikk<\/li>\n<li>Bord, stol, oppdekking og annet som h\u00f8rer til.<\/li>\n<li>Teknisk som lyd, lys, scene og bilde.<\/li>\n<li>Mat, drikke, kokker og servit\u00f8rer.<\/li>\n<li>Elektroniske p\u00e5meldingskjema.<\/li>\n<li>Koordinering og tilrettelegging f\u00f8r og under arrangement.<\/li>\n<li>Gjennomf\u00f8ring<\/li>\n<\/ul>\n<p>Det \u00e5 planlegge arrangement p\u00e5 eget bygg er mer oftattende enn \u00e5 komme til ferdigdekt bord p\u00e5 et hotell. Det er derfor vi har mange oppdrag av nettopp denne type fest. Du som kunde kan forholde deg til en leverand\u00f8r, oss i Topp Arrangement, mens vi tar oss av alle de andre. Under selve kvelden kan du selv v\u00e6re gjest, mens vi tar oss av koordineringen.<\/p>\n\t\t\t<h3>Kontakt oss<\/h3>\n    <form id=\"wpforms-form-8615\" data-formid=\"8615\" method=\"post\" enctype=\"multipart\/form-data\" action=\"\/?page_id=5843&#038;fl_builder\" data-token=\"a036951d2bfe9a3f5a9b5f2eb74279e3\" data-token-time=\"1768902854\">Foresp\u00f8rsel_med kommentarfeltPlease enable JavaScript in your browser to complete this form.<label for=\"wpforms-8615-field_1\">Firmanavn \/ avdeling *<\/label><input type=\"text\" id=\"wpforms-8615-field_1\" name=\"wpforms[fields][1]\" required\/><label for=\"wpforms-8615-field_2\">E-post *<\/label><input type=\"email\" id=\"wpforms-8615-field_2\" name=\"wpforms[fields][2]\" spellcheck=\"false\" required\/><label for=\"wpforms-8615-field_3\">Telefon kontaktperson  *<\/label><input type=\"number\" id=\"wpforms-8615-field_3\" name=\"wpforms[fields][3]\" step=\"any\" required\/><label for=\"wpforms-8615-field_4\">Dato *<\/label><input type=\"text\" id=\"wpforms-8615-field_4\" data-date-format=\"F j, Y\" data-disable-past-dates=\"1\" data-disable-todays-date=\"0\" data-input=\"true\" name=\"wpforms[fields][4][date]\" required\/><a title=\"Clear Date\" data-clear role=\"button\" tabindex=\"0\" aria-label=\"Clear Date\"><\/a><label for=\"wpforms-8615-field_5\">Tilleggsinfo<\/label><textarea id=\"wpforms-8615-field_5\" name=\"wpforms[fields][5]\"><\/textarea><!-- .wpforms-field-container --><input type=\"hidden\" name=\"wpforms[recaptcha]\" value=\"\"\/><input type=\"hidden\" name=\"wpforms[id]\" value=\"8615\"\/>\t\t\t<input type=\"hidden\"\n\t\t\t\tname=\"wpforms[nonce]\"\n\t\t\t\tvalue=\"9eef3933e4\"\n\t\t\t\/>\n\t\t\t<input type=\"hidden\" name=\"page_title\" value=\"Ny\u00e5pning\"\/><input type=\"hidden\" name=\"page_url\" value=\"https:\/\/www-topparrangement.wp2.hcweb.dev\/?page_id=5843&#038;fl_builder\"\/><input type=\"hidden\" name=\"url_referer\" value=\"\"\/><input type=\"hidden\" name=\"page_id\" value=\"5843\"\/><input type=\"hidden\" name=\"wpforms[post_id]\" value=\"5843\"\/><button type=\"submit\" name=\"wpforms[submit]\" id=\"wpforms-submit-8615\" data-alt-text=\"Sender...\" data-submit-text=\"Send\" aria-live=\"assertive\" value=\"wpforms-submit\">Send<\/button><\/form>  <!-- .wpforms-container -->\n<figure data-animation-delay=\"0\" data-animation-duration=\"1\" itemscope itemtype=\"https:\/\/schema.org\/ImageObject\">\n\t\t\t\t<img decoding=\"async\" src=\"https:\/\/www-topparrangement.wp2.hcweb.dev\/wp-content\/uploads\/2020\/05\/IMG_4778.jpg\" alt=\"www.topparrangement.no\" height=\"1512\" width=\"2016\" title=\"Sommerfest\" onerror=\"this.style.display='none'\" loading=\"lazy\" \/>\n\t<\/figure>\n\t<p>Ta <a href=\"https:\/\/www-topparrangement.wp2.hcweb.dev\/kontakt\/\">kontakt<\/a> for en prat og vi skreddersyr deretter et uforpliktet konsept tilbud til deg og ditt firma. I samarbeid med deg skaper vi magi p\u00e5 deres neste arrangement!<\/p>\n\t<p>Telefon: <a href=\"tel:90501418\">90 50 14 18<\/a>. \u00a0 E-post: <a href=\"mailto:post@topparrangement.no\">post@topparrangement.no<\/a><\/p>\n\n","protected":false},"excerpt":{"rendered":"<p>\u00c5pning av et nytt bygg er type events vi har lang erfaring fra. Det og lage\u00a0 deres nybygg om til en festsal og skape tidenes festaften for dere og deres gejster er noe av det mest givende vi gj\u00f8r.\u00a0 Det f\u00f8rste vi ofte gj\u00f8r rundt arrangement som \u00e5pning av bygg er \u00e5 ta en befaring.&hellip;<\/p>","protected":false},"author":3,"featured_media":4086,"parent":4985,"menu_order":45,"comment_status":"closed","ping_status":"closed","template":"","meta":{"_acf_changed":false,"footnotes":""},"class_list":["post-5843","page","type-page","status-publish","has-post-thumbnail","hentry"],"acf":[],"_links":{"self":[{"href":"https:\/\/www-topparrangement.wp2.hcweb.dev\/en\/wp-json\/wp\/v2\/pages\/5843","targetHints":{"allow":["GET"]}}],"collection":[{"href":"https:\/\/www-topparrangement.wp2.hcweb.dev\/en\/wp-json\/wp\/v2\/pages"}],"about":[{"href":"https:\/\/www-topparrangement.wp2.hcweb.dev\/en\/wp-json\/wp\/v2\/types\/page"}],"author":[{"embeddable":true,"href":"https:\/\/www-topparrangement.wp2.hcweb.dev\/en\/wp-json\/wp\/v2\/users\/3"}],"replies":[{"embeddable":true,"href":"https:\/\/www-topparrangement.wp2.hcweb.dev\/en\/wp-json\/wp\/v2\/comments?post=5843"}],"version-history":[{"count":2,"href":"https:\/\/www-topparrangement.wp2.hcweb.dev\/en\/wp-json\/wp\/v2\/pages\/5843\/revisions"}],"predecessor-version":[{"id":13772,"href":"https:\/\/www-topparrangement.wp2.hcweb.dev\/en\/wp-json\/wp\/v2\/pages\/5843\/revisions\/13772"}],"up":[{"embeddable":true,"href":"https:\/\/www-topparrangement.wp2.hcweb.dev\/en\/wp-json\/wp\/v2\/pages\/4985"}],"wp:featuredmedia":[{"embeddable":true,"href":"https:\/\/www-topparrangement.wp2.hcweb.dev\/en\/wp-json\/wp\/v2\/media\/4086"}],"wp:attachment":[{"href":"https:\/\/www-topparrangement.wp2.hcweb.dev\/en\/wp-json\/wp\/v2\/media?parent=5843"}],"curies":[{"name":"wp","href":"https:\/\/api.w.org\/{rel}","templated":true}]}}