{"id":5797,"date":"2020-01-12T15:35:26","date_gmt":"2020-01-12T14:35:26","guid":{"rendered":"https:\/\/www-topparrangement.wp2.hcweb.dev\/?page_id=5797"},"modified":"2026-04-05T22:13:24","modified_gmt":"2026-04-05T20:13:24","slug":"sommerarrangement","status":"publish","type":"page","link":"https:\/\/www-topparrangement.wp2.hcweb.dev\/en\/event\/sommerarrangement\/","title":{"rendered":"Summer party"},"content":{"rendered":"\n<h1  data-animation-delay=\"0\" data-animation-duration=\"1\">\n\t\t\t\t<\/h1>\n<h2>\n\t\t\tEn avslutning f\u00f8r sommeren er en av \u00e5rets store begivenheter, en oppmerksomhet til de ansatte i form av en uformell kveld fylt med gode opplevelser med god mat og underholdning.\u00a0\t<\/h2>\n<figure data-animation-delay=\"0\" data-animation-duration=\"1\" itemscope itemtype=\"https:\/\/schema.org\/ImageObject\">\n\t\t\t\t<img decoding=\"async\" src=\"https:\/\/www-topparrangement.wp2.hcweb.dev\/wp-content\/uploads\/2023\/06\/DSC6733-scaled.jpg\" alt=\"_DSC6733\" height=\"1707\" width=\"2560\" title=\"_DSC6733\" onerror=\"this.style.display='none'\" loading=\"lazy\" \/>\n\t<\/figure>\n\t<h3>Konseptforslag<strong> for sommerfest<\/strong><\/h3>\n<ul>\n<li>Telt, grillbuffet, standup og livemusikk<\/li>\n<li>teambuilding med aktiviteter, sommer-tapas og underholdning<\/li>\n<li>B\u00e5ttur med sightseeing i Lysefjorden, skalldyrbuffet og trubadur.<\/li>\n<li>Skreddersydd kveld med show eller konsert.<\/li>\n<li>Temafest med westernaktiviteter, brasialansk sambakveld eller iteliensk aften.<\/li>\n<\/ul>\n<p>&nbsp;<\/p>\n<h4>Sammen finner vi gode l\u00f8sninger.<\/h4>\n<p>Muligheten er mange og vi trenger i f\u00f8rsteomgang litt info om deres firma, hvor mange personer dere er, hva dere har gjort tidligere og om dere allerede har gjort noen tanker for \u00e5rets arrangement.<\/p>\n\t\t\t<h3>Send Foresp\u00f8rsel<\/h3>\n    <form id=\"wpforms-form-9135\" data-formid=\"9135\" method=\"post\" enctype=\"multipart\/form-data\" action=\"\/?page_id=5797&#038;fl_builder\" data-token=\"61032f971ec66483d9dcc023a5202f6f\" data-token-time=\"1775420004\">Generelt kontaktskjemaPlease enable JavaScript in your browser to complete this form.<label for=\"wpforms-9135-field_6\">Navn *<\/label><input type=\"text\" id=\"wpforms-9135-field_6\" name=\"wpforms[fields][6]\" placeholder=\"Ditt navn\" required\/><label for=\"wpforms-9135-field_2\">E-post *<\/label><input type=\"email\" id=\"wpforms-9135-field_2\" name=\"wpforms[fields][2]\" placeholder=\"Deres e-post\" spellcheck=\"false\" required\/><label for=\"wpforms-9135-field_3\">Telefon  *<\/label><input type=\"number\" id=\"wpforms-9135-field_3\" name=\"wpforms[fields][3]\" placeholder=\"Ditt telefonnummer\" step=\"any\" required\/><label for=\"wpforms-9135-field_1\">Firma \/ avdeling<\/label><input type=\"text\" id=\"wpforms-9135-field_1\" name=\"wpforms[fields][1]\" placeholder=\"Skriv inn hvilket firma \/ avdeling det gjelder\"\/><label for=\"wpforms-9135-field_5\">Dato \/ sted<\/label><input type=\"text\" id=\"wpforms-9135-field_5\" name=\"wpforms[fields][5]\" placeholder=\"Fyll ut tid og sted for arragmenet\"\/><label for=\"wpforms-9135-field_7\">Melding<\/label><textarea id=\"wpforms-9135-field_7\" name=\"wpforms[fields][7]\" placeholder=\"Hva kan vi hjelpe deg med?\"><\/textarea><!-- .wpforms-field-container --><input type=\"hidden\" name=\"wpforms[recaptcha]\" value=\"\"\/><input type=\"hidden\" name=\"wpforms[id]\" value=\"9135\"\/>\t\t\t<input type=\"hidden\"\n\t\t\t\tname=\"wpforms[nonce]\"\n\t\t\t\tvalue=\"23a6d50213\"\n\t\t\t\/>\n\t\t\t<input type=\"hidden\" name=\"page_title\" value=\"Sommerfest\"\/><input type=\"hidden\" name=\"page_url\" value=\"https:\/\/www-topparrangement.wp2.hcweb.dev\/?page_id=5797&#038;fl_builder\"\/><input type=\"hidden\" name=\"url_referer\" value=\"\"\/><input type=\"hidden\" name=\"page_id\" value=\"5797\"\/><input type=\"hidden\" name=\"wpforms[post_id]\" value=\"5797\"\/><button type=\"submit\" name=\"wpforms[submit]\" id=\"wpforms-submit-9135\" data-alt-text=\"Sender...\" data-submit-text=\"Send\" aria-live=\"assertive\" value=\"wpforms-submit\">Send<\/button><\/form>  <!-- .wpforms-container -->\n<figure data-animation-delay=\"0\" data-animation-duration=\"1\" itemscope itemtype=\"https:\/\/schema.org\/ImageObject\">\n\t\t\t\t<img decoding=\"async\" src=\"https:\/\/www-topparrangement.wp2.hcweb.dev\/wp-content\/uploads\/2026\/04\/Teambuiling-for-firma.png\" alt=\"Teambuiling for firma\" height=\"1024\" width=\"1536\" title=\"Teambuiling for firma\" onerror=\"this.style.display='none'\" loading=\"lazy\" \/>\n\t<\/figure>\n\t<h4 data-start=\"64\" data-end=\"248\">Skap minneverdige \u00f8yeblikk og en unik atmosf\u00e6re p\u00e5 \u00e5rets sommeravslutning.<\/h4>\n<h4 data-start=\"64\" data-end=\"248\">Vi tilrettelegger for uformelle arrangementer med god mat, underholdning og en stemning som samler mennesker.<\/h4>\n<h4 data-start=\"250\" data-end=\"422\">V\u00e5rt erfarne team tar h\u00e5nd om hele gjennomf\u00f8ringen &#8211; fra id\u00e9 til ferdig opplevelse.<\/h4>\n\t<p>Ta <a href=\"https:\/\/www-topparrangement.wp2.hcweb.dev\/kontakt\/\">kontakt<\/a> for en prat og vi skreddersyr deretter et uforpliktet konsept tilbud til deg og ditt firma. I samarbeid med deg skaper vi magi p\u00e5 deres neste arrangement!<\/p>\n\t<p>Telefon: <a href=\"tel:90501418\">90 50 14 18<\/a>. \u00a0 E-post: <a href=\"mailto:post@topparrangement.no\">post@topparrangement.no<\/a><\/p>\n\n","protected":false},"excerpt":{"rendered":"<p>En avslutning f\u00f8r sommeren er en av \u00e5rets store begivenheter, en oppmerksomhet til de ansatte i form av en uformell kveld fylt med gode opplevelser med god mat og underholdning.\u00a0 Konseptforslag for sommerfest Telt, grillbuffet, standup og livemusikk teambuilding med aktiviteter, sommer-tapas og underholdning B\u00e5ttur med sightseeing i Lysefjorden, skalldyrbuffet og trubadur. Skreddersydd kveld med&hellip;<\/p>","protected":false},"author":3,"featured_media":13878,"parent":4985,"menu_order":15,"comment_status":"closed","ping_status":"closed","template":"","meta":{"_acf_changed":false,"footnotes":""},"class_list":["post-5797","page","type-page","status-publish","has-post-thumbnail","hentry"],"acf":[],"_links":{"self":[{"href":"https:\/\/www-topparrangement.wp2.hcweb.dev\/en\/wp-json\/wp\/v2\/pages\/5797","targetHints":{"allow":["GET"]}}],"collection":[{"href":"https:\/\/www-topparrangement.wp2.hcweb.dev\/en\/wp-json\/wp\/v2\/pages"}],"about":[{"href":"https:\/\/www-topparrangement.wp2.hcweb.dev\/en\/wp-json\/wp\/v2\/types\/page"}],"author":[{"embeddable":true,"href":"https:\/\/www-topparrangement.wp2.hcweb.dev\/en\/wp-json\/wp\/v2\/users\/3"}],"replies":[{"embeddable":true,"href":"https:\/\/www-topparrangement.wp2.hcweb.dev\/en\/wp-json\/wp\/v2\/comments?post=5797"}],"version-history":[{"count":13,"href":"https:\/\/www-topparrangement.wp2.hcweb.dev\/en\/wp-json\/wp\/v2\/pages\/5797\/revisions"}],"predecessor-version":[{"id":13935,"href":"https:\/\/www-topparrangement.wp2.hcweb.dev\/en\/wp-json\/wp\/v2\/pages\/5797\/revisions\/13935"}],"up":[{"embeddable":true,"href":"https:\/\/www-topparrangement.wp2.hcweb.dev\/en\/wp-json\/wp\/v2\/pages\/4985"}],"wp:featuredmedia":[{"embeddable":true,"href":"https:\/\/www-topparrangement.wp2.hcweb.dev\/en\/wp-json\/wp\/v2\/media\/13878"}],"wp:attachment":[{"href":"https:\/\/www-topparrangement.wp2.hcweb.dev\/en\/wp-json\/wp\/v2\/media?parent=5797"}],"curies":[{"name":"wp","href":"https:\/\/api.w.org\/{rel}","templated":true}]}}