{"id":5793,"date":"2020-01-12T15:30:45","date_gmt":"2020-01-12T14:30:45","guid":{"rendered":"https:\/\/www-topparrangement.wp2.hcweb.dev\/?page_id=5793"},"modified":"2026-04-05T18:00:14","modified_gmt":"2026-04-05T16:00:14","slug":"faglig-kick-off","status":"publish","type":"page","link":"https:\/\/www-topparrangement.wp2.hcweb.dev\/en\/faglig-kick-off\/","title":{"rendered":"Kick-off"},"content":{"rendered":"\n<h1  data-animation-delay=\"\" data-animation-duration=\"1\">\n\t\t\t\t<\/h1>\n<h2>\n\t\t\tStart det nye \u00e5ret eller h\u00f8sten med en\u00a0 engasjernende kick off.\u00a0\t<\/h2>\n\t<p>En kickoff skal inspirere, bygge samhold og gi ny energi til de ansatte. Den samler teamet, tydeliggj\u00f8r m\u00e5l og gir en sterk start p\u00e5 perioden som kommer, gjennom relevant innhold og gode opplevelser.<\/p>\n\t<p>Vi bist\u00e5r med id\u00e9, innhold og gjennomf\u00f8ring av kickoff for ansatte. Sammen utvikler vi skreddersydde konsepter som engasjerer, kombinerer faglig p\u00e5fyll med opplevelser og gir en sterk start p\u00e5 perioden som kommer.<\/p>\n<figure data-animation-delay=\"0\" data-animation-duration=\"1\" itemscope itemtype=\"https:\/\/schema.org\/ImageObject\">\n\t\t\t\t<img decoding=\"async\" src=\"https:\/\/www-topparrangement.wp2.hcweb.dev\/wp-content\/uploads\/2026\/04\/Need-Music.png\" alt=\"Kickoff event\" height=\"1024\" width=\"1536\" title=\"Kickoff event\" onerror=\"this.style.display='none'\" loading=\"lazy\" \/>\n\t<\/figure>\n\t<h3><strong>Fra ide til gjennomf\u00f8ring:<\/strong><\/h3>\n<ul>\n<li>Forslag til foredragsholdere, workshop og kursholdere.<\/li>\n<li>Tekniske l\u00f8sninger av lyd, lys, skjerm, dekor og teknisk bemanning.<\/li>\n<li>Teambuilding \/ aktiviteter.<\/li>\n<li>Dialog med hotel og venues<\/li>\n<li>Forslag til mat og drikke<\/li>\n<li>Formidling av komiker, artist og livemusikk.<\/li>\n<li>Oppsett av detaljert kj\u00f8replan<\/li>\n<li>Planlegging og koordinering f\u00f8r arrangement<\/li>\n<li>Prosjektledelse og gjennom f\u00f8ring av dagen \/ kvelden.<\/li>\n<\/ul>\n<p>&nbsp;<\/p>\n<p>Vi samler alle tr\u00e5der og skaper en s\u00f8ml\u00f8s gjennomf\u00f8ring. Resultatet er et arrangement som engasjerer og gir verdi.<\/p>\n\t\t\t<h3>Kontakt oss<\/h3>\n    <form id=\"wpforms-form-8615\" data-formid=\"8615\" method=\"post\" enctype=\"multipart\/form-data\" action=\"\/?page_id=5793&#038;fl_builder\" data-token=\"783abea234c66d8342b4eca257db65a3\" data-token-time=\"1775404814\">Foresp\u00f8rsel_med kommentarfeltPlease enable JavaScript in your browser to complete this form.<label for=\"wpforms-8615-field_1\">Firmanavn \/ avdeling *<\/label><input type=\"text\" id=\"wpforms-8615-field_1\" name=\"wpforms[fields][1]\" required\/><label for=\"wpforms-8615-field_2\">E-post *<\/label><input type=\"email\" id=\"wpforms-8615-field_2\" name=\"wpforms[fields][2]\" spellcheck=\"false\" required\/><label for=\"wpforms-8615-field_3\">Telefon kontaktperson  *<\/label><input type=\"number\" id=\"wpforms-8615-field_3\" name=\"wpforms[fields][3]\" step=\"any\" required\/><label for=\"wpforms-8615-field_4\">Dato *<\/label><input type=\"text\" id=\"wpforms-8615-field_4\" data-date-format=\"F j, Y\" data-disable-past-dates=\"1\" data-disable-todays-date=\"0\" data-input=\"true\" name=\"wpforms[fields][4][date]\" required\/><a title=\"Clear Date\" data-clear role=\"button\" tabindex=\"0\" aria-label=\"Clear Date\"><\/a><label for=\"wpforms-8615-field_5\">Tilleggsinfo<\/label><textarea id=\"wpforms-8615-field_5\" name=\"wpforms[fields][5]\"><\/textarea><!-- .wpforms-field-container --><input type=\"hidden\" name=\"wpforms[recaptcha]\" value=\"\"\/><input type=\"hidden\" name=\"wpforms[id]\" value=\"8615\"\/>\t\t\t<input type=\"hidden\"\n\t\t\t\tname=\"wpforms[nonce]\"\n\t\t\t\tvalue=\"6d6d5f4da3\"\n\t\t\t\/>\n\t\t\t<input type=\"hidden\" name=\"page_title\" value=\"Kick Off\"\/><input type=\"hidden\" name=\"page_url\" value=\"https:\/\/www-topparrangement.wp2.hcweb.dev\/?page_id=5793&#038;fl_builder\"\/><input type=\"hidden\" name=\"url_referer\" value=\"\"\/><input type=\"hidden\" name=\"page_id\" value=\"5793\"\/><input type=\"hidden\" name=\"wpforms[post_id]\" value=\"5793\"\/><button type=\"submit\" name=\"wpforms[submit]\" id=\"wpforms-submit-8615\" data-alt-text=\"Sender...\" data-submit-text=\"Send\" aria-live=\"assertive\" value=\"wpforms-submit\">Send<\/button><\/form>  <!-- .wpforms-container -->\n<figure data-animation-delay=\"0\" data-animation-duration=\"1\" itemscope itemtype=\"https:\/\/schema.org\/ImageObject\">\n\t\t\t\t<img decoding=\"async\" src=\"https:\/\/www-topparrangement.wp2.hcweb.dev\/wp-content\/uploads\/2026\/04\/Prosjektledere.png\" alt=\"Prosjektledere\" height=\"512\" width=\"512\" title=\"Prosjektledere\" onerror=\"this.style.display='none'\" loading=\"lazy\" \/>\n\t<\/figure>\n\t<p>Ta <a href=\"https:\/\/www-topparrangement.wp2.hcweb.dev\/kontakt\/\">kontakt<\/a> for en prat og vi skreddersyr deretter et uforpliktet konsept tilbud til deg og ditt firma. I samarbeid med deg skaper vi magi p\u00e5 deres neste arrangement!<\/p>\n\t<p>Telefon: <a href=\"tel:90501418\">90 50 14 18<\/a>. \u00a0 E-post: <a href=\"mailto:post@topparrangement.no\">post@topparrangement.no<\/a><\/p>\n\n","protected":false},"excerpt":{"rendered":"<p>Start det nye \u00e5ret eller h\u00f8sten med en\u00a0 engasjernende kick off.\u00a0 En kickoff skal inspirere, bygge samhold og gi ny energi til de ansatte. Den samler teamet, tydeliggj\u00f8r m\u00e5l og gir en sterk start p\u00e5 perioden som kommer, gjennom relevant innhold og gode opplevelser. Vi bist\u00e5r med id\u00e9, innhold og gjennomf\u00f8ring av kickoff for ansatte.&hellip;<\/p>","protected":false},"author":3,"featured_media":13860,"parent":0,"menu_order":27,"comment_status":"closed","ping_status":"closed","template":"","meta":{"_acf_changed":false,"footnotes":""},"class_list":["post-5793","page","type-page","status-publish","has-post-thumbnail","hentry"],"acf":[],"_links":{"self":[{"href":"https:\/\/www-topparrangement.wp2.hcweb.dev\/en\/wp-json\/wp\/v2\/pages\/5793","targetHints":{"allow":["GET"]}}],"collection":[{"href":"https:\/\/www-topparrangement.wp2.hcweb.dev\/en\/wp-json\/wp\/v2\/pages"}],"about":[{"href":"https:\/\/www-topparrangement.wp2.hcweb.dev\/en\/wp-json\/wp\/v2\/types\/page"}],"author":[{"embeddable":true,"href":"https:\/\/www-topparrangement.wp2.hcweb.dev\/en\/wp-json\/wp\/v2\/users\/3"}],"replies":[{"embeddable":true,"href":"https:\/\/www-topparrangement.wp2.hcweb.dev\/en\/wp-json\/wp\/v2\/comments?post=5793"}],"version-history":[{"count":14,"href":"https:\/\/www-topparrangement.wp2.hcweb.dev\/en\/wp-json\/wp\/v2\/pages\/5793\/revisions"}],"predecessor-version":[{"id":13872,"href":"https:\/\/www-topparrangement.wp2.hcweb.dev\/en\/wp-json\/wp\/v2\/pages\/5793\/revisions\/13872"}],"wp:featuredmedia":[{"embeddable":true,"href":"https:\/\/www-topparrangement.wp2.hcweb.dev\/en\/wp-json\/wp\/v2\/media\/13860"}],"wp:attachment":[{"href":"https:\/\/www-topparrangement.wp2.hcweb.dev\/en\/wp-json\/wp\/v2\/media?parent=5793"}],"curies":[{"name":"wp","href":"https:\/\/api.w.org\/{rel}","templated":true}]}}