{"id":5362,"date":"2019-11-17T18:57:43","date_gmt":"2019-11-17T17:57:43","guid":{"rendered":"https:\/\/www-topparrangement.wp2.hcweb.dev\/?page_id=5362"},"modified":"2026-01-13T15:28:00","modified_gmt":"2026-01-13T14:28:00","slug":"bankettogjubileum","status":"publish","type":"page","link":"https:\/\/www-topparrangement.wp2.hcweb.dev\/en\/event\/bankettogjubileum\/","title":{"rendered":"Banquet"},"content":{"rendered":"\n\n<h2>\n\t\t\tVi bist\u00e5r ditt firma i planleggingen av jubileum og banketter hvor vi i samabeid finner l\u00f8sningene for unike opplevelser, magiske \u00f8yeblikk hvor vi er med hele veien fra ide til planlegging og gjennomf\u00f8ring.\t<\/h2>\n\t<p>Det er mange kontaktledd som skal kontaktes, det skal planlegges og arrangementet skal gjennomf\u00f8res. For \u00e5 gj\u00f8re din hverdag enklere vil du som kunde ha et kontaktledd, nemlig oss i Topp Arrangement. Vi tar oss av alle de andre.<\/p>\n\t<p>P\u00e5 selve kvelden har vi en eller flere prosjektleder tilstede for gjennomf\u00f8ring av arrangementet, slik at du som kunde kan senke skuldene, kose deg og heller bruke tiden p\u00e5 dine gjester. Vi har lang erfaring og veit hva som fungerer.<\/p>\n<figure itemscope itemtype=\"https:\/\/schema.org\/ImageObject\">\n\t\t\t\t<img decoding=\"async\" src=\"https:\/\/www-topparrangement.wp2.hcweb.dev\/wp-content\/uploads\/2020\/01\/show_de_vida-9608.jpg\" alt=\"Show De Vida\" height=\"800\" width=\"1200\" title=\"Show De Vida\" onerror=\"this.style.display='none'\" loading=\"lazy\" \/>\n\t<\/figure>\n\t<h2>Vi kan blant annet bist\u00e5 med:<\/h2>\n<ul>\n<li>Idemyldring<\/li>\n<li>Elektroniske p\u00e5meldingskjemaer<\/li>\n<li>Underholdning, musikk og konsepter<\/li>\n<li>Lyd, lys, scene og teknisk crew<\/li>\n<li>R\u00f8d l\u00f8per, fakler, blomster, hvite stoltrekk<\/li>\n<li>Bordnummer, bordoversikt og annet designmateriell<\/li>\n<li>Detaljplanlegging og oppsett av kj\u00f8replan<\/li>\n<li>Prosjektledelse f\u00f8r og under arrangement<\/li>\n<li>Gjennomf\u00f8ring av selve kvelden<\/li>\n<\/ul>\n<p>&nbsp;<\/p>\n<p>Vi kan bist\u00e5 gjennom hele prosessen fra ide til planlegging og gjennomf\u00f8ringen av selve arrangementet. Vi kan ogs\u00e5 bist\u00e5 med kun deler av prosessen hvor vi eksempelvis kommer med forslag til underholdning og livemusikk.<\/p>\n\t\t\t<h3>Send Foresp\u00f8rsel<\/h3>\n    <form id=\"wpforms-form-8615\" data-formid=\"8615\" method=\"post\" enctype=\"multipart\/form-data\" action=\"\/?page_id=5362&#038;fl_builder\" data-token=\"9a1438f36311f2c0493be21cb91319dc\" data-token-time=\"1768314480\">Foresp\u00f8rsel_med kommentarfeltPlease enable JavaScript in your browser to complete this form.<label for=\"wpforms-8615-field_1\">Firmanavn \/ avdeling *<\/label><input type=\"text\" id=\"wpforms-8615-field_1\" name=\"wpforms[fields][1]\" required\/><label for=\"wpforms-8615-field_2\">E-post *<\/label><input type=\"email\" id=\"wpforms-8615-field_2\" name=\"wpforms[fields][2]\" spellcheck=\"false\" required\/><label for=\"wpforms-8615-field_3\">Telefon kontaktperson  *<\/label><input type=\"number\" id=\"wpforms-8615-field_3\" name=\"wpforms[fields][3]\" step=\"any\" required\/><label for=\"wpforms-8615-field_4\">Dato *<\/label><input type=\"text\" id=\"wpforms-8615-field_4\" data-date-format=\"F j, Y\" data-disable-past-dates=\"1\" data-disable-todays-date=\"0\" data-input=\"true\" name=\"wpforms[fields][4][date]\" required\/><a title=\"Clear Date\" data-clear role=\"button\" tabindex=\"0\" aria-label=\"Clear Date\"><\/a><label for=\"wpforms-8615-field_5\">Tilleggsinfo<\/label><textarea id=\"wpforms-8615-field_5\" name=\"wpforms[fields][5]\"><\/textarea><!-- .wpforms-field-container --><input type=\"hidden\" name=\"wpforms[recaptcha]\" value=\"\"\/><input type=\"hidden\" name=\"wpforms[id]\" value=\"8615\"\/>\t\t\t<input type=\"hidden\"\n\t\t\t\tname=\"wpforms[nonce]\"\n\t\t\t\tvalue=\"034d53ead5\"\n\t\t\t\/>\n\t\t\t<input type=\"hidden\" name=\"page_title\" value=\"Bankett\"\/><input type=\"hidden\" name=\"page_url\" value=\"https:\/\/www-topparrangement.wp2.hcweb.dev\/?page_id=5362&#038;fl_builder\"\/><input type=\"hidden\" name=\"url_referer\" value=\"\"\/><input type=\"hidden\" name=\"page_id\" value=\"5362\"\/><input type=\"hidden\" name=\"wpforms[post_id]\" value=\"5362\"\/><button type=\"submit\" name=\"wpforms[submit]\" id=\"wpforms-submit-8615\" data-alt-text=\"Sender...\" data-submit-text=\"Send\" aria-live=\"assertive\" value=\"wpforms-submit\">Send<\/button><\/form>  <!-- .wpforms-container -->\n<figure data-animation-delay=\"0\" data-animation-duration=\"1\" itemscope itemtype=\"https:\/\/schema.org\/ImageObject\">\n\t\t\t\t<img decoding=\"async\" src=\"https:\/\/www-topparrangement.wp2.hcweb.dev\/wp-content\/uploads\/2020\/05\/FAS6841.jpg\" alt=\"Siste finjusteringer\" height=\"852\" width=\"1280\" title=\"Apertiff\" onerror=\"this.style.display='none'\" loading=\"lazy\" \/>\n\t<\/figure>\n\t<p>Vi har lang erfaring med banketter, v\u00e5r m\u00e5lsetning er \u00e5 ta arrangementet til nye h\u00f8yder med raffinert eleganse og unike detaljer. En bankett er en finere festmiddag med fokus p\u00e5 kulinarisk nytelse og fantastisk underholdning. Ofte arrangert for jubileer, \u00e5rsfester og andre spesielle anledninger. Vi tar h\u00e5nd om alle detaljene f\u00f8r og under arrangement. Fra konsept til gjennomf\u00f8ring sikrer v\u00e5re erfarne prosjektledere en minneverdig kveld for gjestene.<\/p>\n\t<p>Ta <a href=\"https:\/\/www-topparrangement.wp2.hcweb.dev\/kontakt\/\">kontakt<\/a> for en prat og vi skreddersyr deretter et uforpliktet konsept tilbud til deg og ditt firma. I samarbeid med deg skaper vi magi p\u00e5 deres neste arrangement!<\/p>\n\t<p>Ring oss p\u00e5 <a href=\"tel:90501418\">90 50 14 18<\/a>. \u00a0 E-post: <a href=\"mailto:post@topparrangement.no\">post@topparrangement.no<\/a><\/p>\n\n","protected":false},"excerpt":{"rendered":"<p>Vi bist\u00e5r ditt firma i planleggingen av jubileum og banketter hvor vi i samabeid finner l\u00f8sningene for unike opplevelser, magiske \u00f8yeblikk hvor vi er med hele veien fra ide til planlegging og gjennomf\u00f8ring. Det er mange kontaktledd som skal kontaktes, det skal planlegges og arrangementet skal gjennomf\u00f8res. For \u00e5 gj\u00f8re din hverdag enklere vil du&hellip;<\/p>","protected":false},"author":3,"featured_media":11210,"parent":4985,"menu_order":18,"comment_status":"closed","ping_status":"closed","template":"","meta":{"_acf_changed":false,"footnotes":""},"class_list":["post-5362","page","type-page","status-publish","has-post-thumbnail","hentry"],"acf":[],"_links":{"self":[{"href":"https:\/\/www-topparrangement.wp2.hcweb.dev\/en\/wp-json\/wp\/v2\/pages\/5362","targetHints":{"allow":["GET"]}}],"collection":[{"href":"https:\/\/www-topparrangement.wp2.hcweb.dev\/en\/wp-json\/wp\/v2\/pages"}],"about":[{"href":"https:\/\/www-topparrangement.wp2.hcweb.dev\/en\/wp-json\/wp\/v2\/types\/page"}],"author":[{"embeddable":true,"href":"https:\/\/www-topparrangement.wp2.hcweb.dev\/en\/wp-json\/wp\/v2\/users\/3"}],"replies":[{"embeddable":true,"href":"https:\/\/www-topparrangement.wp2.hcweb.dev\/en\/wp-json\/wp\/v2\/comments?post=5362"}],"version-history":[{"count":5,"href":"https:\/\/www-topparrangement.wp2.hcweb.dev\/en\/wp-json\/wp\/v2\/pages\/5362\/revisions"}],"predecessor-version":[{"id":13181,"href":"https:\/\/www-topparrangement.wp2.hcweb.dev\/en\/wp-json\/wp\/v2\/pages\/5362\/revisions\/13181"}],"up":[{"embeddable":true,"href":"https:\/\/www-topparrangement.wp2.hcweb.dev\/en\/wp-json\/wp\/v2\/pages\/4985"}],"wp:featuredmedia":[{"embeddable":true,"href":"https:\/\/www-topparrangement.wp2.hcweb.dev\/en\/wp-json\/wp\/v2\/media\/11210"}],"wp:attachment":[{"href":"https:\/\/www-topparrangement.wp2.hcweb.dev\/en\/wp-json\/wp\/v2\/media?parent=5362"}],"curies":[{"name":"wp","href":"https:\/\/api.w.org\/{rel}","templated":true}]}}