{"id":5354,"date":"2019-11-17T18:46:06","date_gmt":"2019-11-17T17:46:06","guid":{"rendered":"https:\/\/www-topparrangement.wp2.hcweb.dev\/?page_id=5354"},"modified":"2026-01-13T15:29:33","modified_gmt":"2026-01-13T14:29:33","slug":"kundearrangement","status":"publish","type":"page","link":"https:\/\/www-topparrangement.wp2.hcweb.dev\/en\/event\/kundearrangement\/","title":{"rendered":"Customer event"},"content":{"rendered":"\n\n<h2>\n\t\t\tPlanlegger du et kundearrangement er det viktig \u00e5 vise seg fra sin beste side. Det er helheten og detaljene som teller i alt vi gj\u00f8r.\t<\/h2>\n<figure data-animation-delay=\"0\" data-animation-duration=\"1\" itemscope itemtype=\"https:\/\/schema.org\/ImageObject\">\n\t\t\t\t<img decoding=\"async\" src=\"https:\/\/www-topparrangement.wp2.hcweb.dev\/wp-content\/uploads\/2023\/08\/Kundeevent.jpg\" alt=\"Kundeevent\" height=\"1278\" width=\"1920\" title=\"Kundeevent\" onerror=\"this.style.display='none'\" loading=\"lazy\" \/>\n\t<\/figure>\n\t<p>N\u00e5r du inviterer deres viktigste kunder, leverand\u00f8rer og samarbeidspartnere til en faglig eller et sosialt arrangement er det viktig at alt fungerer i alle ledd.\u00a0 At maten smaker godt, at logistikken flyter, at lokalet ser innbydende ut og at teknikken fungerer optimalt med lyd og lys.<\/p>\n<p>Et annet viktig element er \u00e5 finne den rette underholdningen eller den rette foredragsholderen om man har noe faglig og her kommer v\u00e5r kunnskap som regel godt med.<\/p>\n<p>Vi bist\u00e5r ofte v\u00e5re kunder i hele prosessen under et kunearrangement,\u00a0 fra man g\u00e5r i gang med planleggingen til selve arrangementet er ferdig. Men vi kan ogs\u00e5 bli koblet p\u00e5 om dere allerede har kommer i gang med arbeidet.<\/p>\n<p>La oss bist\u00e5 slik at dere gjester ser at dere leverer i alle ledd, til og med n\u00e5r det gjelder faglige og sosiale sammenkomster. La oss ta bist\u00e5 i det vi kan best slik at du kan senke skuldrene dine p\u00e5 arrangementet og heller ta deg av dine aller viktigste gjester.<\/p>\n\t\t\t<h3>Send Foresp\u00f8rsel<\/h3>\n    <form id=\"wpforms-form-9135\" data-formid=\"9135\" method=\"post\" enctype=\"multipart\/form-data\" action=\"\/?page_id=5354&#038;fl_builder\" data-token=\"cc9bce863ae2ddfa09225031352f7e57\" data-token-time=\"1768314573\">Generelt kontaktskjemaPlease enable JavaScript in your browser to complete this form.<label for=\"wpforms-9135-field_6\">Navn *<\/label><input type=\"text\" id=\"wpforms-9135-field_6\" name=\"wpforms[fields][6]\" placeholder=\"Ditt navn\" required\/><label for=\"wpforms-9135-field_2\">E-post *<\/label><input type=\"email\" id=\"wpforms-9135-field_2\" name=\"wpforms[fields][2]\" placeholder=\"Deres e-post\" spellcheck=\"false\" required\/><label for=\"wpforms-9135-field_3\">Telefon  *<\/label><input type=\"number\" id=\"wpforms-9135-field_3\" name=\"wpforms[fields][3]\" placeholder=\"Ditt telefonnummer\" step=\"any\" required\/><label for=\"wpforms-9135-field_1\">Firma \/ avdeling<\/label><input type=\"text\" id=\"wpforms-9135-field_1\" name=\"wpforms[fields][1]\" placeholder=\"Skriv inn hvilket firma \/ avdeling det gjelder\"\/><label for=\"wpforms-9135-field_5\">Dato \/ sted<\/label><input type=\"text\" id=\"wpforms-9135-field_5\" name=\"wpforms[fields][5]\" placeholder=\"Fyll ut tid og sted for arragmenet\"\/><label for=\"wpforms-9135-field_7\">Melding<\/label><textarea id=\"wpforms-9135-field_7\" name=\"wpforms[fields][7]\" placeholder=\"Hva kan vi hjelpe deg med?\"><\/textarea><!-- .wpforms-field-container --><input type=\"hidden\" name=\"wpforms[recaptcha]\" value=\"\"\/><input type=\"hidden\" name=\"wpforms[id]\" value=\"9135\"\/>\t\t\t<input type=\"hidden\"\n\t\t\t\tname=\"wpforms[nonce]\"\n\t\t\t\tvalue=\"38586e5e40\"\n\t\t\t\/>\n\t\t\t<input type=\"hidden\" name=\"page_title\" value=\"Kundeevent\"\/><input type=\"hidden\" name=\"page_url\" value=\"https:\/\/www-topparrangement.wp2.hcweb.dev\/?page_id=5354&#038;fl_builder\"\/><input type=\"hidden\" name=\"url_referer\" value=\"\"\/><input type=\"hidden\" name=\"page_id\" value=\"5354\"\/><input type=\"hidden\" name=\"wpforms[post_id]\" value=\"5354\"\/><button type=\"submit\" name=\"wpforms[submit]\" id=\"wpforms-submit-9135\" data-alt-text=\"Sender...\" data-submit-text=\"Send\" aria-live=\"assertive\" value=\"wpforms-submit\">Send<\/button><\/form>  <!-- .wpforms-container -->\n<figure data-animation-delay=\"0\" data-animation-duration=\"1\" itemscope itemtype=\"https:\/\/schema.org\/ImageObject\">\n\t\t\t\t<img decoding=\"async\" src=\"https:\/\/www-topparrangement.wp2.hcweb.dev\/wp-content\/uploads\/2021\/04\/FAS4242-scaled.jpg\" alt=\"_FAS4242\" height=\"2560\" width=\"1703\" title=\"_FAS4242\" onerror=\"this.style.display='none'\" loading=\"lazy\" \/>\n\t<\/figure>\n\t<p>Vi har tatt imot tusenvis av gjester gjennom utallige events og vet viktigheten av en s\u00f8ml\u00f8s opplevelse n\u00e5r kunder, leverand\u00f8rer og samarbeidspartnere blir invitert til et arrangement. Maten m\u00e5 v\u00e6re delikat, logistikken feilfri, lokalet tiltalende, og lyd- og lysutstyr m\u00e5 fungere. Valg av passende underholdning utgj\u00f8r ogs\u00e5 en betydelig faktor, og v\u00e5r ekspertise p\u00e5 dette omr\u00e5det er verdifull. Vi tilbyr st\u00f8tte gjennom hele prosessen &#8211; fra planlegging til avslutning av arrangementet. La oss bidra til \u00e5 skape en imponerende opplevelse for deres gjester, slik at du kan dedikere din oppmerksomhet til dine mest betydningsfulle gjester.<\/p>\n\t<p>Ta <a href=\"https:\/\/www-topparrangement.wp2.hcweb.dev\/kontakt\/\">kontakt<\/a> for en prat og vi skreddersyr deretter et uforpliktet konsept tilbud til deg og ditt firma. I samarbeid med deg skaper vi magi p\u00e5 deres neste arrangement!<\/p>\n\t<p>Ring oss p\u00e5 <a href=\"tel:90501418\">90 50 14 18<\/a>. \u00a0 E-post: <a href=\"mailto:post@topparrangement.no\">post@topparrangement.no<\/a><\/p>\n\n","protected":false},"excerpt":{"rendered":"<p>Planlegger du et kundearrangement er det viktig \u00e5 vise seg fra sin beste side. Det er helheten og detaljene som teller i alt vi gj\u00f8r. N\u00e5r du inviterer deres viktigste kunder, leverand\u00f8rer og samarbeidspartnere til en faglig eller et sosialt arrangement er det viktig at alt fungerer i alle ledd.\u00a0 At maten smaker godt, at&hellip;<\/p>","protected":false},"author":3,"featured_media":11583,"parent":4985,"menu_order":23,"comment_status":"closed","ping_status":"closed","template":"","meta":{"_acf_changed":false,"footnotes":""},"class_list":["post-5354","page","type-page","status-publish","has-post-thumbnail","hentry"],"acf":[],"_links":{"self":[{"href":"https:\/\/www-topparrangement.wp2.hcweb.dev\/en\/wp-json\/wp\/v2\/pages\/5354","targetHints":{"allow":["GET"]}}],"collection":[{"href":"https:\/\/www-topparrangement.wp2.hcweb.dev\/en\/wp-json\/wp\/v2\/pages"}],"about":[{"href":"https:\/\/www-topparrangement.wp2.hcweb.dev\/en\/wp-json\/wp\/v2\/types\/page"}],"author":[{"embeddable":true,"href":"https:\/\/www-topparrangement.wp2.hcweb.dev\/en\/wp-json\/wp\/v2\/users\/3"}],"replies":[{"embeddable":true,"href":"https:\/\/www-topparrangement.wp2.hcweb.dev\/en\/wp-json\/wp\/v2\/comments?post=5354"}],"version-history":[{"count":4,"href":"https:\/\/www-topparrangement.wp2.hcweb.dev\/en\/wp-json\/wp\/v2\/pages\/5354\/revisions"}],"predecessor-version":[{"id":13187,"href":"https:\/\/www-topparrangement.wp2.hcweb.dev\/en\/wp-json\/wp\/v2\/pages\/5354\/revisions\/13187"}],"up":[{"embeddable":true,"href":"https:\/\/www-topparrangement.wp2.hcweb.dev\/en\/wp-json\/wp\/v2\/pages\/4985"}],"wp:featuredmedia":[{"embeddable":true,"href":"https:\/\/www-topparrangement.wp2.hcweb.dev\/en\/wp-json\/wp\/v2\/media\/11583"}],"wp:attachment":[{"href":"https:\/\/www-topparrangement.wp2.hcweb.dev\/en\/wp-json\/wp\/v2\/media?parent=5354"}],"curies":[{"name":"wp","href":"https:\/\/api.w.org\/{rel}","templated":true}]}}