{"id":5348,"date":"2019-11-17T18:31:31","date_gmt":"2019-11-17T17:31:31","guid":{"rendered":"https:\/\/www-topparrangement.wp2.hcweb.dev\/?page_id=5348"},"modified":"2026-01-13T15:20:16","modified_gmt":"2026-01-13T14:20:16","slug":"teknisk-leveranse","status":"publish","type":"page","link":"https:\/\/www-topparrangement.wp2.hcweb.dev\/en\/konferanse\/teknisk-leveranse\/","title":{"rendered":"Technical delivery"},"content":{"rendered":"\n\n\t<p>Teknisk leveranse er av ytterste viktighet p\u00e5 ethvert arrangement. Det er avgj\u00f8rende med lyd av h\u00f8y kvalitet, problemfri AV-teknologi og riktig belysning for at publikum f\u00e5r en optimal opplevelse av alt som utspiller seg p\u00e5 scenen.<\/p>\n\t\t\t<a href=\"https:\/\/www-topparrangement.wp2.hcweb.dev\/kontakt\/\"  target=\"_self\">\n\t\t\t\t\t\t\tKontakt\n\t\t\t\t\t<\/a>\n\t<p>Den tekniske tilretteleggingen avhenger av flere faktorer: hva finnes i lokalet fra f\u00f8r og hva skal kvelden inneholde. I noen tilfeller kan et lydanlegg, en tekniker og noe dekorlys v\u00e6re tilstrekkelig, mens andre anledninger krever en mer omfattende teknisk produksjon med bevegelige lys og AV-tekniskpakke.<\/p>\n\t<p>Til mindre arrangementer disponerer vi v\u00e5rt eget profesjonelle PA- og lydanlegg, scene, samt frontlys og dekorlys. P\u00e5 st\u00f8rre produksjoner, samarbeider vi med flere ulike eksterne tekniske leverand\u00f8rer som gj\u00f8r at vi kan tilby konkurransedyktige priser og skreddersy l\u00f8sninger hvor vi alltid tar hensyn til formatet og kravene til det spesifikke arrangementet ved valg av leverand\u00f8r.<\/p>\n<figure itemscope itemtype=\"https:\/\/schema.org\/ImageObject\">\n\t\t\t\t<img decoding=\"async\" src=\"https:\/\/www-topparrangement.wp2.hcweb.dev\/wp-content\/uploads\/2023\/08\/DN7A6644-scaled.jpg\" alt=\"DN7A6644\" height=\"1707\" width=\"2560\" title=\"DN7A6644\" onerror=\"this.style.display='none'\" loading=\"lazy\" \/>\n\t<\/figure>\n\t<p>Mulighetene er mange og vi tilpasser oss etter format p\u00e5 arrangementet, antall gjester, lokalet man skal ha arrangement i, hva som skal skje p\u00e5 scenen og hvor spektakul\u00e6rt dere \u00f8nsker arrangementet.<\/p>\n\t<h2>LYD<\/h2>\n<p>Det lydtekniske aspektet av et arrangement er av avgj\u00f8rende betydning for en vellykket opplevelse. En kraftig og klar lyd er essensiell for \u00e5 formidle taler, musikk og andre lydeffekter til publikum. Den rette lydteknikken skaper en engasjerende atmosf\u00e6re som fanger oppmerksomheten og forsterker budskapet. Med riktig utstyr i kombinasjon med en erfaren lydtekniker blir det god lydkvalitet og problemfri gjennomf\u00f8ring.<\/p>\n<h2>LYS<\/h2>\n<p>Den lystekniske-opplevelsen av et arrangement spiller en avgj\u00f8rende rolle for \u00e5 skape den ideelle atmosf\u00e6ren p\u00e5 et arrangement. N\u00f8ye utvalgt lyssetting er essensielt for \u00e5 fremheve viktige elementer, skape riktig stemning og gi arrangementet en visuell magi. Uansett om m\u00e5let er \u00e5 skape en enkel, men fortryllende atmosf\u00e6re med statisk dekorlys, eller \u00e5 imponere publikum med en spektakul\u00e6r produksjon som inkluderer bevegelig lys og dyktige lysdesignere, s\u00e5 er vi her for \u00e5 levere det dere \u00f8nsker.<\/p>\n<p>I v\u00e5r interne tekniske avdeling har vi frontlys, 18 LED-lys for fin atmosf\u00e6re og noe scenelys. P\u00e5 st\u00f8rre arrangement benytter vi ekstern teknisk leverand\u00f8r.<\/p>\n\t<h2>AV-teknisk<\/h2>\n<p>Den visuelle opplevelsen er av avgj\u00f8rende om du \u00f8nsker \u00e5 vise presentasjoner, bilder eller videoer p\u00e5 skjerm. Ofte benyttes prosjektorer og lerret til faglige og sosiale begivenheter, da de er tilgjengelige i de fleste hoteller. Om man \u00f8nsker det lille ekstra anbefaler vi LED-skjermer.<\/p>\n<p>I kombinasjon med en profesjonell AV-tekniker som avvikler det tekniske, sikrer man at alt fungerer s\u00f8ml\u00f8st n\u00e5r det virkelig gjelder.<\/p>\n<p>P\u00e5 st\u00f8rre produksjoner er det i tillegg vanlig med kameraproduksjon slik at alle f\u00e5r med seg det som skjer fra scenen p\u00e5 skjermer i lokalet.<\/p>\n<p>Planlegger man utstilleromr\u00e5de i foaje benytter vi LCD-skjermer som er flyttbare.<\/p>\n<h2>Scene<\/h2>\n<p>Internt tilbyr vi fleksible scenest\u00f8rrelser, med muligheter opptil 4 x 6 meter. Ved behov for st\u00f8rre scener med og uten tak, samarbeider vi med ekstern teknisk leverand\u00f8r.<\/p>\n<p>For \u00e5 sikre en jevn gjennomf\u00f8ring av arrangementet, stiller vi med utstyr og et dyktig team av lydteknikere, lysteknikere, AV-teknikere og annet personell som er klare til \u00e5 gj\u00f8re arrangementet ditt til en suksess. Vi er opptatt av \u00e5 levere tekniske l\u00f8sninger som g\u00e5r h\u00e5nd i h\u00e5nd med dine unike behov og visjoner.<\/p>\n\t\t\t<h3>Send Foresp\u00f8rsel<\/h3>\n    <form id=\"wpforms-form-9135\" data-formid=\"9135\" method=\"post\" enctype=\"multipart\/form-data\" action=\"\/?page_id=5348&#038;fl_builder\" data-token=\"cc9bce863ae2ddfa09225031352f7e57\" data-token-time=\"1768314016\">Generelt kontaktskjemaPlease enable JavaScript in your browser to complete this form.<label for=\"wpforms-9135-field_6\">Navn *<\/label><input type=\"text\" id=\"wpforms-9135-field_6\" name=\"wpforms[fields][6]\" placeholder=\"Ditt navn\" required\/><label for=\"wpforms-9135-field_2\">E-post *<\/label><input type=\"email\" id=\"wpforms-9135-field_2\" name=\"wpforms[fields][2]\" placeholder=\"Deres e-post\" spellcheck=\"false\" required\/><label for=\"wpforms-9135-field_3\">Telefon  *<\/label><input type=\"number\" id=\"wpforms-9135-field_3\" name=\"wpforms[fields][3]\" placeholder=\"Ditt telefonnummer\" step=\"any\" required\/><label for=\"wpforms-9135-field_1\">Firma \/ avdeling<\/label><input type=\"text\" id=\"wpforms-9135-field_1\" name=\"wpforms[fields][1]\" placeholder=\"Skriv inn hvilket firma \/ avdeling det gjelder\"\/><label for=\"wpforms-9135-field_5\">Dato \/ sted<\/label><input type=\"text\" id=\"wpforms-9135-field_5\" name=\"wpforms[fields][5]\" placeholder=\"Fyll ut tid og sted for arragmenet\"\/><label for=\"wpforms-9135-field_7\">Melding<\/label><textarea id=\"wpforms-9135-field_7\" name=\"wpforms[fields][7]\" placeholder=\"Hva kan vi hjelpe deg med?\"><\/textarea><!-- .wpforms-field-container --><input type=\"hidden\" name=\"wpforms[recaptcha]\" value=\"\"\/><input type=\"hidden\" name=\"wpforms[id]\" value=\"9135\"\/>\t\t\t<input type=\"hidden\"\n\t\t\t\tname=\"wpforms[nonce]\"\n\t\t\t\tvalue=\"38586e5e40\"\n\t\t\t\/>\n\t\t\t<input type=\"hidden\" name=\"page_title\" value=\"Teknisk leveranse\"\/><input type=\"hidden\" name=\"page_url\" value=\"https:\/\/www-topparrangement.wp2.hcweb.dev\/?page_id=5348&#038;fl_builder\"\/><input type=\"hidden\" name=\"url_referer\" value=\"\"\/><input type=\"hidden\" name=\"page_id\" value=\"5348\"\/><input type=\"hidden\" name=\"wpforms[post_id]\" value=\"5348\"\/><button type=\"submit\" name=\"wpforms[submit]\" id=\"wpforms-submit-9135\" data-alt-text=\"Sender...\" data-submit-text=\"Send\" aria-live=\"assertive\" value=\"wpforms-submit\">Send<\/button><\/form>  <!-- .wpforms-container -->\n<figure itemscope itemtype=\"https:\/\/schema.org\/ImageObject\">\n\t\t\t\t<img decoding=\"async\" src=\"https:\/\/www-topparrangement.wp2.hcweb.dev\/wp-content\/uploads\/2023\/08\/DSC9361.jpg\" alt=\"Kvinnelige komikere\" height=\"466\" width=\"1160\" title=\"Kvinnelige komikere\" onerror=\"this.style.display='none'\" loading=\"lazy\" \/>\n\t<\/figure>\n\t<p>Ta <a href=\"https:\/\/www-topparrangement.wp2.hcweb.dev\/kontakt\/\">kontakt<\/a> for en prat og vi skreddersyr deretter et uforpliktet konsept tilbud til deg og ditt firma. I samarbeid med deg skaper vi magi p\u00e5 deres neste arrangement!<\/p>\n\t<p>Ring oss p\u00e5 <a href=\"tel:90501418\">90 50 14 18<\/a>. \u00a0 E-post: <a href=\"mailto:post@topparrangement.no\">post@topparrangement.no<\/a><\/p>\n\n","protected":false},"excerpt":{"rendered":"<p>Teknisk leveranse er av ytterste viktighet p\u00e5 ethvert arrangement. Det er avgj\u00f8rende med lyd av h\u00f8y kvalitet, problemfri AV-teknologi og riktig belysning for at publikum f\u00e5r en optimal opplevelse av alt som utspiller seg p\u00e5 scenen. Kontakt Den tekniske tilretteleggingen avhenger av flere faktorer: hva finnes i lokalet fra f\u00f8r og hva skal kvelden inneholde.&hellip;<\/p>","protected":false},"author":3,"featured_media":11459,"parent":5834,"menu_order":50,"comment_status":"closed","ping_status":"closed","template":"","meta":{"_acf_changed":false,"footnotes":""},"class_list":["post-5348","page","type-page","status-publish","has-post-thumbnail","hentry"],"acf":[],"_links":{"self":[{"href":"https:\/\/www-topparrangement.wp2.hcweb.dev\/en\/wp-json\/wp\/v2\/pages\/5348","targetHints":{"allow":["GET"]}}],"collection":[{"href":"https:\/\/www-topparrangement.wp2.hcweb.dev\/en\/wp-json\/wp\/v2\/pages"}],"about":[{"href":"https:\/\/www-topparrangement.wp2.hcweb.dev\/en\/wp-json\/wp\/v2\/types\/page"}],"author":[{"embeddable":true,"href":"https:\/\/www-topparrangement.wp2.hcweb.dev\/en\/wp-json\/wp\/v2\/users\/3"}],"replies":[{"embeddable":true,"href":"https:\/\/www-topparrangement.wp2.hcweb.dev\/en\/wp-json\/wp\/v2\/comments?post=5348"}],"version-history":[{"count":2,"href":"https:\/\/www-topparrangement.wp2.hcweb.dev\/en\/wp-json\/wp\/v2\/pages\/5348\/revisions"}],"predecessor-version":[{"id":13176,"href":"https:\/\/www-topparrangement.wp2.hcweb.dev\/en\/wp-json\/wp\/v2\/pages\/5348\/revisions\/13176"}],"up":[{"embeddable":true,"href":"https:\/\/www-topparrangement.wp2.hcweb.dev\/en\/wp-json\/wp\/v2\/pages\/5834"}],"wp:featuredmedia":[{"embeddable":true,"href":"https:\/\/www-topparrangement.wp2.hcweb.dev\/en\/wp-json\/wp\/v2\/media\/11459"}],"wp:attachment":[{"href":"https:\/\/www-topparrangement.wp2.hcweb.dev\/en\/wp-json\/wp\/v2\/media?parent=5348"}],"curies":[{"name":"wp","href":"https:\/\/api.w.org\/{rel}","templated":true}]}}