{"id":5345,"date":"2019-11-17T18:29:06","date_gmt":"2019-11-17T17:29:06","guid":{"rendered":"https:\/\/www-topparrangement.wp2.hcweb.dev\/?page_id=5345"},"modified":"2026-01-13T15:30:06","modified_gmt":"2026-01-13T14:30:06","slug":"roadshow","status":"publish","type":"page","link":"https:\/\/www-topparrangement.wp2.hcweb.dev\/en\/event\/roadshow\/","title":{"rendered":"Roadshow"},"content":{"rendered":"\n<h1  data-animation-delay=\"\" data-animation-duration=\"1\">\n\t\t\t\t<\/h1>\n<h2>\n\t\t\tPlanlegger dere sentralt at alle avdelinger skal f\u00e5 bes\u00f8k av samme produksjon og innhold organsierer vi gjerne roadshow sammen med dere. \u00a0\t<\/h2>\n<figure data-animation-delay=\"0\" data-animation-duration=\"1\" itemscope itemtype=\"https:\/\/schema.org\/ImageObject\">\n\t\t\t\t<img decoding=\"async\" src=\"https:\/\/www-topparrangement.wp2.hcweb.dev\/wp-content\/uploads\/2019\/08\/sal.jpg\" alt=\"sal\" height=\"975\" width=\"1280\" title=\"sal\" onerror=\"this.style.display='none'\" loading=\"lazy\" \/>\n\t<\/figure>\n\t<p>Noen ganger har man rett og slett ikke mulighet til \u00e5 samle alle p\u00e5 et sted, mens andre ganger er det bare rett og slett \u00f8nskelig \u00e5 kj\u00f8re samling i egen by av ulike \u00e5rsaker.<\/p>\n<p>Avhengig av lokasjoner og produksjonens st\u00f8rrelse ser vi an om vi transporterer utstyr rundt eller om det enkleste er \u00e5 leie inn utstyr i de ulike byene. Crew og underholdning flys inn til de ulike bes\u00f8ksstedene.<\/p>\n<h3>Vi bist\u00e5r med:<\/h3>\n<ul>\n<li>\u00a0Forslag til hoteller og venues i de ulike byene<\/li>\n<li>Samme tekniske produksjon alle steder<\/li>\n<li>Forslag til underholdning og eksterne foredragsholdere<\/li>\n<li>Oppsett av kj\u00f8replan og andre detaljer ved behov<\/li>\n<li>Prosjektledelse f\u00f8r og under arrangement<\/li>\n<\/ul>\n\t\t\t<h3>Send Foresp\u00f8rsel<\/h3>\n    <form id=\"wpforms-form-9135\" data-formid=\"9135\" method=\"post\" enctype=\"multipart\/form-data\" action=\"\/?page_id=5345&#038;fl_builder\" data-token=\"cc9bce863ae2ddfa09225031352f7e57\" data-token-time=\"1768314606\">Generelt kontaktskjemaPlease enable JavaScript in your browser to complete this form.<label for=\"wpforms-9135-field_6\">Navn *<\/label><input type=\"text\" id=\"wpforms-9135-field_6\" name=\"wpforms[fields][6]\" placeholder=\"Ditt navn\" required\/><label for=\"wpforms-9135-field_2\">E-post *<\/label><input type=\"email\" id=\"wpforms-9135-field_2\" name=\"wpforms[fields][2]\" placeholder=\"Deres e-post\" spellcheck=\"false\" required\/><label for=\"wpforms-9135-field_3\">Telefon  *<\/label><input type=\"number\" id=\"wpforms-9135-field_3\" name=\"wpforms[fields][3]\" placeholder=\"Ditt telefonnummer\" step=\"any\" required\/><label for=\"wpforms-9135-field_1\">Firma \/ avdeling<\/label><input type=\"text\" id=\"wpforms-9135-field_1\" name=\"wpforms[fields][1]\" placeholder=\"Skriv inn hvilket firma \/ avdeling det gjelder\"\/><label for=\"wpforms-9135-field_5\">Dato \/ sted<\/label><input type=\"text\" id=\"wpforms-9135-field_5\" name=\"wpforms[fields][5]\" placeholder=\"Fyll ut tid og sted for arragmenet\"\/><label for=\"wpforms-9135-field_7\">Melding<\/label><textarea id=\"wpforms-9135-field_7\" name=\"wpforms[fields][7]\" placeholder=\"Hva kan vi hjelpe deg med?\"><\/textarea><!-- .wpforms-field-container --><input type=\"hidden\" name=\"wpforms[recaptcha]\" value=\"\"\/><input type=\"hidden\" name=\"wpforms[id]\" value=\"9135\"\/>\t\t\t<input type=\"hidden\"\n\t\t\t\tname=\"wpforms[nonce]\"\n\t\t\t\tvalue=\"38586e5e40\"\n\t\t\t\/>\n\t\t\t<input type=\"hidden\" name=\"page_title\" value=\"Roadshow\"\/><input type=\"hidden\" name=\"page_url\" value=\"https:\/\/www-topparrangement.wp2.hcweb.dev\/?page_id=5345&#038;fl_builder\"\/><input type=\"hidden\" name=\"url_referer\" value=\"\"\/><input type=\"hidden\" name=\"page_id\" value=\"5345\"\/><input type=\"hidden\" name=\"wpforms[post_id]\" value=\"5345\"\/><button type=\"submit\" name=\"wpforms[submit]\" id=\"wpforms-submit-9135\" data-alt-text=\"Sender...\" data-submit-text=\"Send\" aria-live=\"assertive\" value=\"wpforms-submit\">Send<\/button><\/form>  <!-- .wpforms-container -->\n<figure data-animation-delay=\"0\" data-animation-duration=\"1\" itemscope itemtype=\"https:\/\/schema.org\/ImageObject\">\n\t\t\t\t<img decoding=\"async\" src=\"https:\/\/www-topparrangement.wp2.hcweb.dev\/wp-content\/uploads\/2016\/01\/Mikrofon.jpg\" alt=\"Mikrofon\" height=\"597\" width=\"1135\" title=\"Mikrofon\" onerror=\"this.style.display='none'\" loading=\"lazy\" \/>\n\t<\/figure>\n\t<p>I samarbeid med v\u00e5re kunder organiserer vi engasjerende roadshow, som sikrer den samme unike opplevelsen for gjestene uavhengig av geografisk beliggenhet. Vi tar ansvar for konseptutvikling, planlegging og gjennomf\u00f8ring slik at man kan ta dine produkter p\u00e5 landsomfattende turneer. Vi vurderer grundig om det er hensiktsmessig \u00e5 transportere utstyr til ulike steder eller leie lokalt, avhengig av sted og produksjonsomfang. Videre sikrer vi at et produksjonsteam og ekstern underholdning blir fl\u00f8yet inn til de ulike byene, for en feilfri gjennomf\u00f8ring og en uforglemmelig opplevelse.<\/p>\n\t<p>Ta <a href=\"https:\/\/www-topparrangement.wp2.hcweb.dev\/kontakt\/\">kontakt<\/a> for en prat og vi skreddersyr deretter et uforpliktet konsept tilbud til deg og ditt firma. I samarbeid med deg skaper vi magi p\u00e5 deres neste arrangement!<\/p>\n\t<p>Ring oss p\u00e5 <a href=\"tel:90501418\">90 50 14 18<\/a>. \u00a0 E-post: <a href=\"mailto:post@topparrangement.no\">post@topparrangement.no<\/a><\/p>\n\n","protected":false},"excerpt":{"rendered":"<p>Planlegger dere sentralt at alle avdelinger skal f\u00e5 bes\u00f8k av samme produksjon og innhold organsierer vi gjerne roadshow sammen med dere. \u00a0 Noen ganger har man rett og slett ikke mulighet til \u00e5 samle alle p\u00e5 et sted, mens andre ganger er det bare rett og slett \u00f8nskelig \u00e5 kj\u00f8re samling i egen by av&hellip;<\/p>","protected":false},"author":3,"featured_media":4146,"parent":4985,"menu_order":24,"comment_status":"closed","ping_status":"closed","template":"","meta":{"_acf_changed":false,"footnotes":""},"class_list":["post-5345","page","type-page","status-publish","has-post-thumbnail","hentry"],"acf":[],"_links":{"self":[{"href":"https:\/\/www-topparrangement.wp2.hcweb.dev\/en\/wp-json\/wp\/v2\/pages\/5345","targetHints":{"allow":["GET"]}}],"collection":[{"href":"https:\/\/www-topparrangement.wp2.hcweb.dev\/en\/wp-json\/wp\/v2\/pages"}],"about":[{"href":"https:\/\/www-topparrangement.wp2.hcweb.dev\/en\/wp-json\/wp\/v2\/types\/page"}],"author":[{"embeddable":true,"href":"https:\/\/www-topparrangement.wp2.hcweb.dev\/en\/wp-json\/wp\/v2\/users\/3"}],"replies":[{"embeddable":true,"href":"https:\/\/www-topparrangement.wp2.hcweb.dev\/en\/wp-json\/wp\/v2\/comments?post=5345"}],"version-history":[{"count":3,"href":"https:\/\/www-topparrangement.wp2.hcweb.dev\/en\/wp-json\/wp\/v2\/pages\/5345\/revisions"}],"predecessor-version":[{"id":13190,"href":"https:\/\/www-topparrangement.wp2.hcweb.dev\/en\/wp-json\/wp\/v2\/pages\/5345\/revisions\/13190"}],"up":[{"embeddable":true,"href":"https:\/\/www-topparrangement.wp2.hcweb.dev\/en\/wp-json\/wp\/v2\/pages\/4985"}],"wp:featuredmedia":[{"embeddable":true,"href":"https:\/\/www-topparrangement.wp2.hcweb.dev\/en\/wp-json\/wp\/v2\/media\/4146"}],"wp:attachment":[{"href":"https:\/\/www-topparrangement.wp2.hcweb.dev\/en\/wp-json\/wp\/v2\/media?parent=5345"}],"curies":[{"name":"wp","href":"https:\/\/api.w.org\/{rel}","templated":true}]}}