{"id":5342,"date":"2019-11-17T18:26:49","date_gmt":"2019-11-17T17:26:49","guid":{"rendered":"https:\/\/www-topparrangement.wp2.hcweb.dev\/?page_id=5342"},"modified":"2026-04-05T17:24:54","modified_gmt":"2026-04-05T15:24:54","slug":"kickoff","status":"publish","type":"page","link":"https:\/\/www-topparrangement.wp2.hcweb.dev\/en\/event\/kickoff\/","title":{"rendered":"Social Kick-off"},"content":{"rendered":"\r\n<h1  data-animation-delay=\"\" data-animation-duration=\"1\">\r\n\t\t\t\t<\/h1>\r\n<h2>\r\n\t\t\tGi en inspirerende start p\u00e5 det nye \u00e5ret eller h\u00f8sten med en \u00e5rsfest eller kickoff som fremmer energi og motivasjon blant de ansatte. Vi setter bedriftskulturen i fokus og sammen skaper vi minneverdige opplevelser som engasjerer, inspirerer og gir mulighet for sosialisering.\t<\/h2>\r\n<h2>\r\n\t\t\tFaglig og sosialt\t<\/h2>\r\n\t<p>De ansatte samles til frokost eller lunsj, etterfulgt av konferanse med interne presentasjoner fra selskapet og inspirerende taler fra eksterne foredragsholdere. Etter et innholdsrikt faglig program er det tid for en smakfull middag og spennende overraskelser fra scenen. Vi tar oss av hele prosessen, fra hotellbestilling og teknisk st\u00f8tte til booking av foredragsholdere og kveldsunderholdning.<\/p>\r\n<h2>\r\n\t\t\tKun faglig\t<\/h2>\r\n\t<p>Man starter vanligvis tidlig p\u00e5 dagen eller til lunsj, der man begynner med konferansen med en intern introduksjon f\u00f8r en eller flere eksterne foredragsholdere tar scenen for \u00e5 utdype den \u00f8nskede tematikken. Dette sikrer at de ansatte f\u00e5r implementert de viktigste fagomr\u00e5dene som skal vektlegges for selskapet. Vi tar ansvar for hele prosessen, fra planlegging til gjennomf\u00f8ring.<\/p>\r\n<h2>\r\n\t\t\tKun sosialt\t<\/h2>\r\n\t<p>Noen ganger \u00f8nsker man kun \u00e5 sosialisere og dropper konferanse og faglig. De ansatte fortjener en minnerik kveld med deilig mat og underholdning. Kanskje ditt firma \u00f8nsker \u00e5 arrangere en \u00e5rsfest i stedet for et julebord. Vi tilpasser en skreddersydd kveld for ditt firma, hvor vi er involvert fra id\u00e9 til gjennomf\u00f8ring, og hvor de ansatte vil oppleve en fantastisk aften med god mat og underholdning.<\/p>\r\n<figure itemscope itemtype=\"https:\/\/schema.org\/ImageObject\">\r\n\t\t\t\t<img decoding=\"async\" src=\"https:\/\/www-topparrangement.wp2.hcweb.dev\/wp-content\/uploads\/2020\/05\/ge_stavanger_kristian-1305.jpg\" alt=\"www.topparrangement.no\" height=\"611\" width=\"918\" title=\"Alex Rosen\" onerror=\"this.style.display='none'\" loading=\"lazy\" \/>\r\n\t<\/figure>\r\n\t<h3><strong>Vi bist\u00e5r med:<\/strong><\/h3>\r\n<ul>\r\n<li>Idemulding av ideer og konsepter<\/li>\r\n<li>Booking av hotel eller catering<\/li>\r\n<li>Eksterne foredragsholdere.<\/li>\r\n<li>Lyd, lys, scene og AV-teknisk<\/li>\r\n<li>Teambuilding \/ aktiviteter.<\/li>\r\n<li>Komiker, artist og livemusikk.<\/li>\r\n<li>Oppsett av detaljert kj\u00f8replan<\/li>\r\n<li>Planlegging og koordinering f\u00f8r arrangement<\/li>\r\n<li>Gjennomf\u00f8ring av arrangementet<\/li>\r\n<\/ul>\r\n<p>&nbsp;<\/p>\r\n<p>Vi kan bist\u00e5 gjennom hele prosessen fra ide til planlegging og gjennomf\u00f8ringen av selve arrangementet. Vi kan ogs\u00e5 bist\u00e5 med kun deler av prosessen hvor vi eksempelvis kommer med forslag til eksterne foredragsholdere, underholdning og livemusikk.<\/p>\r\n<p>&nbsp;<\/p>\r\n<h2>\r\n\t\t\tDet er viktig \u00e5 gi de ansatte en hyggelig dag eller kveld utenfor kontoret, slik at de f\u00e5r muligheten til \u00e5 snakke sammen og styrke samholdet. Dette bidrar til at de ansatte f\u00f8ler seg verdsatt, og det er kjent at bedrifter med en positiv bedriftskultur ogs\u00e5 oppn\u00e5r de beste resultatene.\u00a0\t<\/h2>\r\n\t\t\t<h3>Send Foresp\u00f8rsel<\/h3>\r\n    <form id=\"wpforms-form-9135\" data-formid=\"9135\" method=\"post\" enctype=\"multipart\/form-data\" action=\"\/?page_id=5342&#038;fl_builder\" data-token=\"cc9bce863ae2ddfa09225031352f7e57\" data-token-time=\"1768314516\">Generelt kontaktskjemaPlease enable JavaScript in your browser to complete this form.<label for=\"wpforms-9135-field_6\">Navn *<\/label><input type=\"text\" id=\"wpforms-9135-field_6\" name=\"wpforms[fields][6]\" placeholder=\"Ditt navn\" required\/><label for=\"wpforms-9135-field_2\">E-post *<\/label><input type=\"email\" id=\"wpforms-9135-field_2\" name=\"wpforms[fields][2]\" placeholder=\"Deres e-post\" spellcheck=\"false\" required\/><label for=\"wpforms-9135-field_3\">Telefon  *<\/label><input type=\"number\" id=\"wpforms-9135-field_3\" name=\"wpforms[fields][3]\" placeholder=\"Ditt telefonnummer\" step=\"any\" required\/><label for=\"wpforms-9135-field_1\">Firma \/ avdeling<\/label><input type=\"text\" id=\"wpforms-9135-field_1\" name=\"wpforms[fields][1]\" placeholder=\"Skriv inn hvilket firma \/ avdeling det gjelder\"\/><label for=\"wpforms-9135-field_5\">Dato \/ sted<\/label><input type=\"text\" id=\"wpforms-9135-field_5\" name=\"wpforms[fields][5]\" placeholder=\"Fyll ut tid og sted for arragmenet\"\/><label for=\"wpforms-9135-field_7\">Melding<\/label><textarea id=\"wpforms-9135-field_7\" name=\"wpforms[fields][7]\" placeholder=\"Hva kan vi hjelpe deg med?\"><\/textarea><!-- .wpforms-field-container --><input type=\"hidden\" name=\"wpforms[recaptcha]\" value=\"\"\/><input type=\"hidden\" name=\"wpforms[id]\" value=\"9135\"\/>\t\t\t<input type=\"hidden\"\r\n\t\t\t\tname=\"wpforms[nonce]\"\r\n\t\t\t\tvalue=\"38586e5e40\"\r\n\t\t\t\/>\r\n\t\t\t<input type=\"hidden\" name=\"page_title\" value=\"Kickoff\"\/><input type=\"hidden\" name=\"page_url\" value=\"https:\/\/www-topparrangement.wp2.hcweb.dev\/?page_id=5342&#038;fl_builder\"\/><input type=\"hidden\" name=\"url_referer\" value=\"\"\/><input type=\"hidden\" name=\"page_id\" value=\"5342\"\/><input type=\"hidden\" name=\"wpforms[post_id]\" value=\"5342\"\/><button type=\"submit\" name=\"wpforms[submit]\" id=\"wpforms-submit-9135\" data-alt-text=\"Sender...\" data-submit-text=\"Send\" aria-live=\"assertive\" value=\"wpforms-submit\">Send<\/button><\/form>  <!-- .wpforms-container -->\r\n<figure data-animation-delay=\"0\" data-animation-duration=\"1\" itemscope itemtype=\"https:\/\/schema.org\/ImageObject\">\r\n\t\t\t\t<img decoding=\"async\" src=\"https:\/\/www-topparrangement.wp2.hcweb.dev\/wp-content\/uploads\/2023\/05\/DN7A7143-scaled.jpg\" alt=\"Topp Arrangement er et eventbyr\u00e5 som hjelper deg med blant annet artistformidling\" height=\"1707\" width=\"2560\" title=\"DN7A7143\" onerror=\"this.style.display='none'\" loading=\"lazy\" \/>\r\n\t<\/figure>\r\n\t<p>I l\u00f8pet av en 10-\u00e5rs periode har vi bist\u00e5tt v\u00e5re kunder med faglige og sosiale arrangementer av h\u00f8y standard, og produsert en rekke kickoff i ulike format. Uansett om anledningen er en hyllest til det nye \u00e5ret, innledningen til h\u00f8stsesongen eller en markering av et fremtidig prosjekt eller kommende aktivitet, er v\u00e5rt m\u00e5l klart definert &#8211; \u00e5 kaste lys over den kommende perioden. Arrangementet spiller en essensiell rolle i \u00e5 bygge opp forventningene, \u00f8ke motivasjonen og skape et h\u00f8yt engasjementniv\u00e5 blant deltakerne. V\u00e5re kickoff skal skape energi og bygge en kultur i form av det som skjer p\u00e5 scenen.<\/p>\r\n\t<p>Ta <a href=\"https:\/\/www-topparrangement.wp2.hcweb.dev\/kontakt\/\">kontakt<\/a> for en prat og vi skreddersyr deretter et uforpliktet konsept tilbud til deg og ditt firma. I samarbeid med deg skaper vi magi p\u00e5 deres neste arrangement!<\/p>\r\n\t<p>Ring oss p\u00e5 <a href=\"tel:90501418\">90 50 14 18<\/a>. \u00a0 E-post: <a href=\"mailto:post@topparrangement.no\">post@topparrangement.no<\/a><\/p>\r\n\r\n","protected":false},"excerpt":{"rendered":"<p>Gi en inspirerende start p\u00e5 det nye \u00e5ret eller h\u00f8sten med en \u00e5rsfest eller kickoff som fremmer energi og motivasjon blant de ansatte. Vi setter bedriftskulturen i fokus og sammen skaper vi minneverdige opplevelser som engasjerer, inspirerer og gir mulighet for sosialisering. Faglig og sosialt De ansatte samles til frokost eller lunsj, etterfulgt av konferanse&hellip;<\/p>","protected":false},"author":3,"featured_media":12561,"parent":4985,"menu_order":17,"comment_status":"closed","ping_status":"closed","template":"","meta":{"_acf_changed":false,"footnotes":""},"class_list":["post-5342","page","type-page","status-publish","has-post-thumbnail","hentry"],"acf":[],"_links":{"self":[{"href":"https:\/\/www-topparrangement.wp2.hcweb.dev\/en\/wp-json\/wp\/v2\/pages\/5342","targetHints":{"allow":["GET"]}}],"collection":[{"href":"https:\/\/www-topparrangement.wp2.hcweb.dev\/en\/wp-json\/wp\/v2\/pages"}],"about":[{"href":"https:\/\/www-topparrangement.wp2.hcweb.dev\/en\/wp-json\/wp\/v2\/types\/page"}],"author":[{"embeddable":true,"href":"https:\/\/www-topparrangement.wp2.hcweb.dev\/en\/wp-json\/wp\/v2\/users\/3"}],"replies":[{"embeddable":true,"href":"https:\/\/www-topparrangement.wp2.hcweb.dev\/en\/wp-json\/wp\/v2\/comments?post=5342"}],"version-history":[{"count":8,"href":"https:\/\/www-topparrangement.wp2.hcweb.dev\/en\/wp-json\/wp\/v2\/pages\/5342\/revisions"}],"predecessor-version":[{"id":13855,"href":"https:\/\/www-topparrangement.wp2.hcweb.dev\/en\/wp-json\/wp\/v2\/pages\/5342\/revisions\/13855"}],"up":[{"embeddable":true,"href":"https:\/\/www-topparrangement.wp2.hcweb.dev\/en\/wp-json\/wp\/v2\/pages\/4985"}],"wp:featuredmedia":[{"embeddable":true,"href":"https:\/\/www-topparrangement.wp2.hcweb.dev\/en\/wp-json\/wp\/v2\/media\/12561"}],"wp:attachment":[{"href":"https:\/\/www-topparrangement.wp2.hcweb.dev\/en\/wp-json\/wp\/v2\/media?parent=5342"}],"curies":[{"name":"wp","href":"https:\/\/api.w.org\/{rel}","templated":true}]}}