{"id":5310,"date":"2019-11-13T15:54:13","date_gmt":"2019-11-13T14:54:13","guid":{"rendered":"https:\/\/www-topparrangement.wp2.hcweb.dev\/?page_id=5310"},"modified":"2026-01-13T15:19:16","modified_gmt":"2026-01-13T14:19:16","slug":"prosjektledelse-konferanse","status":"publish","type":"page","link":"https:\/\/www-topparrangement.wp2.hcweb.dev\/en\/konferanse\/prosjektledelse-konferanse\/","title":{"rendered":"Project management"},"content":{"rendered":"\n\n\t<p>Vi bist\u00e5r v\u00e5re kunder gjennom hele prosessen for \u00e5 sikre en vellykket og profesjonell gjennomf\u00f8ring av arrangementet. V\u00e5rt team av erfarne prosjektledere og dyktige koordinatorer har omfattende kompetanse innen event-planlegging og er til stede b\u00e5de f\u00f8r og under arrangementet for \u00e5 sikre en s\u00f8ml\u00f8s opplevelse.<\/p>\n\t\t\t<a href=\"https:\/\/www-topparrangement.wp2.hcweb.dev\/kontakt\/\"  target=\"_self\">\n\t\t\t\t\t\t\tKontakt oss\n\t\t\t\t\t<\/a>\n\t<h2>Kj\u00f8replan<\/h2>\n<p>En n\u00f8kkelfaktor for ethvert vellykkede arrangement er planleggingen som skjer i forkant. En detaljert og grundig kj\u00f8replan er avgj\u00f8rende for \u00e5 sikre at alle involverte akt\u00f8rer er godt forberedt og koordinert n\u00e5r arrangementet endelig finner sted. Dette gir prosjektlederen et effektivt verkt\u00f8y for \u00e5 styre arrangementet p\u00e5 en smidig og presis m\u00e5te.<\/p>\n<p>Vi tilbyr en profesjonell opplevelse med en dedikert prosjektleder til stede under hele arrangementet, enten det dreier seg om konferansedagen eller et sosialt arrangement p\u00e5 kvelden. V\u00e5r prosjektleder s\u00f8rger for en s\u00f8ml\u00f8s koordinering med alle involverte parter. Vi tar ansvar for kommunikasjonen med hovmesteren p\u00e5 hotellet, koordinerer artistenes ankomst til scenen, samarbeider tett med teknikerne og sikrer en problemfri logistikk og gjennomf\u00f8ring.<\/p>\n<p>Med v\u00e5r ekspertise kan du som kunde senke skuldrene og nyte arrangementet, vel vitende om at vi tar oss av alle detaljene for deg og dine gjester.<\/p>\n<figure itemscope itemtype=\"https:\/\/schema.org\/ImageObject\">\n\t\t\t\t<img decoding=\"async\" src=\"https:\/\/www-topparrangement.wp2.hcweb.dev\/wp-content\/uploads\/2023\/08\/Face-oo.jpg\" alt=\"Face oo\" height=\"1198\" width=\"1800\" title=\"Face oo\" onerror=\"this.style.display='none'\" loading=\"lazy\" \/>\n\t<\/figure>\n<figure itemscope itemtype=\"https:\/\/schema.org\/ImageObject\">\n\t\t\t\t<img decoding=\"async\" src=\"https:\/\/www-topparrangement.wp2.hcweb.dev\/wp-content\/uploads\/2023\/08\/telt2-r.jpg\" alt=\"telt2-r\" height=\"1512\" width=\"2016\" title=\"telt2-r\" onerror=\"this.style.display='none'\" loading=\"lazy\" \/>\n\t<\/figure>\n\t<h2>Leverand\u00f8rer<\/h2>\n<p>P\u00e5 et arrangement er det vanligvis involvert flere leverand\u00f8rer som hotell, tekniske leverand\u00f8r, foredragsholdere og underholdning. I noen tilfeller kan man ogs\u00e5 ha behov for blomsterdekor, digital p\u00e5melding, catering m.m. I stede for at du som kunde st\u00e5r for all kommunikasjon og koordinering med hver enkelt part b\u00e5de f\u00f8r og under selve arrangementet, tar vi oss av dette slik at du som kunde kun har ett kontaktpunkt gjennom hele prosessen, og det er oss i Topp Arrangement.<\/p>\n<h3>\n\t\t\tNoen fordeler ved et samarbeid:\t<\/h3>\n\t<u>Tidsbesparelse:<\/u><strong><br \/>\n<\/strong>\u00c5 planlegge et arrangement krever betydelig tid og ressurser. Ved \u00e5 engasjere oss til prosjektledelse kan firmaet frigj\u00f8re interne ressurser og fokusere p\u00e5 andre oppgaver, samtidig som arrangementet blir planlagt grundig.\n<u>Kostnadseffektivitet:<\/u><strong><br \/>\n<\/strong>Selv om det kan virke som en ekstra utgift \u00e5 engasjere et eventbyr\u00e5 kan det faktisk f\u00f8re til kostnadsbesparelser da vi tar oss av mange av detaljene. Gjennom v\u00e5rt nettverk og erfaring har vi ogs\u00e5 forhandlet frem gode avtaler med leverand\u00f8rer, samtidig som vi s\u00f8rger for at budsjettet overholdes.<br \/>\n<strong><br \/>\n<\/strong><u>Profesjonelle nettverk:<\/u><strong><br \/>\n<\/strong>Vi har et omfattende nettverk av p\u00e5litelige leverand\u00f8rer og samarbeidspartnere innenfor ulike aspekter av arrangementer, som lyd, lys, scene, multimedia, catering, foredragsholdere, komikere, artister, livemusikk for \u00e5 nevne noe. Dette gj\u00f8r det mulig for oss som eventbyr\u00e5 \u00e5 sikre h\u00f8y kvalitet og konkurransedyktige priser<strong>.<\/strong>\n<u>Skreddersydd kreativitet:<\/u><strong><br \/>\n<\/strong>Vi lever av \u00e5 skape fine opplevelser og bruker v\u00e5r erfaring til \u00e5 gi nyttige innspill og kreative id\u00e9er for \u00e5 gj\u00f8re arrangementet unikt og minneverdig. Vi jobber alltid for \u00e5 m\u00f8te kundens \u00f8nske og behov for skreddersydde opplevelse som passer m\u00e5lgruppen.<strong>\n<p><\/p><\/strong>\n<u>Evaluering:<\/u><strong><br \/>\n<\/strong>Etter avsluttet arrangement vil vi gjennomf\u00f8re en evaluering for \u00e5 analysere hva som fungerte bra og hva som kan forbedres. Denne tilbakemeldingen er uvurderlig for \u00e5 optimalisere fremtidige arrangementer og l\u00e6re av erfaringene.\n\t\t\t<h3>Send Foresp\u00f8rsel<\/h3>\n    <form id=\"wpforms-form-9135\" data-formid=\"9135\" method=\"post\" enctype=\"multipart\/form-data\" action=\"\/?page_id=5310&#038;fl_builder\" data-token=\"cc9bce863ae2ddfa09225031352f7e57\" data-token-time=\"1768313956\">Generelt kontaktskjemaPlease enable JavaScript in your browser to complete this form.<label for=\"wpforms-9135-field_6\">Navn *<\/label><input type=\"text\" id=\"wpforms-9135-field_6\" name=\"wpforms[fields][6]\" placeholder=\"Ditt navn\" required\/><label for=\"wpforms-9135-field_2\">E-post *<\/label><input type=\"email\" id=\"wpforms-9135-field_2\" name=\"wpforms[fields][2]\" placeholder=\"Deres e-post\" spellcheck=\"false\" required\/><label for=\"wpforms-9135-field_3\">Telefon  *<\/label><input type=\"number\" id=\"wpforms-9135-field_3\" name=\"wpforms[fields][3]\" placeholder=\"Ditt telefonnummer\" step=\"any\" required\/><label for=\"wpforms-9135-field_1\">Firma \/ avdeling<\/label><input type=\"text\" id=\"wpforms-9135-field_1\" name=\"wpforms[fields][1]\" placeholder=\"Skriv inn hvilket firma \/ avdeling det gjelder\"\/><label for=\"wpforms-9135-field_5\">Dato \/ sted<\/label><input type=\"text\" id=\"wpforms-9135-field_5\" name=\"wpforms[fields][5]\" placeholder=\"Fyll ut tid og sted for arragmenet\"\/><label for=\"wpforms-9135-field_7\">Melding<\/label><textarea id=\"wpforms-9135-field_7\" name=\"wpforms[fields][7]\" placeholder=\"Hva kan vi hjelpe deg med?\"><\/textarea><!-- .wpforms-field-container --><input type=\"hidden\" name=\"wpforms[recaptcha]\" value=\"\"\/><input type=\"hidden\" name=\"wpforms[id]\" value=\"9135\"\/>\t\t\t<input type=\"hidden\"\n\t\t\t\tname=\"wpforms[nonce]\"\n\t\t\t\tvalue=\"38586e5e40\"\n\t\t\t\/>\n\t\t\t<input type=\"hidden\" name=\"page_title\" value=\"Prosjektledelse\"\/><input type=\"hidden\" name=\"page_url\" value=\"https:\/\/www-topparrangement.wp2.hcweb.dev\/?page_id=5310&#038;fl_builder\"\/><input type=\"hidden\" name=\"url_referer\" value=\"\"\/><input type=\"hidden\" name=\"page_id\" value=\"5310\"\/><input type=\"hidden\" name=\"wpforms[post_id]\" value=\"5310\"\/><button type=\"submit\" name=\"wpforms[submit]\" id=\"wpforms-submit-9135\" data-alt-text=\"Sender...\" data-submit-text=\"Send\" aria-live=\"assertive\" value=\"wpforms-submit\">Send<\/button><\/form>  <!-- .wpforms-container -->\n<figure itemscope itemtype=\"https:\/\/schema.org\/ImageObject\">\n\t\t\t\t<img decoding=\"async\" src=\"https:\/\/www-topparrangement.wp2.hcweb.dev\/wp-content\/uploads\/2023\/08\/FS20851.jpg\" alt=\"_FS20851\" height=\"1198\" width=\"1800\" title=\"_FS20851\" onerror=\"this.style.display='none'\" loading=\"lazy\" \/>\n\t<\/figure>\n\t<p>Ta <a href=\"https:\/\/www-topparrangement.wp2.hcweb.dev\/kontakt\/\">kontakt<\/a> for en prat og vi skreddersyr deretter et uforpliktet konsept tilbud til deg og ditt firma. I samarbeid med deg skaper vi magi p\u00e5 deres neste arrangement!<\/p>\n\t<p>Ring oss p\u00e5 <a href=\"tel:90501418\">90 50 14 18<\/a>. \u00a0 E-post: <a href=\"mailto:post@topparrangement.no\">post@topparrangement.no<\/a><\/p>\n\n","protected":false},"excerpt":{"rendered":"<p>Vi bist\u00e5r v\u00e5re kunder gjennom hele prosessen for \u00e5 sikre en vellykket og profesjonell gjennomf\u00f8ring av arrangementet. V\u00e5rt team av erfarne prosjektledere og dyktige koordinatorer har omfattende kompetanse innen event-planlegging og er til stede b\u00e5de f\u00f8r og under arrangementet for \u00e5 sikre en s\u00f8ml\u00f8s opplevelse. Kontakt oss Kj\u00f8replan En n\u00f8kkelfaktor for ethvert vellykkede arrangement er&hellip;<\/p>","protected":false},"author":3,"featured_media":12535,"parent":5834,"menu_order":47,"comment_status":"closed","ping_status":"closed","template":"","meta":{"_acf_changed":false,"footnotes":""},"class_list":["post-5310","page","type-page","status-publish","has-post-thumbnail","hentry"],"acf":[],"_links":{"self":[{"href":"https:\/\/www-topparrangement.wp2.hcweb.dev\/en\/wp-json\/wp\/v2\/pages\/5310","targetHints":{"allow":["GET"]}}],"collection":[{"href":"https:\/\/www-topparrangement.wp2.hcweb.dev\/en\/wp-json\/wp\/v2\/pages"}],"about":[{"href":"https:\/\/www-topparrangement.wp2.hcweb.dev\/en\/wp-json\/wp\/v2\/types\/page"}],"author":[{"embeddable":true,"href":"https:\/\/www-topparrangement.wp2.hcweb.dev\/en\/wp-json\/wp\/v2\/users\/3"}],"replies":[{"embeddable":true,"href":"https:\/\/www-topparrangement.wp2.hcweb.dev\/en\/wp-json\/wp\/v2\/comments?post=5310"}],"version-history":[{"count":6,"href":"https:\/\/www-topparrangement.wp2.hcweb.dev\/en\/wp-json\/wp\/v2\/pages\/5310\/revisions"}],"predecessor-version":[{"id":13175,"href":"https:\/\/www-topparrangement.wp2.hcweb.dev\/en\/wp-json\/wp\/v2\/pages\/5310\/revisions\/13175"}],"up":[{"embeddable":true,"href":"https:\/\/www-topparrangement.wp2.hcweb.dev\/en\/wp-json\/wp\/v2\/pages\/5834"}],"wp:featuredmedia":[{"embeddable":true,"href":"https:\/\/www-topparrangement.wp2.hcweb.dev\/en\/wp-json\/wp\/v2\/media\/12535"}],"wp:attachment":[{"href":"https:\/\/www-topparrangement.wp2.hcweb.dev\/en\/wp-json\/wp\/v2\/media?parent=5310"}],"curies":[{"name":"wp","href":"https:\/\/api.w.org\/{rel}","templated":true}]}}