{"id":5035,"date":"2019-10-24T13:35:33","date_gmt":"2019-10-24T11:35:33","guid":{"rendered":"https:\/\/www-topparrangement.wp2.hcweb.dev\/?page_id=5035"},"modified":"2026-01-13T15:28:48","modified_gmt":"2026-01-13T14:28:48","slug":"julebord","status":"publish","type":"page","link":"https:\/\/www-topparrangement.wp2.hcweb.dev\/en\/event\/julebord\/","title":{"rendered":"Christmas table"},"content":{"rendered":"\n<h1  data-animation-delay=\"\" data-animation-duration=\"1\">\n\t\t\t\t<\/h1>\n<h2>\n\t\t\tVi har lang erfaring p\u00e5 julebord, fra mindre til st\u00f8rre produksjoner oppimot 900 gjester. Ingen julebord for lite og ingen for stort.\t<\/h2>\n<figure data-animation-delay=\"0\" data-animation-duration=\"1\" itemscope itemtype=\"https:\/\/schema.org\/ImageObject\">\n\t\t\t\t<img decoding=\"async\" src=\"https:\/\/www-topparrangement.wp2.hcweb.dev\/wp-content\/uploads\/2020\/05\/juletre.jpg\" alt=\"juletre\" height=\"854\" width=\"1280\" title=\"juletre\" onerror=\"this.style.display='none'\" loading=\"lazy\" \/>\n\t<\/figure>\n<p><strong>Vi kan bist\u00e5 med:<\/strong><\/p>\n<ul>\n<li>Idemuldring for gode forslag<\/li>\n<li>Booking av hotel og andre &#8220;venues&#8221;<\/li>\n<li>Artistformidling av humor og musikk<\/li>\n<li>Lyd, lys, scene og teknisk crew<\/li>\n<li>Blomster, p\u00e5melding, transport med mer.<\/li>\n<li>Oppsett av kj\u00f8replan og koordinering<\/li>\n<li>Koordinering f\u00f8r arrangement<\/li>\n<li>Gjennomf\u00f8ring selve kvelden.<\/li>\n<\/ul>\n<p>Vi kan ogs\u00e5 bist\u00e5 kun med deler av arrangementet som \u00e5 levere underholdningen. Og vi setter ogs\u00e5 opp ferdige show i flere byer.<\/p>\n\t\t\t<h3>Send Foresp\u00f8rsel<\/h3>\n    <form id=\"wpforms-form-9135\" data-formid=\"9135\" method=\"post\" enctype=\"multipart\/form-data\" action=\"\/?page_id=5035&#038;fl_builder\" data-token=\"cc9bce863ae2ddfa09225031352f7e57\" data-token-time=\"1768314528\">Generelt kontaktskjemaPlease enable JavaScript in your browser to complete this form.<label for=\"wpforms-9135-field_6\">Navn *<\/label><input type=\"text\" id=\"wpforms-9135-field_6\" name=\"wpforms[fields][6]\" placeholder=\"Ditt navn\" required\/><label for=\"wpforms-9135-field_2\">E-post *<\/label><input type=\"email\" id=\"wpforms-9135-field_2\" name=\"wpforms[fields][2]\" placeholder=\"Deres e-post\" spellcheck=\"false\" required\/><label for=\"wpforms-9135-field_3\">Telefon  *<\/label><input type=\"number\" id=\"wpforms-9135-field_3\" name=\"wpforms[fields][3]\" placeholder=\"Ditt telefonnummer\" step=\"any\" required\/><label for=\"wpforms-9135-field_1\">Firma \/ avdeling<\/label><input type=\"text\" id=\"wpforms-9135-field_1\" name=\"wpforms[fields][1]\" placeholder=\"Skriv inn hvilket firma \/ avdeling det gjelder\"\/><label for=\"wpforms-9135-field_5\">Dato \/ sted<\/label><input type=\"text\" id=\"wpforms-9135-field_5\" name=\"wpforms[fields][5]\" placeholder=\"Fyll ut tid og sted for arragmenet\"\/><label for=\"wpforms-9135-field_7\">Melding<\/label><textarea id=\"wpforms-9135-field_7\" name=\"wpforms[fields][7]\" placeholder=\"Hva kan vi hjelpe deg med?\"><\/textarea><!-- .wpforms-field-container --><input type=\"hidden\" name=\"wpforms[recaptcha]\" value=\"\"\/><input type=\"hidden\" name=\"wpforms[id]\" value=\"9135\"\/>\t\t\t<input type=\"hidden\"\n\t\t\t\tname=\"wpforms[nonce]\"\n\t\t\t\tvalue=\"38586e5e40\"\n\t\t\t\/>\n\t\t\t<input type=\"hidden\" name=\"page_title\" value=\"Julebord\"\/><input type=\"hidden\" name=\"page_url\" value=\"https:\/\/www-topparrangement.wp2.hcweb.dev\/?page_id=5035&#038;fl_builder\"\/><input type=\"hidden\" name=\"url_referer\" value=\"\"\/><input type=\"hidden\" name=\"page_id\" value=\"5035\"\/><input type=\"hidden\" name=\"wpforms[post_id]\" value=\"5035\"\/><button type=\"submit\" name=\"wpforms[submit]\" id=\"wpforms-submit-9135\" data-alt-text=\"Sender...\" data-submit-text=\"Send\" aria-live=\"assertive\" value=\"wpforms-submit\">Send<\/button><\/form>  <!-- .wpforms-container -->\n<figure data-animation-delay=\"0\" data-animation-duration=\"1\" itemscope itemtype=\"https:\/\/schema.org\/ImageObject\">\n\t\t\t\t<img decoding=\"async\" src=\"https:\/\/www-topparrangement.wp2.hcweb.dev\/wp-content\/uploads\/2021\/04\/Topp_Arrangement_stvg-30-av-36-scaled.jpg\" alt=\"Topp_Arrangement_stvg (30 av 36)\" height=\"2560\" width=\"2048\" title=\"Topp_Arrangement_stvg (30 av 36)\" onerror=\"this.style.display='none'\" loading=\"lazy\" \/>\n\t<\/figure>\n\t<p>For mange firma er julebord det eneste arrangementet gjennom \u00e5ret hvor alle de ansatte har mulighet til \u00e5 treffe hverandre p\u00e5 samme kveld. Og da er v\u00e5r oppgave i samarbeid med deg \u00e5 skape tidenes julebord.<\/p>\n<p>For mange firma er julebord det eneste arrangementet gjennom \u00e5ret hvor alle de ansatte har mulighet til \u00e5 treffe hverandre p\u00e5 samme kveld. Og da er v\u00e5r oppgave i samarbeid med deg \u00e5 skape tidenes julebord.<\/p>\n\t<p>Vi har lang erfaring p\u00e5 julebord, fra mindre til st\u00f8rre produksjoner oppimot 900 gjester. Ingen julebord for lite og ingen for stort. Vi kan bist\u00e5 med artist-formidling av humor og musikk, teknikk, dekor, prosjektledelse og mye mer.<\/p>\n\t<p>Ta <a href=\"https:\/\/www-topparrangement.wp2.hcweb.dev\/kontakt\/\">kontakt<\/a> for en prat og vi skreddersyr deretter et uforpliktet konsept tilbud til deg og ditt firma. I samarbeid med deg skaper vi magi p\u00e5 deres neste arrangement!<\/p>\n\t<p>Ring oss p\u00e5 <a href=\"tel:90501418\">90 50 14 18<\/a>. \u00a0 E-post: <a href=\"mailto:post@topparrangement.no\">post@topparrangement.no<\/a><\/p>\n\n","protected":false},"excerpt":{"rendered":"<p>Vi har lang erfaring p\u00e5 julebord, fra mindre til st\u00f8rre produksjoner oppimot 900 gjester. Ingen julebord for lite og ingen for stort. Vi kan bist\u00e5 med: Idemuldring for gode forslag Booking av hotel og andre &#8220;venues&#8221; Artistformidling av humor og musikk Lyd, lys, scene og teknisk crew Blomster, p\u00e5melding, transport med mer. Oppsett av kj\u00f8replan&hellip;<\/p>","protected":false},"author":1,"featured_media":0,"parent":4985,"menu_order":22,"comment_status":"closed","ping_status":"closed","template":"","meta":{"_acf_changed":false,"footnotes":""},"class_list":["post-5035","page","type-page","status-publish","hentry"],"acf":[],"_links":{"self":[{"href":"https:\/\/www-topparrangement.wp2.hcweb.dev\/en\/wp-json\/wp\/v2\/pages\/5035","targetHints":{"allow":["GET"]}}],"collection":[{"href":"https:\/\/www-topparrangement.wp2.hcweb.dev\/en\/wp-json\/wp\/v2\/pages"}],"about":[{"href":"https:\/\/www-topparrangement.wp2.hcweb.dev\/en\/wp-json\/wp\/v2\/types\/page"}],"author":[{"embeddable":true,"href":"https:\/\/www-topparrangement.wp2.hcweb.dev\/en\/wp-json\/wp\/v2\/users\/1"}],"replies":[{"embeddable":true,"href":"https:\/\/www-topparrangement.wp2.hcweb.dev\/en\/wp-json\/wp\/v2\/comments?post=5035"}],"version-history":[{"count":5,"href":"https:\/\/www-topparrangement.wp2.hcweb.dev\/en\/wp-json\/wp\/v2\/pages\/5035\/revisions"}],"predecessor-version":[{"id":13184,"href":"https:\/\/www-topparrangement.wp2.hcweb.dev\/en\/wp-json\/wp\/v2\/pages\/5035\/revisions\/13184"}],"up":[{"embeddable":true,"href":"https:\/\/www-topparrangement.wp2.hcweb.dev\/en\/wp-json\/wp\/v2\/pages\/4985"}],"wp:attachment":[{"href":"https:\/\/www-topparrangement.wp2.hcweb.dev\/en\/wp-json\/wp\/v2\/media?parent=5035"}],"curies":[{"name":"wp","href":"https:\/\/api.w.org\/{rel}","templated":true}]}}