{"id":4985,"date":"2019-10-22T12:18:27","date_gmt":"2019-10-22T10:18:27","guid":{"rendered":"https:\/\/www-topparrangement.wp2.hcweb.dev\/?page_id=4985"},"modified":"2026-01-20T10:53:35","modified_gmt":"2026-01-20T09:53:35","slug":"event","status":"publish","type":"page","link":"https:\/\/www-topparrangement.wp2.hcweb.dev\/en\/event\/","title":{"rendered":"Event"},"content":{"rendered":"\n\n<h2>\n\t\t\tPlanlegger dere et arrangement? Som eventbyr\u00e5 h\u00e5ndterer vi alle detaljer f\u00f8r og under arrangementet\t<\/h2>\n\t<p>Kontakt oss p\u00e5 <a href=\"mailto:post@topparrangement.no\">post@topparrangement.no<\/a> eller ring\u00a0<a href=\"tel:90501418\">90 50 14 18<\/a>.<\/p>\n<figure itemscope itemtype=\"https:\/\/schema.org\/ImageObject\">\n\t\t\t\t<img decoding=\"async\" src=\"https:\/\/www-topparrangement.wp2.hcweb.dev\/wp-content\/uploads\/2026\/01\/IMG_8203.jpg\" alt=\"IMG_8203\" height=\"1440\" width=\"1920\" title=\"IMG_8203\" onerror=\"this.style.display='none'\" loading=\"lazy\" \/>\n\t<\/figure>\n\t<h4>Vi skaper minnerike og engasjerende opplevelser<\/h4>\n<p>Sommerfest, julebord, kickoff, jubileum, konferanse og andre arrangement.\u00a0Vi planlegger og gjennomf\u00f8rer alt fra sm\u00e5 samlinger til store events.\u00a0<\/p>\n<p>Som eventbyr\u00e5 bist\u00e5r vi med skreddersydde opplevelser som styrker teamet og skaper ekte engasjement.<\/p>\n<p>Vi leverer komikere, artister, livemusikk, inspirerende foredragsholdere, kurs og teambuilding.<\/p>\n\t\t\t<h3>Send Foresp\u00f8rsel<\/h3>\n    <form id=\"wpforms-form-9135\" data-formid=\"9135\" method=\"post\" enctype=\"multipart\/form-data\" action=\"\/?page_id=4985&#038;fl_builder\" data-token=\"3e319338b73825f7e7e5e7c1f5720b1d\" data-token-time=\"1768902815\">Generelt kontaktskjemaPlease enable JavaScript in your browser to complete this form.<label for=\"wpforms-9135-field_6\">Navn *<\/label><input type=\"text\" id=\"wpforms-9135-field_6\" name=\"wpforms[fields][6]\" placeholder=\"Ditt navn\" required\/><label for=\"wpforms-9135-field_2\">E-post *<\/label><input type=\"email\" id=\"wpforms-9135-field_2\" name=\"wpforms[fields][2]\" placeholder=\"Deres e-post\" spellcheck=\"false\" required\/><label for=\"wpforms-9135-field_3\">Telefon  *<\/label><input type=\"number\" id=\"wpforms-9135-field_3\" name=\"wpforms[fields][3]\" placeholder=\"Ditt telefonnummer\" step=\"any\" required\/><label for=\"wpforms-9135-field_1\">Firma \/ avdeling<\/label><input type=\"text\" id=\"wpforms-9135-field_1\" name=\"wpforms[fields][1]\" placeholder=\"Skriv inn hvilket firma \/ avdeling det gjelder\"\/><label for=\"wpforms-9135-field_5\">Dato \/ sted<\/label><input type=\"text\" id=\"wpforms-9135-field_5\" name=\"wpforms[fields][5]\" placeholder=\"Fyll ut tid og sted for arragmenet\"\/><label for=\"wpforms-9135-field_7\">Melding<\/label><textarea id=\"wpforms-9135-field_7\" name=\"wpforms[fields][7]\" placeholder=\"Hva kan vi hjelpe deg med?\"><\/textarea><!-- .wpforms-field-container --><input type=\"hidden\" name=\"wpforms[recaptcha]\" value=\"\"\/><input type=\"hidden\" name=\"wpforms[id]\" value=\"9135\"\/>\t\t\t<input type=\"hidden\"\n\t\t\t\tname=\"wpforms[nonce]\"\n\t\t\t\tvalue=\"00e4de9065\"\n\t\t\t\/>\n\t\t\t<input type=\"hidden\" name=\"page_title\" value=\"Event\"\/><input type=\"hidden\" name=\"page_url\" value=\"https:\/\/www-topparrangement.wp2.hcweb.dev\/?page_id=4985&#038;fl_builder\"\/><input type=\"hidden\" name=\"url_referer\" value=\"\"\/><input type=\"hidden\" name=\"page_id\" value=\"4985\"\/><input type=\"hidden\" name=\"wpforms[post_id]\" value=\"4985\"\/><button type=\"submit\" name=\"wpforms[submit]\" id=\"wpforms-submit-9135\" data-alt-text=\"Sender...\" data-submit-text=\"Send\" aria-live=\"assertive\" value=\"wpforms-submit\">Send<\/button><\/form>  <!-- .wpforms-container -->\n\t<h3>\n\t\t\t\t\tFelles\n\t\t\t\tPreview text\t\t\t\n\t\t\t<\/h3>\n\t<p>Som eventbyr\u00e5 gj\u00f8r vi det enkelt \u00e5 arrangere ditt event. Vi tar oss av alt det praktiske, fra booking av sted og underholdning til musikk og teknisk gjennomf\u00f8ring.\u00a0<\/p>\n<figure itemscope itemtype=\"https:\/\/schema.org\/ImageObject\">\n\t\t\t\t<img decoding=\"async\" src=\"https:\/\/www-topparrangement.wp2.hcweb.dev\/wp-content\/uploads\/2026\/01\/event-prosjektledelse.png\" alt=\"event prosjektledelse\" height=\"976\" width=\"1485\" title=\"event prosjektledelse\" onerror=\"this.style.display='none'\" loading=\"lazy\" \/>\n\t<\/figure>\n\t<h3 data-start=\"365\" data-end=\"403\">Vi tilbyr blant annet:<\/h3>\n<ul>\n<li data-start=\"365\" data-end=\"403\">Forslag til hoteller og passende lokaliteter<\/li>\n<li data-start=\"365\" data-end=\"403\">Booking av komikere, artister og livemusikk<\/li>\n<li data-start=\"365\" data-end=\"403\">Skreddersydde konseptfroslag<\/li>\n<li data-start=\"365\" data-end=\"403\">Teknisk gjennomf\u00f8ring med lyd, lys, scene og crew<\/li>\n<li data-start=\"365\" data-end=\"403\">AV-l\u00f8sninger og profesjonell kamera produksjon<\/li>\n<li data-start=\"365\" data-end=\"403\">Detaljerte kj\u00f8replaner<\/li>\n<li data-start=\"365\" data-end=\"403\">Erfaren prosjektledere og dedikert crew<\/li>\n<\/ul>\n\t<h3>Med oss p\u00e5 laget er du sikret et profesjonelt, effektivt og minneverdig event fra start til slutt.<\/h3>\n\n","protected":false},"excerpt":{"rendered":"<p>Planlegger dere et arrangement? Som eventbyr\u00e5 h\u00e5ndterer vi alle detaljer f\u00f8r og under arrangementet Kontakt oss p\u00e5 post@topparrangement.no eller ring\u00a090 50 14 18. Vi skaper minnerike og engasjerende opplevelser Sommerfest, julebord, kickoff, jubileum, konferanse og andre arrangement.\u00a0Vi planlegger og gjennomf\u00f8rer alt fra sm\u00e5 samlinger til store events.\u00a0 Som eventbyr\u00e5 bist\u00e5r vi med skreddersydde opplevelser som&hellip;<\/p>","protected":false},"author":1,"featured_media":9242,"parent":0,"menu_order":14,"comment_status":"closed","ping_status":"closed","template":"","meta":{"_acf_changed":false,"footnotes":""},"class_list":["post-4985","page","type-page","status-publish","has-post-thumbnail","hentry"],"acf":[],"_links":{"self":[{"href":"https:\/\/www-topparrangement.wp2.hcweb.dev\/en\/wp-json\/wp\/v2\/pages\/4985","targetHints":{"allow":["GET"]}}],"collection":[{"href":"https:\/\/www-topparrangement.wp2.hcweb.dev\/en\/wp-json\/wp\/v2\/pages"}],"about":[{"href":"https:\/\/www-topparrangement.wp2.hcweb.dev\/en\/wp-json\/wp\/v2\/types\/page"}],"author":[{"embeddable":true,"href":"https:\/\/www-topparrangement.wp2.hcweb.dev\/en\/wp-json\/wp\/v2\/users\/1"}],"replies":[{"embeddable":true,"href":"https:\/\/www-topparrangement.wp2.hcweb.dev\/en\/wp-json\/wp\/v2\/comments?post=4985"}],"version-history":[{"count":11,"href":"https:\/\/www-topparrangement.wp2.hcweb.dev\/en\/wp-json\/wp\/v2\/pages\/4985\/revisions"}],"predecessor-version":[{"id":13770,"href":"https:\/\/www-topparrangement.wp2.hcweb.dev\/en\/wp-json\/wp\/v2\/pages\/4985\/revisions\/13770"}],"wp:featuredmedia":[{"embeddable":true,"href":"https:\/\/www-topparrangement.wp2.hcweb.dev\/en\/wp-json\/wp\/v2\/media\/9242"}],"wp:attachment":[{"href":"https:\/\/www-topparrangement.wp2.hcweb.dev\/en\/wp-json\/wp\/v2\/media?parent=4985"}],"curies":[{"name":"wp","href":"https:\/\/api.w.org\/{rel}","templated":true}]}}