{"id":4187,"date":"2019-08-19T09:05:48","date_gmt":"2019-08-19T07:05:48","guid":{"rendered":"https:\/\/www-topparrangement.wp2.hcweb.dev\/?page_id=4187"},"modified":"2026-04-05T21:58:51","modified_gmt":"2026-04-05T19:58:51","slug":"total-makeover","status":"publish","type":"page","link":"https:\/\/www-topparrangement.wp2.hcweb.dev\/en\/event\/total-makeover\/","title":{"rendered":"Events in your own building"},"content":{"rendered":"\n\n\t<p><strong data-start=\"199\" data-end=\"504\">Vi skreddersyr og tar h\u00e5nd om innhold, logistikk og gjennomf\u00f8ring. Enten det er i kantinen, p\u00e5 verkstedet eller lageret &#8211; for ansatte, kunder eller leverand\u00f8rer. Med riktig innhold og kreativ tiln\u00e6rming forvandler vi lokalene til en arena for opplevelser som overrasker og blir snakket om i etterkant.<\/strong><\/p>\n\t<h3>Typiske produksjoner er:\u00a0<\/h3>\n<ul>\n<li>\u00c5pning av et nytt bygg<\/li>\n<li>Markering av et jubileum<\/li>\n<li>Kunde kveld med produksjonshall<\/li>\n<li>Kickoff p\u00e5 verkstedet<\/li>\n<li>Sosialt sammenkomst i kantinen<\/li>\n<li>Familiedag i telt p\u00e5 parkeringsplass<\/li>\n<\/ul>\n<p>Vi har lang erfaring med det vi kaller &#8220;total maker&#8221; som er unike arrangement vi skreddersyr til det enkelte lokale. Fellesnevneren er at ansatte, kunder og leverand\u00f8rer f\u00e5r seg en kjekk overraskelse og med rett innhold og prosjektledelse fra oss i Topp Arrangement garanterer vi en kveld man sent vil glemme.\u00a0<\/p>\n\t\t\t<h3>Send Foresp\u00f8rsel<\/h3>\n    <form id=\"wpforms-form-9135\" data-formid=\"9135\" method=\"post\" enctype=\"multipart\/form-data\" action=\"\/?page_id=4187&#038;fl_builder\" data-token=\"61032f971ec66483d9dcc023a5202f6f\" data-token-time=\"1775419131\">Generelt kontaktskjemaPlease enable JavaScript in your browser to complete this form.<label for=\"wpforms-9135-field_6\">Navn *<\/label><input type=\"text\" id=\"wpforms-9135-field_6\" name=\"wpforms[fields][6]\" placeholder=\"Ditt navn\" required\/><label for=\"wpforms-9135-field_2\">E-post *<\/label><input type=\"email\" id=\"wpforms-9135-field_2\" name=\"wpforms[fields][2]\" placeholder=\"Deres e-post\" spellcheck=\"false\" required\/><label for=\"wpforms-9135-field_3\">Telefon  *<\/label><input type=\"number\" id=\"wpforms-9135-field_3\" name=\"wpforms[fields][3]\" placeholder=\"Ditt telefonnummer\" step=\"any\" required\/><label for=\"wpforms-9135-field_1\">Firma \/ avdeling<\/label><input type=\"text\" id=\"wpforms-9135-field_1\" name=\"wpforms[fields][1]\" placeholder=\"Skriv inn hvilket firma \/ avdeling det gjelder\"\/><label for=\"wpforms-9135-field_5\">Dato \/ sted<\/label><input type=\"text\" id=\"wpforms-9135-field_5\" name=\"wpforms[fields][5]\" placeholder=\"Fyll ut tid og sted for arragmenet\"\/><label for=\"wpforms-9135-field_7\">Melding<\/label><textarea id=\"wpforms-9135-field_7\" name=\"wpforms[fields][7]\" placeholder=\"Hva kan vi hjelpe deg med?\"><\/textarea><!-- .wpforms-field-container --><input type=\"hidden\" name=\"wpforms[recaptcha]\" value=\"\"\/><input type=\"hidden\" name=\"wpforms[id]\" value=\"9135\"\/>\t\t\t<input type=\"hidden\"\n\t\t\t\tname=\"wpforms[nonce]\"\n\t\t\t\tvalue=\"23a6d50213\"\n\t\t\t\/>\n\t\t\t<input type=\"hidden\" name=\"page_title\" value=\"Event p\u00e5 eget bygg\"\/><input type=\"hidden\" name=\"page_url\" value=\"https:\/\/www-topparrangement.wp2.hcweb.dev\/?page_id=4187&#038;fl_builder\"\/><input type=\"hidden\" name=\"url_referer\" value=\"\"\/><input type=\"hidden\" name=\"page_id\" value=\"4187\"\/><input type=\"hidden\" name=\"wpforms[post_id]\" value=\"4187\"\/><button type=\"submit\" name=\"wpforms[submit]\" id=\"wpforms-submit-9135\" data-alt-text=\"Sender...\" data-submit-text=\"Send\" aria-live=\"assertive\" value=\"wpforms-submit\">Send<\/button><\/form>  <!-- .wpforms-container -->\n<figure data-animation-delay=\"0\" data-animation-duration=\"1\" itemscope itemtype=\"https:\/\/schema.org\/ImageObject\">\n\t\t\t\t<img decoding=\"async\" src=\"https:\/\/www-topparrangement.wp2.hcweb.dev\/wp-content\/uploads\/2026\/01\/Telt-firmafest.png\" alt=\"Telt firmafest\" height=\"1024\" width=\"1536\" title=\"Telt firmafest\" onerror=\"this.style.display='none'\" loading=\"lazy\" \/>\n\t<\/figure>\n<h2>\n\t\t\tF\u00f8r og etterbilder fra ulike produksjoner\t<\/h2>\n\t<h3>Fra verksted til \u00e5pningsfest<\/h3>\n<p>Dette var en kjekk jobb som totalt har resultert i tre ulike produksjonner p\u00e5 dette verkstedet. Kort fortalt er dette et verksted som ble t\u00f8mt for verkt\u00f8y, statsiver og annet utstyr. Deretter var det for oss og komme inn og skape rommet om til en festsal.<\/p>\n\t<p>(Dra pilen frem og tilbake for \u00e5 se f\u00f8r og etter bilde)<\/p>\n\t\t<img decoding=\"async\" src=\"https:\/\/www-topparrangement.wp2.hcweb.dev\/wp-content\/uploads\/2020\/04\/Verksted-f\u00f8r-opprigg.jpg\"\/>\n\t\t<img decoding=\"async\" src=\"https:\/\/www-topparrangement.wp2.hcweb.dev\/wp-content\/uploads\/2023\/05\/IMG_0216-2048x1536.jpg\"\/>\n\t<h3>Fra kantine til festmiddag<\/h3>\n<p>Her hadde v\u00e5r kunde akkurat flyttet til nye lokaler og ville gjerne markere dette. Kvelden staret med aktiviteter og gikk deretter over til middag med underholdning og avslutningsvis livemusikk og dans. Gjett om de ansatte ble overasket n\u00e5r de s\u00e5 kantinen ved ankomst.<\/p>\n\t<p>(Dra pilen frem og tilbake for \u00e5 se f\u00f8r og etter bilde)<\/p>\n\t\t<img decoding=\"async\" src=\"https:\/\/www-topparrangement.wp2.hcweb.dev\/wp-content\/uploads\/2020\/04\/Kantine-f\u00f8r-opprigg.jpg\"\/>\n\t\t<img decoding=\"async\" src=\"https:\/\/www-topparrangement.wp2.hcweb.dev\/wp-content\/uploads\/2020\/04\/Kantine-etter-opprigg.jpg\"\/>\n\t<h3>Fra g\u00e5rdsrom til jubileumsfest<\/h3>\n<p>En av v\u00e5re kunder ville feire firmaets jubileum midt i naturen. Mellom en &#8220;l\u00f8e&#8221; og et vedskjul satte vi opp telt p\u00e5 spesialm\u00e5l som vi deretter innredet. I vedskjulet ble det scene med fantastisk underholdning, p\u00e5 g\u00e5rdsplassen ble det dekket opp til galla og inne i l\u00f8a ble det afterparty etter desserten.<\/p>\n\t<p>(Dra pilen frem og tilbake for \u00e5 se f\u00f8r og etter bilde)<\/p>\n\t\t<img decoding=\"async\" src=\"https:\/\/www-topparrangement.wp2.hcweb.dev\/wp-content\/uploads\/2020\/04\/G\u00e5rdsrom-f\u00f8r-opprigg.jpg\"\/>\n\t\t<img decoding=\"async\" src=\"https:\/\/www-topparrangement.wp2.hcweb.dev\/wp-content\/uploads\/2020\/04\/G\u00e5rdsrom-etter.jpg\"\/>\n\t<h3>Fra kunsutstilling til &#8220;fine dining&#8221;<\/h3>\n<p>Her var vi inne p\u00e5 kunstgallereiet Skur 2 i Stavanger. Men denne kvelden ble deler av kunstutstillingen tatt ned og vi fikk &#8220;nesten&#8221; frie t\u00f8yler til fra v\u00e5r kunde til \u00e5 dekorere til magisk festaften med servering av delikatesser og fantastisk underholdning fra scenen.<\/p>\n\t<p>(Dra pilen frem og tilbake for \u00e5 se f\u00f8r og etter bilde)<\/p>\n\t\t<img decoding=\"async\" src=\"https:\/\/www-topparrangement.wp2.hcweb.dev\/wp-content\/uploads\/2020\/04\/Kunst-f\u00f8r.jpg\"\/>\n\t\t<img decoding=\"async\" src=\"https:\/\/www-topparrangement.wp2.hcweb.dev\/wp-content\/uploads\/2020\/04\/Kunst-etter.jpg\"\/>\n\t<p>Vi kaller det \u00abtotal makeover\u00bb Med lang erfaring har vi utallige ganger forvandlet ulike typer lokaler &#8211; verksteder, lagerlokaler, kantiner, og mer &#8211; til fantastiske eventarenaer. Med en imponerende historie innen skreddersydde arrangementer, garanterer vi en minneverdig opplevelse for de ansatte, kunder og leverand\u00f8rer. V\u00e5r prosjektledelse sikrer at hvert arrangement blir gjennomf\u00f8rt med presisjon. Fra \u00e5pningen av nye bygg til jubileer, eksklusive kundearrangement og sosiale samlinger for de ansatte &#8211; vi skaper magien som varer.<\/p>\n\t<p>Ta <a href=\"https:\/\/www-topparrangement.wp2.hcweb.dev\/kontakt\/\">kontakt<\/a> for en prat og vi skreddersyr deretter et uforpliktet konsept tilbud til deg og ditt firma. I samarbeid med deg skaper vi magi p\u00e5 deres neste arrangement!<\/p>\n\t<p>Telefon: <a href=\"tel:90501418\">90 50 14 18<\/a>. \u00a0 E-post: <a href=\"mailto:post@topparrangement.no\">post@topparrangement.no<\/a><\/p>\n\n","protected":false},"excerpt":{"rendered":"<p>Vi skreddersyr og tar h\u00e5nd om innhold, logistikk og gjennomf\u00f8ring. Enten det er i kantinen, p\u00e5 verkstedet eller lageret &#8211; for ansatte, kunder eller leverand\u00f8rer. Med riktig innhold og kreativ tiln\u00e6rming forvandler vi lokalene til en arena for opplevelser som overrasker og blir snakket om i etterkant. Typiske produksjoner er:\u00a0 \u00c5pning av et nytt bygg&hellip;<\/p>","protected":false},"author":1,"featured_media":8124,"parent":4985,"menu_order":19,"comment_status":"closed","ping_status":"closed","template":"","meta":{"_acf_changed":false,"footnotes":""},"class_list":["post-4187","page","type-page","status-publish","has-post-thumbnail","hentry"],"acf":[],"_links":{"self":[{"href":"https:\/\/www-topparrangement.wp2.hcweb.dev\/en\/wp-json\/wp\/v2\/pages\/4187","targetHints":{"allow":["GET"]}}],"collection":[{"href":"https:\/\/www-topparrangement.wp2.hcweb.dev\/en\/wp-json\/wp\/v2\/pages"}],"about":[{"href":"https:\/\/www-topparrangement.wp2.hcweb.dev\/en\/wp-json\/wp\/v2\/types\/page"}],"author":[{"embeddable":true,"href":"https:\/\/www-topparrangement.wp2.hcweb.dev\/en\/wp-json\/wp\/v2\/users\/1"}],"replies":[{"embeddable":true,"href":"https:\/\/www-topparrangement.wp2.hcweb.dev\/en\/wp-json\/wp\/v2\/comments?post=4187"}],"version-history":[{"count":17,"href":"https:\/\/www-topparrangement.wp2.hcweb.dev\/en\/wp-json\/wp\/v2\/pages\/4187\/revisions"}],"predecessor-version":[{"id":13930,"href":"https:\/\/www-topparrangement.wp2.hcweb.dev\/en\/wp-json\/wp\/v2\/pages\/4187\/revisions\/13930"}],"up":[{"embeddable":true,"href":"https:\/\/www-topparrangement.wp2.hcweb.dev\/en\/wp-json\/wp\/v2\/pages\/4985"}],"wp:featuredmedia":[{"embeddable":true,"href":"https:\/\/www-topparrangement.wp2.hcweb.dev\/en\/wp-json\/wp\/v2\/media\/8124"}],"wp:attachment":[{"href":"https:\/\/www-topparrangement.wp2.hcweb.dev\/en\/wp-json\/wp\/v2\/media?parent=4187"}],"curies":[{"name":"wp","href":"https:\/\/api.w.org\/{rel}","templated":true}]}}