{"id":3658,"date":"2018-05-23T09:32:04","date_gmt":"2018-05-23T07:32:04","guid":{"rendered":"https:\/\/www-topparrangement.wp2.hcweb.dev\/?page_id=3658"},"modified":"2021-04-29T10:59:35","modified_gmt":"2021-04-29T08:59:35","slug":"personvern","status":"publish","type":"page","link":"https:\/\/www-topparrangement.wp2.hcweb.dev\/en\/personvern\/","title":{"rendered":"Privacy policy"},"content":{"rendered":"<strong>Topp Arrangement AS<\/strong><br \/>\r\nPO Box 246<br \/>\r\n4307 Sandnes, Norway<br \/>\r\nOrg. no. 999 571 786\r\n<strong>Contact information<\/strong><br \/>\r\nPhone +47 90 50 14 18<br \/>\r\n<a href=\"mailto:post@topparrangement.no\">post@topparrangement.no<\/a>\r\n<h2><\/h2>\r\n<p>&nbsp;<\/p>\r\n<h2>Information we collect<\/h2>\r\n<p>When visiting the website, our web provider will be able to collect necessary information that is required to provide a stable service.<\/p>\r\n<p>You can read more about this in <a href=\"https:\/\/www.hjelseth.com\/personvern\/\" target=\"_blank\" rel=\"noopener\">privacy policy of Hjelseth Computers<\/a>.<\/p>\r\n<p>&nbsp;<\/p>\r\n<h2>Information cookies (cookies)<\/h2>\r\n<h3>How we use cookies<\/h3>\r\n<p>We use cookies to provide you with better services. Some cookies are absolutely necessary for the functionality of the websites, while others are used to improve performance and user experience.<\/p>\r\nFunctional cookies are used to:<br \/>\r\n- remember your login details<br \/>\r\n- Ensure security when you are logged in<br \/>\r\n\u2013 s\u00f8rge for at nettsidene ser konsistente ut\r\nYtelsescookies brukes til \u00e5:<br \/>\r\n- Improve website performance by making pages load faster<br \/>\r\n\u2013 forbedre brukeropplevelsen\r\nM\u00e5lrettede cookies brukes til \u00e5:<br \/>\r\n- let you share and like content<br \/>\r\n- send information to other websites to personalise their advertising\r\n<p>&nbsp;<\/p>\r\n<h3>Examples of use<\/h3>\r\nCookies are used to provide you with better services, for example by:<br \/>\r\n- activate a service that recognises your device so you don't have to enter the same information multiple times<br \/>\r\n- remember that you've already entered your username and password when you're logged in to the pages, so you don't have to do it again for each page<br \/>\r\n- measure how many people use our services, so we can make them easier and faster<br \/>\r\n\u2013 analysere data for \u00e5 hjelpe oss \u00e5 forst\u00e5 hvordan du bruker tjenester p\u00e5 nettet, slik at vi kan forbedre dem\r\nHvis du ikke tillater oss \u00e5 bruke cookies, vil visse funksjoner og nettsidene ikke fungere som de skal.<br \/>\r\nIf you want to delete cookies that are already stored on your computer, follow the instructions for your browser by clicking Help in the menu.\r\n<p>You can read more about cookies and how to use them at <a href=\"http:\/\/www.aboutcookies.org\/\" target=\"_blank\" rel=\"noopener\">www.aboutcookies.org<\/a> or by clicking on Help in your browser.<\/p>\r\n<p>&nbsp;<\/p>\r\n<h2>Statistics<\/h2>\r\n<p>We use Google Analytics to measure the number of visitors, which pages are most popular, how long the visits last and other related information.<\/p>\r\n<p>Denne informasjonen er anonymisert s\u00e5 langt det lar seg gj\u00f8re via Google Analytics&#8217; verkt\u00f8y, og den benyttes kun for \u00e5 gi ett helthetsinntrykk, vi identifiserer ikke enkeltpersoner gjennom statistikkinnhenting.<\/p>\r\n<p>Read more in <a href=\"https:\/\/policies.google.com\/privacy\" target=\"_blank\" rel=\"noopener\">the privacy policy of Google<\/a>.<\/p>\r\n<p>&nbsp;<\/p>\r\n<h3>Jetpack<\/h3>\r\n<p>Views of pages and articles, as well as which links are clicked, which search terms are used to find the website and which country the visitor is from are collected via Jetpack.<\/p>\r\n<p>Other data included when this information is collected is the visitor's IP address, browser version, available languages, as well as which page the visitor was referred from.<\/p>\r\n<p>If you are a WordPress.com user, and are logged in to their services, the username and user ID from this service will also be collected.<\/p>\r\n<p>This information <a href=\"https:\/\/jetpack.com\/support\/wordpress-com-stats\/#data-visibility-and-retention\" target=\"_blank\" rel=\"noopener\">stored for 28 days to aggregate statistics<\/a>, and we do not have access to data that can identify individuals.<\/p>\r\n<p>Read more in <a href=\"https:\/\/automattic.com\/privacy\/\" target=\"_blank\" rel=\"noopener\">the privacy policy of Automattic<\/a>.<\/p>\r\n<p>&nbsp;<\/p>\r\n<h2>Third-party tools<\/h2>\r\n<h3>Texts<\/h3>\r\n<p>The website uses text types made available via <a href=\"https:\/\/fonts.google.com\" target=\"_blank\" rel=\"noopener\">Google Fonts<\/a>. To the best of our knowledge, no information about the website visitor is collected when such text types are loaded.<\/p>\r\n<h3>Third party content<\/h3>\r\n<p>We sometimes include video clips, images or content from other third-party websites. Such content treats the visitor as if they were on the included content's own website and it may therefore occur that cookies are stored or statistics are collected by these third parties.<\/p>\r\n<p>&nbsp;<\/p>\r\n<h2>General information<\/h2>\r\n<h3>Contact form<\/h3>\r\nOn our website, you can also contact us via a contact form, in which case we will ask for the name and contact details of a contact person.<br \/>\r\nPersonal data we receive in connection with enquiries will not be used for any purpose other than to contact you.","protected":false},"excerpt":{"rendered":"<p>Topp Arrangement AS Postboks 246 4307 Sandnes Org.nr. 999 571 786 Kontaktinformasjon Telefon +47 90 50 14 18 post@topparrangement.no &nbsp; Informasjon vi innhenter Ved bes\u00f8k p\u00e5 nettsiden vil v\u00e5r nettleverand\u00f8r kunne innhente n\u00f8dvendig informasjon som er n\u00f8dvendig for \u00e5 levere en stabil tjeneste. Det kan leses mer om dette i personvernerkl\u00e6ringen til Hjelseth Computers. &nbsp;&hellip;<\/p>","protected":false},"author":1,"featured_media":0,"parent":0,"menu_order":51,"comment_status":"closed","ping_status":"closed","template":"","meta":{"_acf_changed":false,"footnotes":""},"class_list":["post-3658","page","type-page","status-publish","hentry"],"acf":[],"_links":{"self":[{"href":"https:\/\/www-topparrangement.wp2.hcweb.dev\/en\/wp-json\/wp\/v2\/pages\/3658","targetHints":{"allow":["GET"]}}],"collection":[{"href":"https:\/\/www-topparrangement.wp2.hcweb.dev\/en\/wp-json\/wp\/v2\/pages"}],"about":[{"href":"https:\/\/www-topparrangement.wp2.hcweb.dev\/en\/wp-json\/wp\/v2\/types\/page"}],"author":[{"embeddable":true,"href":"https:\/\/www-topparrangement.wp2.hcweb.dev\/en\/wp-json\/wp\/v2\/users\/1"}],"replies":[{"embeddable":true,"href":"https:\/\/www-topparrangement.wp2.hcweb.dev\/en\/wp-json\/wp\/v2\/comments?post=3658"}],"version-history":[{"count":0,"href":"https:\/\/www-topparrangement.wp2.hcweb.dev\/en\/wp-json\/wp\/v2\/pages\/3658\/revisions"}],"wp:attachment":[{"href":"https:\/\/www-topparrangement.wp2.hcweb.dev\/en\/wp-json\/wp\/v2\/media?parent=3658"}],"curies":[{"name":"wp","href":"https:\/\/api.w.org\/{rel}","templated":true}]}}