{"id":11946,"date":"2024-04-03T14:15:47","date_gmt":"2024-04-03T12:15:47","guid":{"rendered":"https:\/\/www-topparrangement.wp2.hcweb.dev\/?page_id=11946"},"modified":"2025-04-09T11:56:00","modified_gmt":"2025-04-09T09:56:00","slug":"juleshow-sarpsborg","status":"publish","type":"page","link":"https:\/\/www-topparrangement.wp2.hcweb.dev\/en\/julebordshow\/juleshow-sarpsborg\/","title":{"rendered":"Christmas show Sarpsborg 2025"},"content":{"rendered":"<h2>\n\t\tGet ready for a full evening with a hot Christmas buffet, dessert buffet, artists, comedians, a mini-concert and finally a band playing for dancing and partying late into the night.\n\t<\/h2>\n\t<h2><strong>Et stjernespekket show &#8211; alle artister hver kveld!<\/strong><\/h2>\n<h3>Artist of the year package:<\/h3>\nJon Niklas R\u00f8nning<br \/>\nStian &#8216;Staysman&#8217; Thorbj\u00f8rnsen<br \/>\nNeed Music<br \/>\nAlejandro Fuentes<br \/>\nAlexandra Joner<br \/>\nBj\u00f8rn Henning \u00d8degaard<br \/>\nCeliin\n<p><strong>All artists every night!<\/strong><\/p>\n<h3>Dates 2024<\/h3>\nFriday 29 November<br \/>\nSaturday 30 November<br \/>\nFriday 06 December<br \/>\nSaturday 07 December\n\t\t\t<a href=\"https:\/\/www.julebordshow.no\/julebordshow-sarpsborg\/\" target=\"_blank\" rel=\"noopener\">\n\t\t\t\t\t\t\tClick here for more info\n\t\t\t\t\t<\/a>\n\t\t\t\t<img loading=\"lazy\" decoding=\"async\" src=\"https:\/\/www-topparrangement.wp2.hcweb.dev\/wp-content\/uploads\/2024\/04\/PDF-Sarpsborg-2024-PLAKAT-JPG.jpg\" alt=\"PDF-Sarpsborg-2024-PLAKAT-JPG\" itemprop=\"image\" height=\"1920\" width=\"1354\" title=\"PDF-Sarpsborg-2024-PLAKAT-JPG\" onerror=\"this.style.display='none'\"  \/>\n<h3>\n\t\tWatch video from the Christmas show in Stavanger 2022\n\t<\/h3>\n\t<meta itemprop=\"url\" content=\"https:\/\/www-topparrangement.wp2.hcweb.dev\/wp-content\/uploads\/2023\/04\/Julebordshow-2022-SOLA.mp4\" \/><div style=\"width: 640px;\" class=\"wp-video\"><video class=\"wp-video-shortcode\" id=\"video-11946-1\" width=\"640\" height=\"360\" poster=\"https:\/\/www-topparrangement.wp2.hcweb.dev\/wp-content\/uploads\/2023\/04\/Sola-julebord-2022-1920x1080-1.jpg\" preload=\"none\" controls=\"controls\"><source type=\"video\/mp4\" src=\"https:\/\/www-topparrangement.wp2.hcweb.dev\/wp-content\/uploads\/2023\/04\/Julebordshow-2022-SOLA.mp4?_=1\" \/><source type=\"video\/mp4\" src=\"https:\/\/www-topparrangement.wp2.hcweb.dev\/wp-content\/uploads\/2023\/04\/Julebordshow-2022-SOLA.mp4?_=1\" \/><a href=\"https:\/\/www-topparrangement.wp2.hcweb.dev\/wp-content\/uploads\/2023\/04\/Julebordshow-2022-SOLA.mp4\">https:\/\/www-topparrangement.wp2.hcweb.dev\/wp-content\/uploads\/2023\/04\/Julebordshow-2022-SOLA.mp4<\/a><\/video><\/div>","protected":false},"excerpt":{"rendered":"<p>Gj\u00f8r deg klar for en helaften med varm julebuffet, dessertbuffet, artister, komikere, minikonsert og til slutt band som spiller opp til dans og fest ut i de sene nattetimer. Et stjernespekket show &#8211; alle artister hver kveld! \u00c5rets artistpakke: Jon Niklas R\u00f8nning Stian &#8216;Staysman&#8217; Thorbj\u00f8rnsen Need Music Alejandro Fuentes Alexandra Joner Bj\u00f8rn Henning \u00d8degaard Celiin&hellip;<\/p>","protected":false},"author":1,"featured_media":12363,"parent":11522,"menu_order":36,"comment_status":"closed","ping_status":"closed","template":"","meta":{"_acf_changed":false,"footnotes":""},"class_list":["post-11946","page","type-page","status-publish","has-post-thumbnail","hentry"],"acf":[],"_links":{"self":[{"href":"https:\/\/www-topparrangement.wp2.hcweb.dev\/en\/wp-json\/wp\/v2\/pages\/11946","targetHints":{"allow":["GET"]}}],"collection":[{"href":"https:\/\/www-topparrangement.wp2.hcweb.dev\/en\/wp-json\/wp\/v2\/pages"}],"about":[{"href":"https:\/\/www-topparrangement.wp2.hcweb.dev\/en\/wp-json\/wp\/v2\/types\/page"}],"author":[{"embeddable":true,"href":"https:\/\/www-topparrangement.wp2.hcweb.dev\/en\/wp-json\/wp\/v2\/users\/1"}],"replies":[{"embeddable":true,"href":"https:\/\/www-topparrangement.wp2.hcweb.dev\/en\/wp-json\/wp\/v2\/comments?post=11946"}],"version-history":[{"count":9,"href":"https:\/\/www-topparrangement.wp2.hcweb.dev\/en\/wp-json\/wp\/v2\/pages\/11946\/revisions"}],"predecessor-version":[{"id":12379,"href":"https:\/\/www-topparrangement.wp2.hcweb.dev\/en\/wp-json\/wp\/v2\/pages\/11946\/revisions\/12379"}],"up":[{"embeddable":true,"href":"https:\/\/www-topparrangement.wp2.hcweb.dev\/en\/wp-json\/wp\/v2\/pages\/11522"}],"wp:featuredmedia":[{"embeddable":true,"href":"https:\/\/www-topparrangement.wp2.hcweb.dev\/en\/wp-json\/wp\/v2\/media\/12363"}],"wp:attachment":[{"href":"https:\/\/www-topparrangement.wp2.hcweb.dev\/en\/wp-json\/wp\/v2\/media?parent=11946"}],"curies":[{"name":"wp","href":"https:\/\/api.w.org\/{rel}","templated":true}]}}