{"id":11404,"date":"2023-08-15T14:26:25","date_gmt":"2023-08-15T12:26:25","guid":{"rendered":"https:\/\/www-topparrangement.wp2.hcweb.dev\/?page_id=11404"},"modified":"2026-01-13T15:17:37","modified_gmt":"2026-01-13T14:17:37","slug":"totalproduksjon-konferanse","status":"publish","type":"page","link":"https:\/\/www-topparrangement.wp2.hcweb.dev\/en\/konferanse\/totalproduksjon-konferanse\/","title":{"rendered":"Total production conference"},"content":{"rendered":"\n<h1  data-animation-delay=\"\" data-animation-duration=\"1\">\n\t\t\t\t<\/h1>\n<h2>\n\t\t\tPlanlegger ditt firma en konferanse? Da er det viktig at alle detaljer er p\u00e5 plass. At det lydtekniske fungerer, logistikken flyter, at maten er sunn og smaksrik og at konferansen er engasjerende, motiverende og gir merverdi for gjestene.\t<\/h2>\n\t<p>Vi er din forlengende arm slik at du kan konsentrere deg om deres innhold. Vi tar oss av alle de andre elementene som gj\u00f8r at du kan bruke din tid p\u00e5 egne oppgaver til arrangementet.<\/p>\n\t<p>Vi blir gjerne med allerede fra i id\u00e9fasen og bist\u00e5r med anbefaling av arrangementssted og innhold, mens andre ganger blir vi koblet p\u00e5 seinere i prosessen. V\u00e5r anbefaling er at vi kobles p\u00e5 s\u00e5 tidlig i som mulig.<\/p>\n<figure data-animation-delay=\"0\" data-animation-duration=\"1\" itemscope itemtype=\"https:\/\/schema.org\/ImageObject\">\n\t\t\t\t<img decoding=\"async\" src=\"https:\/\/www-topparrangement.wp2.hcweb.dev\/wp-content\/uploads\/2019\/08\/Litt-mer-utydedelig-p\u00e5-person-3-og-4.jpg\" alt=\"Litt mer utydedelig p\u00e5 person 3 og 4\" height=\"504\" width=\"1026\" title=\"Litt mer utydedelig p\u00e5 person 3 og 4\" onerror=\"this.style.display='none'\" loading=\"lazy\" \/>\n\t<\/figure>\n\t<h3>Ved totalprodukasjon kan vi bl.a. levere:<\/h3>\n<ul>\n<li>Anbefalinger av hoteller og andre lokasjoner til konferansen<\/li>\n<li>Eksterne foredragsholdere<\/li>\n<li>P\u00e5melding og registrering<\/li>\n<li>Teknisk leveranse: Lyd, lys, scene og teknsik crew<\/li>\n<li>AV og kameraproduksjon<\/li>\n<li>Oppsett av detaljerte kj\u00f8replaner \/ dagsplaner<\/li>\n<li>Prosjektleder og \u00f8vrig crew for gjennomf\u00f8ring av selve konferansen<\/li>\n<li>Forslag til underholdning og kunstneriske innslag i l\u00f8pet av konferansen.<\/li>\n<\/ul>\n<p>Vi bist\u00e5r f\u00f8r og under arrangementet slik at du kan konsentrere deg om ditt interne faglige innhold, samt bruke tiden deres p\u00e5 deltakere og gjester.<\/p>\n<p>Andre ganger levere vi kun deler av arrangementet som de tekniske produksjonen, eksterne foredragsholdere eller underholdningen om dere skal ha en konferansemiddag.<\/p>\n\t\t\t<h3>Send Foresp\u00f8rsel<\/h3>\n    <form id=\"wpforms-form-9135\" data-formid=\"9135\" method=\"post\" enctype=\"multipart\/form-data\" action=\"\/?page_id=11404&#038;fl_builder\" data-token=\"cc9bce863ae2ddfa09225031352f7e57\" data-token-time=\"1768313857\">Generelt kontaktskjemaPlease enable JavaScript in your browser to complete this form.<label for=\"wpforms-9135-field_6\">Navn *<\/label><input type=\"text\" id=\"wpforms-9135-field_6\" name=\"wpforms[fields][6]\" placeholder=\"Ditt navn\" required\/><label for=\"wpforms-9135-field_2\">E-post *<\/label><input type=\"email\" id=\"wpforms-9135-field_2\" name=\"wpforms[fields][2]\" placeholder=\"Deres e-post\" spellcheck=\"false\" required\/><label for=\"wpforms-9135-field_3\">Telefon  *<\/label><input type=\"number\" id=\"wpforms-9135-field_3\" name=\"wpforms[fields][3]\" placeholder=\"Ditt telefonnummer\" step=\"any\" required\/><label for=\"wpforms-9135-field_1\">Firma \/ avdeling<\/label><input type=\"text\" id=\"wpforms-9135-field_1\" name=\"wpforms[fields][1]\" placeholder=\"Skriv inn hvilket firma \/ avdeling det gjelder\"\/><label for=\"wpforms-9135-field_5\">Dato \/ sted<\/label><input type=\"text\" id=\"wpforms-9135-field_5\" name=\"wpforms[fields][5]\" placeholder=\"Fyll ut tid og sted for arragmenet\"\/><label for=\"wpforms-9135-field_7\">Melding<\/label><textarea id=\"wpforms-9135-field_7\" name=\"wpforms[fields][7]\" placeholder=\"Hva kan vi hjelpe deg med?\"><\/textarea><!-- .wpforms-field-container --><input type=\"hidden\" name=\"wpforms[recaptcha]\" value=\"\"\/><input type=\"hidden\" name=\"wpforms[id]\" value=\"9135\"\/>\t\t\t<input type=\"hidden\"\n\t\t\t\tname=\"wpforms[nonce]\"\n\t\t\t\tvalue=\"38586e5e40\"\n\t\t\t\/>\n\t\t\t<input type=\"hidden\" name=\"page_title\" value=\"Totalproduksjon konferanse\"\/><input type=\"hidden\" name=\"page_url\" value=\"https:\/\/www-topparrangement.wp2.hcweb.dev\/?page_id=11404&#038;fl_builder\"\/><input type=\"hidden\" name=\"url_referer\" value=\"\"\/><input type=\"hidden\" name=\"page_id\" value=\"11404\"\/><input type=\"hidden\" name=\"wpforms[post_id]\" value=\"11404\"\/><button type=\"submit\" name=\"wpforms[submit]\" id=\"wpforms-submit-9135\" data-alt-text=\"Sender...\" data-submit-text=\"Send\" aria-live=\"assertive\" value=\"wpforms-submit\">Send<\/button><\/form>  <!-- .wpforms-container -->\n<figure data-animation-delay=\"0\" data-animation-duration=\"1\" itemscope itemtype=\"https:\/\/schema.org\/ImageObject\">\n\t\t\t\t<img decoding=\"async\" src=\"https:\/\/www-topparrangement.wp2.hcweb.dev\/wp-content\/uploads\/2021\/01\/iStock-511305456.jpg\" alt=\"Foredragsholdere\" height=\"1414\" width=\"2119\" title=\"Foredragsholdere\" onerror=\"this.style.display='none'\" loading=\"lazy\" \/>\n\t<\/figure>\n\t<p>Ta <a href=\"https:\/\/www-topparrangement.wp2.hcweb.dev\/kontakt\/\">kontakt<\/a> for en prat og vi skreddersyr deretter et uforpliktet konsept tilbud til deg og ditt firma. I samarbeid med deg skaper vi magi p\u00e5 deres neste arrangement!<\/p>\n\t<p>Ring oss p\u00e5 <a href=\"tel:90501418\">90 50 14 18<\/a>. \u00a0 E-post: <a href=\"mailto:post@topparrangement.no\">post@topparrangement.no<\/a><\/p>\n\n","protected":false},"excerpt":{"rendered":"<p>Planlegger ditt firma en konferanse? Da er det viktig at alle detaljer er p\u00e5 plass. At det lydtekniske fungerer, logistikken flyter, at maten er sunn og smaksrik og at konferansen er engasjerende, motiverende og gir merverdi for gjestene. Vi er din forlengende arm slik at du kan konsentrere deg om deres innhold. Vi tar oss&hellip;<\/p>","protected":false},"author":1,"featured_media":8084,"parent":5834,"menu_order":52,"comment_status":"closed","ping_status":"closed","template":"","meta":{"_acf_changed":false,"footnotes":""},"class_list":["post-11404","page","type-page","status-publish","has-post-thumbnail","hentry"],"acf":[],"_links":{"self":[{"href":"https:\/\/www-topparrangement.wp2.hcweb.dev\/en\/wp-json\/wp\/v2\/pages\/11404","targetHints":{"allow":["GET"]}}],"collection":[{"href":"https:\/\/www-topparrangement.wp2.hcweb.dev\/en\/wp-json\/wp\/v2\/pages"}],"about":[{"href":"https:\/\/www-topparrangement.wp2.hcweb.dev\/en\/wp-json\/wp\/v2\/types\/page"}],"author":[{"embeddable":true,"href":"https:\/\/www-topparrangement.wp2.hcweb.dev\/en\/wp-json\/wp\/v2\/users\/1"}],"replies":[{"embeddable":true,"href":"https:\/\/www-topparrangement.wp2.hcweb.dev\/en\/wp-json\/wp\/v2\/comments?post=11404"}],"version-history":[{"count":4,"href":"https:\/\/www-topparrangement.wp2.hcweb.dev\/en\/wp-json\/wp\/v2\/pages\/11404\/revisions"}],"predecessor-version":[{"id":13174,"href":"https:\/\/www-topparrangement.wp2.hcweb.dev\/en\/wp-json\/wp\/v2\/pages\/11404\/revisions\/13174"}],"up":[{"embeddable":true,"href":"https:\/\/www-topparrangement.wp2.hcweb.dev\/en\/wp-json\/wp\/v2\/pages\/5834"}],"wp:featuredmedia":[{"embeddable":true,"href":"https:\/\/www-topparrangement.wp2.hcweb.dev\/en\/wp-json\/wp\/v2\/media\/8084"}],"wp:attachment":[{"href":"https:\/\/www-topparrangement.wp2.hcweb.dev\/en\/wp-json\/wp\/v2\/media?parent=11404"}],"curies":[{"name":"wp","href":"https:\/\/api.w.org\/{rel}","templated":true}]}}