{"id":11377,"date":"2023-08-15T12:48:53","date_gmt":"2023-08-15T10:48:53","guid":{"rendered":"https:\/\/www-topparrangement.wp2.hcweb.dev\/?page_id=11377"},"modified":"2026-01-13T15:23:44","modified_gmt":"2026-01-13T14:23:44","slug":"kveldsunderholdning","status":"publish","type":"page","link":"https:\/\/www-topparrangement.wp2.hcweb.dev\/en\/konferanse\/kveldsunderholdning\/","title":{"rendered":"Evening entertainment"},"content":{"rendered":"\n\n\t<p>Etter en vellykket og produktiv dag p\u00e5 konferansen, st\u00e5r ofte god mat, drikke og underholdning p\u00e5 agendaen. Vi tilbyr et bredt spekter av komikere, artister, livemusikk og underholdningskonsepter som kan tilpasses din konferansemiddag. Uansett om du \u00f8nsker et lite humorinnslag, en musikkopptreden eller en spektakul\u00e6r begivenhet, er vi klare til \u00e5 skreddersy forslag som m\u00f8ter dine \u00f8nsker, behov og budsjett.<\/p>\n<figure itemscope itemtype=\"https:\/\/schema.org\/ImageObject\">\n\t\t\t\t<img decoding=\"async\" src=\"https:\/\/www-topparrangement.wp2.hcweb.dev\/wp-content\/uploads\/2020\/05\/Quality-Edvard-Grieg-Juleshow-44-of-160-scaled.jpg\" alt=\"www.topparrangement.no\" height=\"1707\" width=\"2560\" title=\"Hans Morten Hansen\" onerror=\"this.style.display='none'\" loading=\"lazy\" \/>\n\t<\/figure>\n\t<h2>Komikere<\/h2>\n<p>Vi formidler b\u00e5de lokale og nasjonale komikere og entertainere, de fleste kan ogs\u00e5 benyttes som konferansier.<\/p>\n<p><a href=\"https:\/\/www-topparrangement.wp2.hcweb.dev\/kategori\/artistformidling\/komikere\/\">Se forslag til komikere &amp; entertainere her.<\/a><\/p>\n\t<h2>Artister<\/h2>\n<p>Dersom man \u00f8nsker en musikalsk opplevelse etter konferansen, finnes det mange muligheter \u00e5 velge blant. Enten det dreier seg om musikalske godbiter som akkompagnerer m\u00e5ltidet eller en minikonsert, vil dette alltid skape en god stemning under m\u00e5ltidet. Vi tilbyr alt fra stemningsfulle musikalske innslag som gir g\u00e5sehud til mer energiske og eksplosive musikkopplevelser.<\/p>\n<p><a href=\"https:\/\/www-topparrangement.wp2.hcweb.dev\/kategori\/artistformidling\/artister\/\">Se forslag til artister her<\/a><\/p>\n<figure itemscope itemtype=\"https:\/\/schema.org\/ImageObject\">\n\t\t\t\t<img decoding=\"async\" src=\"https:\/\/www-topparrangement.wp2.hcweb.dev\/wp-content\/uploads\/2020\/05\/Quality-Edvard-Grieg-Juleshow-76-of-160-scaled.jpg\" alt=\"www.topparrangement.no\" height=\"1707\" width=\"2560\" title=\"Tone Damli\" onerror=\"this.style.display='none'\" loading=\"lazy\" \/>\n\t<\/figure>\n<figure itemscope itemtype=\"https:\/\/schema.org\/ImageObject\">\n\t\t\t\t<img decoding=\"async\" src=\"https:\/\/www-topparrangement.wp2.hcweb.dev\/wp-content\/uploads\/2020\/05\/Quality-Edvard-Grieg-Juleshow-92-of-160-scaled.jpg\" alt=\"www.topparrangement.no\" height=\"1707\" width=\"2560\" title=\"DJ\" onerror=\"this.style.display='none'\" loading=\"lazy\" \/>\n\t<\/figure>\n\t<h2>Konsepter<\/h2>\n<p>Om man \u00f8nsker \u00e5 tilf\u00f8re kvelden det lille ekstra, anbefaler vi et spennende dinnershow med talentfulle dansere og vokalister som setter farge p\u00e5 kvelden mellom rettene. En stadig mer popul\u00e6r trend innen event-markedet er \u00e5 kombinere DJ med ulike instrumenter som saksofon, fiolin og vokalister.<\/p>\n<p><a href=\"http:\/\/topparrangement.no\/kategori\/artistformidling\/underholdningskonsept\/\" target=\"_blank\" rel=\"noopener\">Se forslag til konsepter her.<\/a><\/p>\n\t<h2>Livemusikk<\/h2>\n<p>Selv om det eventuelt er en ny dag p\u00e5 konferanse dagen etter, ser vi at mange \u00f8nsker \u00e5 avslutte kvelden med livemusikk etter at desserten er ryddet inn, slik at de som \u00f8nsker \u00e5 sosialisere, har muligheten til dette. Enten man foretrekker en rolig loungestemning i \u00e9n time eller to med DJ, eller \u00f8nsker \u00e5 bli underholdt med partymusikk av en trubadur eller et band, har vi en rekke forslag tilgjengelig i v\u00e5r portef\u00f8lje.<\/p>\n<p><a href=\"https:\/\/www-topparrangement.wp2.hcweb.dev\/kategori\/artistformidling\/band-og-dj\/\">Se forslag til livemusikk her.<\/a><\/p>\n<figure itemscope itemtype=\"https:\/\/schema.org\/ImageObject\">\n\t\t\t\t<img decoding=\"async\" src=\"https:\/\/www-topparrangement.wp2.hcweb.dev\/wp-content\/uploads\/2020\/05\/Quality-Edvard-Grieg-Juleshow-124-of-160-scaled.jpg\" alt=\"Quality Edvard Grieg Juleshow (124 of 160)\" height=\"1707\" width=\"2560\" title=\"Quality Edvard Grieg Juleshow (124 of 160)\" onerror=\"this.style.display='none'\" loading=\"lazy\" \/>\n\t<\/figure>\n\t\t\t<h3>Send Foresp\u00f8rsel<\/h3>\n    <form id=\"wpforms-form-9135\" data-formid=\"9135\" method=\"post\" enctype=\"multipart\/form-data\" action=\"\/?page_id=11377&#038;fl_builder\" data-token=\"cc9bce863ae2ddfa09225031352f7e57\" data-token-time=\"1768314223\">Generelt kontaktskjemaPlease enable JavaScript in your browser to complete this form.<label for=\"wpforms-9135-field_6\">Navn *<\/label><input type=\"text\" id=\"wpforms-9135-field_6\" name=\"wpforms[fields][6]\" placeholder=\"Ditt navn\" required\/><label for=\"wpforms-9135-field_2\">E-post *<\/label><input type=\"email\" id=\"wpforms-9135-field_2\" name=\"wpforms[fields][2]\" placeholder=\"Deres e-post\" spellcheck=\"false\" required\/><label for=\"wpforms-9135-field_3\">Telefon  *<\/label><input type=\"number\" id=\"wpforms-9135-field_3\" name=\"wpforms[fields][3]\" placeholder=\"Ditt telefonnummer\" step=\"any\" required\/><label for=\"wpforms-9135-field_1\">Firma \/ avdeling<\/label><input type=\"text\" id=\"wpforms-9135-field_1\" name=\"wpforms[fields][1]\" placeholder=\"Skriv inn hvilket firma \/ avdeling det gjelder\"\/><label for=\"wpforms-9135-field_5\">Dato \/ sted<\/label><input type=\"text\" id=\"wpforms-9135-field_5\" name=\"wpforms[fields][5]\" placeholder=\"Fyll ut tid og sted for arragmenet\"\/><label for=\"wpforms-9135-field_7\">Melding<\/label><textarea id=\"wpforms-9135-field_7\" name=\"wpforms[fields][7]\" placeholder=\"Hva kan vi hjelpe deg med?\"><\/textarea><!-- .wpforms-field-container --><input type=\"hidden\" name=\"wpforms[recaptcha]\" value=\"\"\/><input type=\"hidden\" name=\"wpforms[id]\" value=\"9135\"\/>\t\t\t<input type=\"hidden\"\n\t\t\t\tname=\"wpforms[nonce]\"\n\t\t\t\tvalue=\"38586e5e40\"\n\t\t\t\/>\n\t\t\t<input type=\"hidden\" name=\"page_title\" value=\"Kveldsunderholdning\"\/><input type=\"hidden\" name=\"page_url\" value=\"https:\/\/www-topparrangement.wp2.hcweb.dev\/?page_id=11377&#038;fl_builder\"\/><input type=\"hidden\" name=\"url_referer\" value=\"\"\/><input type=\"hidden\" name=\"page_id\" value=\"11377\"\/><input type=\"hidden\" name=\"wpforms[post_id]\" value=\"11377\"\/><button type=\"submit\" name=\"wpforms[submit]\" id=\"wpforms-submit-9135\" data-alt-text=\"Sender...\" data-submit-text=\"Send\" aria-live=\"assertive\" value=\"wpforms-submit\">Send<\/button><\/form>  <!-- .wpforms-container -->\n<figure itemscope itemtype=\"https:\/\/schema.org\/ImageObject\">\n\t\t\t\t<img decoding=\"async\" src=\"https:\/\/www-topparrangement.wp2.hcweb.dev\/wp-content\/uploads\/2020\/05\/FAS0703.jpg\" alt=\"www.topparrangement.no\" height=\"1201\" width=\"1800\" title=\"Inger Lise Hope med dinnershow\" onerror=\"this.style.display='none'\" loading=\"lazy\" \/>\n\t<\/figure>\n\t<p>Ta <a href=\"https:\/\/www-topparrangement.wp2.hcweb.dev\/kontakt\/\">kontakt<\/a> for en prat og vi skreddersyr deretter et uforpliktet konsept tilbud til deg og ditt firma. I samarbeid med deg skaper vi magi p\u00e5 deres neste arrangement!<\/p>\n\t<p>Ring oss p\u00e5 <a href=\"tel:90501418\">90 50 14 18<\/a>. \u00a0 E-post: <a href=\"mailto:post@topparrangement.no\">post@topparrangement.no<\/a><\/p>\n\n","protected":false},"excerpt":{"rendered":"<p>Etter en vellykket og produktiv dag p\u00e5 konferansen, st\u00e5r ofte god mat, drikke og underholdning p\u00e5 agendaen. Vi tilbyr et bredt spekter av komikere, artister, livemusikk og underholdningskonsepter som kan tilpasses din konferansemiddag. Uansett om du \u00f8nsker et lite humorinnslag, en musikkopptreden eller en spektakul\u00e6r begivenhet, er vi klare til \u00e5 skreddersy forslag som m\u00f8ter&hellip;<\/p>","protected":false},"author":1,"featured_media":0,"parent":5834,"menu_order":43,"comment_status":"closed","ping_status":"closed","template":"","meta":{"_acf_changed":false,"footnotes":""},"class_list":["post-11377","page","type-page","status-publish","hentry"],"acf":[],"_links":{"self":[{"href":"https:\/\/www-topparrangement.wp2.hcweb.dev\/en\/wp-json\/wp\/v2\/pages\/11377","targetHints":{"allow":["GET"]}}],"collection":[{"href":"https:\/\/www-topparrangement.wp2.hcweb.dev\/en\/wp-json\/wp\/v2\/pages"}],"about":[{"href":"https:\/\/www-topparrangement.wp2.hcweb.dev\/en\/wp-json\/wp\/v2\/types\/page"}],"author":[{"embeddable":true,"href":"https:\/\/www-topparrangement.wp2.hcweb.dev\/en\/wp-json\/wp\/v2\/users\/1"}],"replies":[{"embeddable":true,"href":"https:\/\/www-topparrangement.wp2.hcweb.dev\/en\/wp-json\/wp\/v2\/comments?post=11377"}],"version-history":[{"count":5,"href":"https:\/\/www-topparrangement.wp2.hcweb.dev\/en\/wp-json\/wp\/v2\/pages\/11377\/revisions"}],"predecessor-version":[{"id":13178,"href":"https:\/\/www-topparrangement.wp2.hcweb.dev\/en\/wp-json\/wp\/v2\/pages\/11377\/revisions\/13178"}],"up":[{"embeddable":true,"href":"https:\/\/www-topparrangement.wp2.hcweb.dev\/en\/wp-json\/wp\/v2\/pages\/5834"}],"wp:attachment":[{"href":"https:\/\/www-topparrangement.wp2.hcweb.dev\/en\/wp-json\/wp\/v2\/media?parent=11377"}],"curies":[{"name":"wp","href":"https:\/\/api.w.org\/{rel}","templated":true}]}}