{"id":11375,"date":"2023-08-15T12:46:01","date_gmt":"2023-08-15T10:46:01","guid":{"rendered":"https:\/\/www-topparrangement.wp2.hcweb.dev\/?page_id=11375"},"modified":"2026-01-13T15:22:49","modified_gmt":"2026-01-13T14:22:49","slug":"digitale-verktoy","status":"publish","type":"page","link":"https:\/\/www-topparrangement.wp2.hcweb.dev\/en\/konferanse\/digitale-verktoy\/","title":{"rendered":"Digital tools"},"content":{"rendered":"\n\n\t<p>Med et digitalt p\u00e5meldingsskjema, og gjerne en eventapp under selve arrangementet skaper du en smidig og profesjonell opplevelse hele veien. Glem utdaterte PDF-invitasjoner, manuell e-postutsendelse og tidkrevende Excel-lister.<\/p>\n\t\t\t<a href=\"#digitalpamelding\"  target=\"_self\">\n\t\t\t\t\t\t\tDigital p\u00e5medling\n\t\t\t\t\t<\/a>\n\t\t\t<a href=\"#eventapp\"  target=\"_self\">\n\t\t\t\t\t\t\tEvent app\n\t\t\t\t\t<\/a>\n<figure itemscope itemtype=\"https:\/\/schema.org\/ImageObject\">\n\t\t\t\t<img decoding=\"async\" src=\"https:\/\/www-topparrangement.wp2.hcweb.dev\/wp-content\/uploads\/2025\/08\/Tappin_App-.png\" alt=\"Tappin_App\" height=\"1080\" width=\"1080\" title=\"Tappin_App\" onerror=\"this.style.display='none'\" loading=\"lazy\" \/>\n\t<\/figure>\n\t<h2>Digital p\u00e5melding<\/h2>\n<p>Vi designer og sender ut en profesjonell, digital p\u00e5melding som gir deltakerne en enkel og fleksibel registreringsopplevelse.<\/p>\n<p><a href=\"#kontaktskjema\">Ta kontakt for priser og demonstrasjon av l\u00f8sningen.<\/a><\/p>\n<h3>Basispakke inkluderer:<\/h3>\n<ul>\n<li><strong>Tekstinnhold<\/strong>: Tittel og eventuell undertekst for arrangementet<\/li>\n<li><strong>Design<\/strong>: Tilpasset bilde, logo og fargeprofil<\/li>\n<li><strong>Registreringsfelter<\/strong>: Navn, telefon, e-post og avdeling<\/li>\n<li><strong>Allergier<\/strong>: Eget felt for registrering av matallergier<\/li>\n<li><strong>Nedtreksmeny<\/strong>: Som ledsagerledsager, aktivitetsvalg m.m.<\/li>\n<li><strong>Overnatting<\/strong>: P\u00e5melding til eventuell overnatting.<\/li>\n<\/ul>\n<strong>Tilleggstjenester<\/strong>:<br \/>\n&#8211; SMS til deltagere<br \/>\n&#8211; Registrering via QR kode<br \/>\n&#8211; Navnelapper\n<p>&nbsp;<\/p>\n\t<h2>Hele eventet samlet p\u00e5 ett sted<\/h2>\n<p>Topp Arrangement har inng\u00e5tt samarbeid med <a href=\"https:\/\/tappin.no\/\" target=\"_blank\" rel=\"noopener\">Tappin<\/a> &#8211; en ledende leverand\u00f8r av digitale l\u00f8sninger for arrangementer. Med Tappin f\u00e5r du alt du trenger for \u00e5 skape engasjerende og profesjonelle eventer, uansett st\u00f8rrelse eller type. Systemet passer like godt for sm\u00e5, mellomstore og store arrangementer, og gir deg full kontroll fra planlegging til gjennomf\u00f8ring.<\/p>\n<figure itemscope itemtype=\"https:\/\/schema.org\/ImageObject\">\n\t\t\t\t<img decoding=\"async\" src=\"https:\/\/www-topparrangement.wp2.hcweb.dev\/wp-content\/uploads\/2025\/08\/Tappin-Event-Solution-3.jpg.png\" alt=\"Tappin Event Solution 3.jpg\" height=\"620\" width=\"930\" title=\"Tappin Event Solution 3.jpg\" onerror=\"this.style.display='none'\" loading=\"lazy\" \/>\n\t<\/figure>\n\t<h2>Eventapp<\/h2>\n<p>Mobilapp`en er designet for \u00e5 hjelpe deltakerne med \u00e5 f\u00e5 tilgang til informasjon under arrangementet og inneholder en rekke funksjoner som forbedrer opplevelsen.<\/p>\n<p><a href=\"#kontaktskjema\">Ta kontakt for priser og en demonstrasjon av l\u00f8sningen.<\/a><\/p>\n<h3>Basispakke inkluderer:<\/h3>\n<ul>\n<li><strong>Kort om arrangementet:<\/strong> Introduksjon og form\u00e5l<\/li>\n<li><strong>Praktisk informasjon:<\/strong> Agenda\/program med tidsplan<\/li>\n<li><strong>Foredragsholdere:<\/strong> Presentasjon av inntil 10 foredragsholdere med bilde og beskrivelse<\/li>\n<li><strong>Stedsinformasjon<\/strong>: Adresse og integrert kart til arrangementsstedet<\/li>\n<li><strong>Deltakerliste:<\/strong> Synlig liste med chattefunksjon deltakerne imellom<\/li>\n<li><strong>Felles chat:<\/strong> Deltakerne kan dele bilder, meldinger og inntrykk fra dagen<br \/>\n<strong>Evaluering:<\/strong> Digital tilbakemelding med opptil 5 sp\u00f8rsm\u00e5l<\/li>\n<\/ul>\n<strong>Tilleggstjenester:<\/strong><br \/>\n&#8211; Utstiller og sponsor modul<br \/>\n&#8211; Sp\u00f8rsm\u00e5l fra sal til scene<br \/>\n&#8211; Meningsm\u00e5ling\/<br \/>\n&#8211; Quiz<br \/>\n&#8211; Kommunikasjon: (mail og sms)<br \/>\n&#8211; Utvidelse av evalueringen med flere sp\u00f8rsm\u00e5l\n\t\t\t<h3>Send Foresp\u00f8rsel<\/h3>\n    <form id=\"wpforms-form-9135\" data-formid=\"9135\" method=\"post\" enctype=\"multipart\/form-data\" action=\"\/?page_id=11375&#038;fl_builder\" data-token=\"cc9bce863ae2ddfa09225031352f7e57\" data-token-time=\"1768314168\">Generelt kontaktskjemaPlease enable JavaScript in your browser to complete this form.<label for=\"wpforms-9135-field_6\">Navn *<\/label><input type=\"text\" id=\"wpforms-9135-field_6\" name=\"wpforms[fields][6]\" placeholder=\"Ditt navn\" required\/><label for=\"wpforms-9135-field_2\">E-post *<\/label><input type=\"email\" id=\"wpforms-9135-field_2\" name=\"wpforms[fields][2]\" placeholder=\"Deres e-post\" spellcheck=\"false\" required\/><label for=\"wpforms-9135-field_3\">Telefon  *<\/label><input type=\"number\" id=\"wpforms-9135-field_3\" name=\"wpforms[fields][3]\" placeholder=\"Ditt telefonnummer\" step=\"any\" required\/><label for=\"wpforms-9135-field_1\">Firma \/ avdeling<\/label><input type=\"text\" id=\"wpforms-9135-field_1\" name=\"wpforms[fields][1]\" placeholder=\"Skriv inn hvilket firma \/ avdeling det gjelder\"\/><label for=\"wpforms-9135-field_5\">Dato \/ sted<\/label><input type=\"text\" id=\"wpforms-9135-field_5\" name=\"wpforms[fields][5]\" placeholder=\"Fyll ut tid og sted for arragmenet\"\/><label for=\"wpforms-9135-field_7\">Melding<\/label><textarea id=\"wpforms-9135-field_7\" name=\"wpforms[fields][7]\" placeholder=\"Hva kan vi hjelpe deg med?\"><\/textarea><!-- .wpforms-field-container --><input type=\"hidden\" name=\"wpforms[recaptcha]\" value=\"\"\/><input type=\"hidden\" name=\"wpforms[id]\" value=\"9135\"\/>\t\t\t<input type=\"hidden\"\n\t\t\t\tname=\"wpforms[nonce]\"\n\t\t\t\tvalue=\"38586e5e40\"\n\t\t\t\/>\n\t\t\t<input type=\"hidden\" name=\"page_title\" value=\"Digitale verkt\u00f8y\"\/><input type=\"hidden\" name=\"page_url\" value=\"https:\/\/www-topparrangement.wp2.hcweb.dev\/?page_id=11375&#038;fl_builder\"\/><input type=\"hidden\" name=\"url_referer\" value=\"\"\/><input type=\"hidden\" name=\"page_id\" value=\"11375\"\/><input type=\"hidden\" name=\"wpforms[post_id]\" value=\"11375\"\/><button type=\"submit\" name=\"wpforms[submit]\" id=\"wpforms-submit-9135\" data-alt-text=\"Sender...\" data-submit-text=\"Send\" aria-live=\"assertive\" value=\"wpforms-submit\">Send<\/button><\/form>  <!-- .wpforms-container -->\n<figure itemscope itemtype=\"https:\/\/schema.org\/ImageObject\">\n\t\t\t\t<img decoding=\"async\" src=\"https:\/\/www-topparrangement.wp2.hcweb.dev\/wp-content\/uploads\/2025\/08\/QR-scanning-1.jpg\" alt=\"QR scanning 1\" height=\"700\" width=\"600\" title=\"QR scanning 1\" onerror=\"this.style.display='none'\" loading=\"lazy\" \/>\n\t<\/figure>\n\t<p>Ta <a href=\"https:\/\/www-topparrangement.wp2.hcweb.dev\/kontakt\/\">kontakt<\/a> for en prat og vi skreddersyr deretter et uforpliktet konsept tilbud til deg og ditt firma. I samarbeid med deg skaper vi magi p\u00e5 deres neste arrangement!<\/p>\n\t<p>Ring oss p\u00e5 <a href=\"tel:90501418\">90 50 14 18<\/a>. \u00a0 E-post: <a href=\"mailto:post@topparrangement.no\">post@topparrangement.no<\/a><\/p>\n\n","protected":false},"excerpt":{"rendered":"<p>Med et digitalt p\u00e5meldingsskjema, og gjerne en eventapp under selve arrangementet skaper du en smidig og profesjonell opplevelse hele veien. Glem utdaterte PDF-invitasjoner, manuell e-postutsendelse og tidkrevende Excel-lister. Digital p\u00e5medling Event app Digital p\u00e5melding Vi designer og sender ut en profesjonell, digital p\u00e5melding som gir deltakerne en enkel og fleksibel registreringsopplevelse. Ta kontakt for priser&hellip;<\/p>","protected":false},"author":1,"featured_media":12549,"parent":5834,"menu_order":41,"comment_status":"closed","ping_status":"closed","template":"","meta":{"_acf_changed":false,"footnotes":""},"class_list":["post-11375","page","type-page","status-publish","has-post-thumbnail","hentry"],"acf":[],"_links":{"self":[{"href":"https:\/\/www-topparrangement.wp2.hcweb.dev\/en\/wp-json\/wp\/v2\/pages\/11375","targetHints":{"allow":["GET"]}}],"collection":[{"href":"https:\/\/www-topparrangement.wp2.hcweb.dev\/en\/wp-json\/wp\/v2\/pages"}],"about":[{"href":"https:\/\/www-topparrangement.wp2.hcweb.dev\/en\/wp-json\/wp\/v2\/types\/page"}],"author":[{"embeddable":true,"href":"https:\/\/www-topparrangement.wp2.hcweb.dev\/en\/wp-json\/wp\/v2\/users\/1"}],"replies":[{"embeddable":true,"href":"https:\/\/www-topparrangement.wp2.hcweb.dev\/en\/wp-json\/wp\/v2\/comments?post=11375"}],"version-history":[{"count":11,"href":"https:\/\/www-topparrangement.wp2.hcweb.dev\/en\/wp-json\/wp\/v2\/pages\/11375\/revisions"}],"predecessor-version":[{"id":13177,"href":"https:\/\/www-topparrangement.wp2.hcweb.dev\/en\/wp-json\/wp\/v2\/pages\/11375\/revisions\/13177"}],"up":[{"embeddable":true,"href":"https:\/\/www-topparrangement.wp2.hcweb.dev\/en\/wp-json\/wp\/v2\/pages\/5834"}],"wp:featuredmedia":[{"embeddable":true,"href":"https:\/\/www-topparrangement.wp2.hcweb.dev\/en\/wp-json\/wp\/v2\/media\/12549"}],"wp:attachment":[{"href":"https:\/\/www-topparrangement.wp2.hcweb.dev\/en\/wp-json\/wp\/v2\/media?parent=11375"}],"curies":[{"name":"wp","href":"https:\/\/api.w.org\/{rel}","templated":true}]}}